{"id":542,"date":"2024-04-26T09:16:37","date_gmt":"2024-04-26T09:16:37","guid":{"rendered":"https:\/\/colegiosangabriel.es\/?page_id=542"},"modified":"2024-08-11T09:27:21","modified_gmt":"2024-08-11T09:27:21","slug":"catedra-cajaviva-instituto-de-comercio-exterior-cyl-icecyl","status":"publish","type":"page","link":"https:\/\/colegiosangabriel.es\/en\/catedra-cajaviva-instituto-de-comercio-exterior-cyl-icecyl\/","title":{"rendered":"C\u00c1TEDRA CAJAVIVA &#8211; INSTITUTO DE COMERCIO EXTERIOR CYL-ICECYL"},"content":{"rendered":"<div data-elementor-type=\"wp-page\" data-elementor-id=\"542\" class=\"elementor elementor-542\">\n\t\t\t\t\t\t<section class=\"elementor-section elementor-top-section elementor-element elementor-element-52f0626b elementor-section-height-min-height elementor-section-boxed elementor-section-height-default elementor-section-items-middle\" data-id=\"52f0626b\" data-element_type=\"section\" data-e-type=\"section\" data-settings=\"{&quot;background_background&quot;:&quot;classic&quot;}\">\n\t\t\t\t\t\t\t<div class=\"elementor-background-overlay\"><\/div>\n\t\t\t\t\t\t\t<div class=\"elementor-container elementor-column-gap-default\">\n\t\t\t\t\t<div class=\"elementor-column elementor-col-100 elementor-top-column elementor-element elementor-element-3c2f3ab\" data-id=\"3c2f3ab\" data-element_type=\"column\" data-e-type=\"column\">\n\t\t\t<div class=\"elementor-widget-wrap elementor-element-populated\">\n\t\t\t\t\t\t<div class=\"elementor-element elementor-element-1ccec249 elementor-widget elementor-widget-elementskit-heading\" data-id=\"1ccec249\" data-element_type=\"widget\" data-e-type=\"widget\" data-widget_type=\"elementskit-heading.default\">\n\t\t\t\t<div class=\"elementor-widget-container\">\n\t\t\t\t\t<div class=\"ekit-wid-con\" ><div class=\"ekit-heading elementskit-section-title-wraper text_center   ekit_heading_tablet-   ekit_heading_mobile-\"><h2 class=\"ekit-heading--title elementskit-section-title\">C\u00e1tedra Cajaviva Iniciativa Emprendedora. Instituto de Comercio Exterior de Castilla y Le\u00f3n ICECYL<\/h2><\/div><\/div>\t\t\t\t<\/div>\n\t\t\t\t<\/div>\n\t\t\t\t\t<\/div>\n\t\t<\/div>\n\t\t\t\t\t<\/div>\n\t\t<\/section>\n\t\t\t\t<section class=\"elementor-section elementor-top-section elementor-element elementor-element-226d5d59 elementor-section-boxed elementor-section-height-default elementor-section-height-default\" data-id=\"226d5d59\" data-element_type=\"section\" data-e-type=\"section\">\n\t\t\t\t\t\t<div class=\"elementor-container elementor-column-gap-default\">\n\t\t\t\t\t<div class=\"elementor-column elementor-col-66 elementor-top-column elementor-element elementor-element-165b808c\" data-id=\"165b808c\" data-element_type=\"column\" data-e-type=\"column\">\n\t\t\t<div class=\"elementor-widget-wrap elementor-element-populated\">\n\t\t\t\t\t\t<div class=\"elementor-element elementor-element-11112d6f elementor-invisible elementor-widget elementor-widget-heading\" data-id=\"11112d6f\" data-element_type=\"widget\" data-e-type=\"widget\" data-settings=\"{&quot;_animation&quot;:&quot;fadeInLeft&quot;}\" data-widget_type=\"heading.default\">\n\t\t\t\t<div class=\"elementor-widget-container\">\n\t\t\t\t\t<h2 class=\"elementor-heading-title elementor-size-default\">M\u00e1ster Profesional en Comercio Exterior en la Industria Agroalimentaria\n<\/h2>\t\t\t\t<\/div>\n\t\t\t\t<\/div>\n\t\t\t\t<div class=\"elementor-element elementor-element-3f65da25 elementor-widget elementor-widget-text-editor\" data-id=\"3f65da25\" data-element_type=\"widget\" data-e-type=\"widget\" data-widget_type=\"text-editor.default\">\n\t\t\t\t<div class=\"elementor-widget-container\">\n\t\t\t\t\t\t\t\t\t<p>La industria agroalimentaria de Castilla y Le\u00f3n es la tercera m\u00e1s competitiva de Espa\u00f1a gracias a su elevada productividad, seg\u00fan un informe de Cajamar, que destaca tambi\u00e9n el avance de sus exportaci\u00f3n un 10,9 % en 2021 hasta los 2.716 millones de euros.<\/p><p>El sector agroalimentario de Castilla y Le\u00f3n es el quinto m\u00e1s grande de Espa\u00f1a. Con un peso en la econom\u00eda de 7.227 millones de euros en 2021, representa el 7,3 % del valor a\u00f1adido bruto (VAB) agroalimentario del pa\u00eds (incluidos el sector primario, la industria de la transformaci\u00f3n y la distribuci\u00f3n) y el 14,2 % del VAB de la regi\u00f3n. En cuanto al empleo, el agroalimentario genera 147.921 puestos de trabajo, lo que supone el 15,2 % del total del empleo de la econom\u00eda regional.<\/p><p>El CIFP San Gabriel junto con la Universidad a Distancia de Madrid (UDIMA) ponen en marcha el <span style=\"color: #000080;\"><a style=\"color: #000080;\" href=\"https:\/\/colegiosangabriel.es\/en\/imagenes\/auxiliar\/dossier_curso_comercioexterior_bajacalidad.pdf\/\"><strong>M\u00c1STER PROFESIONAL EN COMERCIO EXTERIOR EN LA INDUSTRIA AGROALIMENTARIA<\/strong><\/a><\/span>, un t\u00edtulo de\u00a0<strong>650 horas<\/strong>,\u00a0<strong>semipresencial<\/strong>\u00a0que comenzar\u00e1 en el mes de octubre de 2023.<\/p>\t\t\t\t\t\t\t\t<\/div>\n\t\t\t\t<\/div>\n\t\t\t\t<div class=\"elementor-element elementor-element-acc0cfb elementor-invisible elementor-widget elementor-widget-elementskit-accordion\" data-id=\"acc0cfb\" data-element_type=\"widget\" data-e-type=\"widget\" data-settings=\"{&quot;_animation&quot;:&quot;fadeInUp&quot;}\" data-widget_type=\"elementskit-accordion.default\">\n\t\t\t\t<div class=\"elementor-widget-container\">\n\t\t\t\t\t<div class=\"ekit-wid-con\" >\n        <div class=\"elementskit-accordion accoedion-primary\" id=\"accordion-69d6014037366\">\n\n            \n                <div class=\"elementskit-card active\">\n                    <div class=\"elementskit-card-header\" id=\"primaryHeading-0-acc0cfb\">\n                        <a href=\"#collapse-042b37869d6014037366\" class=\"ekit-accordion--toggler elementskit-btn-link collapsed\" data-ekit-toggle=\"collapse\" data-target=\"#Collapse-042b37869d6014037366\" aria-expanded=\"true\" aria-controls=\"Collapse-042b37869d6014037366\">\n                                                            <div class=\"ekit_accordion_icon_left_group\">\n                                    <div class=\"ekit_accordion_normal_icon\">\n                                        <!-- Normal Icon -->\n                                        <i class=\"mdi mdi-plus\"><\/i>                                    <\/div>\n\n                                    <div class=\"ekit_accordion_active_icon\">\n                                        <!-- Active Icon -->\n\t\t\t\t\t\t\t\t\t\t<i class=\"icofont icofont-minus\"><\/i>                                    <\/div>\n                                <\/div>\n\n                            \n                            <span class=\"ekit-accordion-title\">OBJETIVOS:<\/span>\n\n                            \n                                                    <\/a>\n                    <\/div>\n\n                    <div id=\"Collapse-042b37869d6014037366\" class=\"show collapse\" aria-labelledby=\"primaryHeading-0-acc0cfb\" data-parent=\"#accordion-69d6014037366\">\n\n                        <div class=\"elementskit-card-body ekit-accordion--content\">\n                            <ul><li>Formar especialistas en el comercio exterior de la industria agroalimentaria.<\/li><li>Dotar de una formaci\u00f3n complementaria especializada a titulados o profesionales del sector agroalimentario y \u00e1mbitos afines.<\/li><li>Facilitar a todas las personas con inter\u00e9s, sean profesionales o no del sector, el aprendizaje de los conocimientos fundamentales para poner en marcha un proceso de internacionalizaci\u00f3n.<\/li><li>Obtener un conocimiento global del Sector Agroalimentario.<\/li><li>Capacitar profesionales para liderar el proceso de internacionalizaci\u00f3n de una empresa del Sector Agroalimentario.<\/li><li>Formar profesionales que conozcan los principios y t\u00e9cnicas de la gesti\u00f3n de una empresa del Sector Agroalimentario en el contexto internacional, abarcando diferentes \u00e1mbitos, como son el jur\u00eddico, fiscal, tecnol\u00f3gico, marketing...<\/li><\/ul>                        <\/div>\n\n                    <\/div>\n\n                <\/div><!-- .elementskit-card END -->\n\n                \n                <div class=\"elementskit-card\">\n                    <div class=\"elementskit-card-header\" id=\"primaryHeading-1-acc0cfb\">\n                        <a href=\"#collapse-fcc8da469d6014037366\" class=\"ekit-accordion--toggler elementskit-btn-link collapsed\" data-ekit-toggle=\"collapse\" data-target=\"#Collapse-fcc8da469d6014037366\" aria-expanded=\"false\" aria-controls=\"Collapse-fcc8da469d6014037366\">\n                                                            <div class=\"ekit_accordion_icon_left_group\">\n                                    <div class=\"ekit_accordion_normal_icon\">\n                                        <!-- Normal Icon -->\n                                        <i class=\"mdi mdi-plus\"><\/i>                                    <\/div>\n\n                                    <div class=\"ekit_accordion_active_icon\">\n                                        <!-- Active Icon -->\n\t\t\t\t\t\t\t\t\t\t<i class=\"icofont icofont-minus\"><\/i>                                    <\/div>\n                                <\/div>\n\n                            \n                            <span class=\"ekit-accordion-title\">VA DIRIGIDO A:<\/span>\n\n                            \n                                                    <\/a>\n                    <\/div>\n\n                    <div id=\"Collapse-fcc8da469d6014037366\" class=\"collapse\" aria-labelledby=\"primaryHeading-1-acc0cfb\" data-parent=\"#accordion-69d6014037366\">\n\n                        <div class=\"elementskit-card-body ekit-accordion--content\">\n                            <ul><li>Diplomados o titulados universitarios superiores con vocaci\u00f3n internacional.<\/li><li>Posgraduados que deseen desarrollar su carrera profesional en el \u00e1mbito internacional en empresas del sector agroalimentario.<\/li><li>Profesionales del sector agroalimentario que deseen aprender el proceso de internacionalizaci\u00f3n de la empresa.<\/li><li>Emprendedores o empresarios interesados en la internacionalizaci\u00f3n de su empresa o que la hayan iniciado y necesiten reforzar su preparaci\u00f3n para ello.<\/li><li>Estudiantes vinculados al sector agroalimentario.\u00a0<\/li><\/ul>                        <\/div>\n\n                    <\/div>\n\n                <\/div><!-- .elementskit-card END -->\n\n                \n                <div class=\"elementskit-card\">\n                    <div class=\"elementskit-card-header\" id=\"primaryHeading-2-acc0cfb\">\n                        <a href=\"#collapse-247bb1b69d6014037366\" class=\"ekit-accordion--toggler elementskit-btn-link collapsed\" data-ekit-toggle=\"collapse\" data-target=\"#Collapse-247bb1b69d6014037366\" aria-expanded=\"false\" aria-controls=\"Collapse-247bb1b69d6014037366\">\n                                                            <div class=\"ekit_accordion_icon_left_group\">\n                                    <div class=\"ekit_accordion_normal_icon\">\n                                        <!-- Normal Icon -->\n                                        <i class=\"mdi mdi-plus\"><\/i>                                    <\/div>\n\n                                    <div class=\"ekit_accordion_active_icon\">\n                                        <!-- Active Icon -->\n\t\t\t\t\t\t\t\t\t\t<i class=\"icofont icofont-minus\"><\/i>                                    <\/div>\n                                <\/div>\n\n                            \n                            <span class=\"ekit-accordion-title\">CONTENIDOS:<\/span>\n\n                            \n                                                    <\/a>\n                    <\/div>\n\n                    <div id=\"Collapse-247bb1b69d6014037366\" class=\"collapse\" aria-labelledby=\"primaryHeading-2-acc0cfb\" data-parent=\"#accordion-69d6014037366\">\n\n                        <div class=\"elementskit-card-body ekit-accordion--content\">\n                            <p>Fundamentos del Comercio Exterior Agroalimentario (225 h)<\/p><ul><li>El sector agroalimentario.<\/li><li>Introducci\u00f3n al comercio exterior.<\/li><li>Situaci\u00f3n del entorno mundial. Grupos de mercados, tratados de libre comercio y acuerdos preferenciales con la Uni\u00f3n Europea.<\/li><li>Investigaci\u00f3n de mercados: c\u00f3mo buscar informaci\u00f3n y analizarla.<\/li><li>Como preparar la empresa para su proceso internacional. Autodiagn\u00f3stico operativo.<\/li><li>\u00a0<\/li><\/ul><p>Operaciones internacionales del Comercio Exterior (425 h)<\/p><ul><li>Incoterms 2020 ICC y otros sistemas<\/li><li>Log\u00edstica y organizaci\u00f3n del transporte<\/li><li>El seguro de mercanc\u00edas en el comercio internacional<\/li><li>Gesti\u00f3n aduanera<\/li><li>Fiscalidad internacional<\/li><li>\u00bfC\u00f3mo se debe preparar digitalmente la documentaci\u00f3n de un proceso intracomunitario y de comercio exterior en una compraventa<\/li><\/ul><p>Finanzas y entorno legal en el comercio internacional (225 h)<\/p><ul><li>Finanzas y contabilidad internacionales para no financieros<\/li><li>An\u00e1lisis de riesgos y medios de cobertura<\/li><li>Cobros y pagos internacionales<\/li><li>Financiaci\u00f3n a corto y largo plazo\u00a0<\/li><li>Costes y precios asociados<\/li><li>Licitaci\u00f3n y contrataci\u00f3n internacional<\/li><li>Legislaci\u00f3n internacional<\/li><\/ul><p>Ventas y comercializaci\u00f3n internacional (275 h)<\/p><ul><li>Marketing internacional<\/li><li>Marketing digital<\/li><li>Plan de exportaci\u00f3n<\/li><li>E-commerce, T\u00e9cnicas de Venta y Nevas herramientas de comercializaci\u00f3n<\/li><li>T\u00e9cnicas de venta<\/li><li>Nuevas herramientas de comercializaci\u00f3n<\/li><\/ul><p>Ingl\u00e9s profesional para comercio internacional (150 h)<\/p><ul><li>Documentaci\u00f3n en ingl\u00e9s<\/li><li>Terminolog\u00eda espec\u00edfica<\/li><\/ul><p>\u00a0<\/p><p>Proyecto fin de master TFM (200 h)<\/p>                        <\/div>\n\n                    <\/div>\n\n                <\/div><!-- .elementskit-card END -->\n\n                \n                <div class=\"elementskit-card\">\n                    <div class=\"elementskit-card-header\" id=\"primaryHeading-3-acc0cfb\">\n                        <a href=\"#collapse-a25f61e69d6014037366\" class=\"ekit-accordion--toggler elementskit-btn-link collapsed\" data-ekit-toggle=\"collapse\" data-target=\"#Collapse-a25f61e69d6014037366\" aria-expanded=\"false\" aria-controls=\"Collapse-a25f61e69d6014037366\">\n                                                            <div class=\"ekit_accordion_icon_left_group\">\n                                    <div class=\"ekit_accordion_normal_icon\">\n                                        <!-- Normal Icon -->\n                                        <i class=\"mdi mdi-plus\"><\/i>                                    <\/div>\n\n                                    <div class=\"ekit_accordion_active_icon\">\n                                        <!-- Active Icon -->\n\t\t\t\t\t\t\t\t\t\t<i class=\"icofont icofont-minus\"><\/i>                                    <\/div>\n                                <\/div>\n\n                            \n                            <span class=\"ekit-accordion-title\">MATR\u00cdCULA<\/span>\n\n                            \n                                                    <\/a>\n                    <\/div>\n\n                    <div id=\"Collapse-a25f61e69d6014037366\" class=\"collapse\" aria-labelledby=\"primaryHeading-3-acc0cfb\" data-parent=\"#accordion-69d6014037366\">\n\n                        <div class=\"elementskit-card-body ekit-accordion--content\">\n                            <p>Las tasas de matr\u00edcula ascienden a 1.850\u20ac. Se est\u00e1 negociando alg\u00fan tipo de apoyo\/beca por parte de la Consejer\u00eda de Agricultura, Ganader\u00eda y Desarrollo Rural de la Junta de Castilla y Le\u00f3n.\u00a0<\/p><p>Adem\u00e1s, la fundaci\u00f3n RIBSA, becar\u00e1 al finalizar el curso, a los 5 mejores expedientes siempre y cuando se cumpla el requisito de pertenecer a la provincia de Burgos y residir en municipios de menos de 2.000 habitantes.\u00a0<\/p><p><a href=\"https:\/\/docs.google.com\/forms\/d\/e\/1FAIpQLSdGjJttdK527SkOGSlT6Ll4J9yhVM_IAjU_KP2dgb-1h3zFfg\/viewform\"><strong>M\u00c1S INFORMACI\u00d3N<\/strong><\/a><\/p><p><strong>PLAZO DE INSCRIPCI\u00d3N:<\/strong>\u00a0Abierto hasta completar aforo.\u00a0<\/p><p><strong>INICIO<\/strong>: Octubre 2024<\/p><p><em><strong>ACCEDE AL FORMULARIO DE MATR\u00cdCULA<\/strong><\/em><strong>\u00a0<\/strong>en el siguiente<strong>\u00a0<\/strong><strong><a href=\"https:\/\/colegiosangabriel.es\/en\/imagenes\/auxiliar\/Hoja_matricula_ALUMNOS_EXTERNOS_Comercio_Ext_23_24(1).pdf\/\" target=\"_blank\" rel=\"noopener\">LINK<\/a><\/strong><\/p><p><a href=\"https:\/\/colegiosangabriel.es\/en\/imagenes\/auxiliar\/dossier_curso_comercioexterior_bajacalidad.pdf\/\"><strong><em>FOLLETO EXPLICATIVO<\/em><\/strong><\/a><\/p>                        <\/div>\n\n                    <\/div>\n\n                <\/div><!-- .elementskit-card END -->\n\n                                        <\/div>\n    <\/div>\t\t\t\t<\/div>\n\t\t\t\t<\/div>\n\t\t\t\t\t<\/div>\n\t\t<\/div>\n\t\t\t\t<div class=\"elementor-column elementor-col-33 elementor-top-column elementor-element elementor-element-762e1c4c\" data-id=\"762e1c4c\" data-element_type=\"column\" data-e-type=\"column\">\n\t\t\t<div class=\"elementor-widget-wrap elementor-element-populated\">\n\t\t\t\t\t\t<section class=\"elementor-section elementor-inner-section elementor-element elementor-element-4d0a343c elementor-section-boxed elementor-section-height-default elementor-section-height-default elementor-invisible\" data-id=\"4d0a343c\" data-element_type=\"section\" data-e-type=\"section\" data-settings=\"{&quot;animation&quot;:&quot;fadeInUp&quot;}\">\n\t\t\t\t\t\t<div class=\"elementor-container elementor-column-gap-default\">\n\t\t\t\t\t<div class=\"elementor-column elementor-col-100 elementor-inner-column elementor-element elementor-element-223fd40d\" data-id=\"223fd40d\" data-element_type=\"column\" data-e-type=\"column\" data-settings=\"{&quot;background_background&quot;:&quot;classic&quot;}\">\n\t\t\t<div class=\"elementor-widget-wrap elementor-element-populated\">\n\t\t\t\t\t<div class=\"elementor-background-overlay\"><\/div>\n\t\t\t\t\t\t<div class=\"elementor-element elementor-element-5f4d243f elementor-widget elementor-widget-heading\" data-id=\"5f4d243f\" data-element_type=\"widget\" data-e-type=\"widget\" data-widget_type=\"heading.default\">\n\t\t\t\t<div class=\"elementor-widget-container\">\n\t\t\t\t\t<h2 class=\"elementor-heading-title elementor-size-default\">Contact information<\/h2>\t\t\t\t<\/div>\n\t\t\t\t<\/div>\n\t\t\t\t<div class=\"elementor-element elementor-element-fd47265 elementor-icon-list--layout-traditional elementor-list-item-link-full_width elementor-widget elementor-widget-icon-list\" data-id=\"fd47265\" data-element_type=\"widget\" data-e-type=\"widget\" data-widget_type=\"icon-list.default\">\n\t\t\t\t<div class=\"elementor-widget-container\">\n\t\t\t\t\t\t\t<ul class=\"elementor-icon-list-items\">\n\t\t\t\t\t\t\t<li class=\"elementor-icon-list-item\">\n\t\t\t\t\t\t\t\t\t\t<span class=\"elementor-icon-list-text\">Tel.: 947 54 50 06 Fax: 947 54 51 61 info@colegiosangabriel.es<\/span>\n\t\t\t\t\t\t\t\t\t<\/li>\n\t\t\t\t\t\t<\/ul>\n\t\t\t\t\t\t<\/div>\n\t\t\t\t<\/div>\n\t\t\t\t\t<\/div>\n\t\t<\/div>\n\t\t\t\t\t<\/div>\n\t\t<\/section>\n\t\t\t\t<section class=\"elementor-section elementor-inner-section elementor-element elementor-element-2b9efc77 elementor-section-boxed elementor-section-height-default elementor-section-height-default elementor-invisible\" data-id=\"2b9efc77\" data-element_type=\"section\" data-e-type=\"section\" data-settings=\"{&quot;animation&quot;:&quot;fadeInUp&quot;}\">\n\t\t\t\t\t\t<div class=\"elementor-container elementor-column-gap-default\">\n\t\t\t\t\t<div class=\"elementor-column elementor-col-100 elementor-inner-column elementor-element elementor-element-228a16c8\" data-id=\"228a16c8\" data-element_type=\"column\" data-e-type=\"column\">\n\t\t\t<div class=\"elementor-widget-wrap elementor-element-populated\">\n\t\t\t\t\t\t<div class=\"elementor-element elementor-element-6277d6f0 elementor-widget elementor-widget-heading\" data-id=\"6277d6f0\" data-element_type=\"widget\" data-e-type=\"widget\" data-widget_type=\"heading.default\">\n\t\t\t\t<div class=\"elementor-widget-container\">\n\t\t\t\t\t<h2 class=\"elementor-heading-title elementor-size-default\">Documentation of interest<\/h2>\t\t\t\t<\/div>\n\t\t\t\t<\/div>\n\t\t\t\t<div class=\"elementor-element elementor-element-12b25ed2 elementor-icon-list--layout-traditional elementor-list-item-link-full_width elementor-widget elementor-widget-icon-list\" data-id=\"12b25ed2\" data-element_type=\"widget\" data-e-type=\"widget\" data-widget_type=\"icon-list.default\">\n\t\t\t\t<div class=\"elementor-widget-container\">\n\t\t\t\t\t\t\t<ul class=\"elementor-icon-list-items\">\n\t\t\t\t\t\t\t<li class=\"elementor-icon-list-item\">\n\t\t\t\t\t\t\t\t\t\t\t<a href=\"https:\/\/colegiosangabriel.es\/wp-content\/uploads\/2024\/04\/dossier_curso_comercioexterior_bajacalidad.pdf\">\n\n\t\t\t\t\t\t\t\t\t\t\t\t<span class=\"elementor-icon-list-icon\">\n\t\t\t\t\t\t\t<svg aria-hidden=\"true\" class=\"e-font-icon-svg e-fas-file-pdf\" viewbox=\"0 0 384 512\" xmlns=\"http:\/\/www.w3.org\/2000\/svg\"><path d=\"M181.9 256.1c-5-16-4.9-46.9-2-46.9 8.4 0 7.6 36.9 2 46.9zm-1.7 47.2c-7.7 20.2-17.3 43.3-28.4 62.7 18.3-7 39-17.2 62.9-21.9-12.7-9.6-24.9-23.4-34.5-40.8zM86.1 428.1c0 .8 13.2-5.4 34.9-40.2-6.7 6.3-29.1 24.5-34.9 40.2zM248 160h136v328c0 13.3-10.7 24-24 24H24c-13.3 0-24-10.7-24-24V24C0 10.7 10.7 0 24 0h200v136c0 13.2 10.8 24 24 24zm-8 171.8c-20-12.2-33.3-29-42.7-53.8 4.5-18.5 11.6-46.6 6.2-64.2-4.7-29.4-42.4-26.5-47.8-6.8-5 18.3-.4 44.1 8.1 77-11.6 27.6-28.7 64.6-40.8 85.8-.1 0-.1.1-.2.1-27.1 13.9-73.6 44.5-54.5 68 5.6 6.9 16 10 21.5 10 17.9 0 35.7-18 61.1-61.8 25.8-8.5 54.1-19.1 79-23.2 21.7 11.8 47.1 19.5 64 19.5 29.2 0 31.2-32 19.7-43.4-13.9-13.6-54.3-9.7-73.6-7.2zM377 105L279 7c-4.5-4.5-10.6-7-17-7h-6v128h128v-6.1c0-6.3-2.5-12.4-7-16.9zm-74.1 255.3c4.1-2.7-2.5-11.9-42.8-9 37.1 15.8 42.8 9 42.8 9z\"><\/path><\/svg>\t\t\t\t\t\t<\/span>\n\t\t\t\t\t\t\t\t\t\t<span class=\"elementor-icon-list-text\">Descargar dossier<\/span>\n\t\t\t\t\t\t\t\t\t\t\t<\/a>\n\t\t\t\t\t\t\t\t\t<\/li>\n\t\t\t\t\t\t<\/ul>\n\t\t\t\t\t\t<\/div>\n\t\t\t\t<\/div>\n\t\t\t\t\t<\/div>\n\t\t<\/div>\n\t\t\t\t\t<\/div>\n\t\t<\/section>\n\t\t\t\t\t<\/div>\n\t\t<\/div>\n\t\t\t\t\t<\/div>\n\t\t<\/section>\n\t\t\t\t<section class=\"elementor-section elementor-top-section elementor-element elementor-element-48fe30a0 elementor-section-boxed elementor-section-height-default elementor-section-height-default\" data-id=\"48fe30a0\" data-element_type=\"section\" data-e-type=\"section\" data-settings=\"{&quot;background_background&quot;:&quot;classic&quot;}\">\n\t\t\t\t\t\t\t<div class=\"elementor-background-overlay\"><\/div>\n\t\t\t\t\t\t\t<div class=\"elementor-container elementor-column-gap-default\">\n\t\t\t\t\t<div class=\"elementor-column elementor-col-100 elementor-top-column elementor-element elementor-element-b7cb66d\" data-id=\"b7cb66d\" data-element_type=\"column\" data-e-type=\"column\">\n\t\t\t<div class=\"elementor-widget-wrap elementor-element-populated\">\n\t\t\t\t\t\t<section class=\"elementor-section elementor-inner-section elementor-element elementor-element-588e5d93 elementor-section-boxed elementor-section-height-default elementor-section-height-default\" data-id=\"588e5d93\" data-element_type=\"section\" data-e-type=\"section\">\n\t\t\t\t\t\t<div class=\"elementor-container elementor-column-gap-default\">\n\t\t\t\t\t<div class=\"elementor-column elementor-col-100 elementor-inner-column elementor-element elementor-element-2dc5745a elementor-invisible\" data-id=\"2dc5745a\" data-element_type=\"column\" data-e-type=\"column\" data-settings=\"{&quot;animation&quot;:&quot;fadeInUp&quot;}\">\n\t\t\t<div class=\"elementor-widget-wrap elementor-element-populated\">\n\t\t\t\t\t\t<div class=\"elementor-element elementor-element-6395998b elementor-widget elementor-widget-heading\" data-id=\"6395998b\" data-element_type=\"widget\" data-e-type=\"widget\" data-widget_type=\"heading.default\">\n\t\t\t\t<div class=\"elementor-widget-container\">\n\t\t\t\t\t<h2 class=\"elementor-heading-title elementor-size-default\">Sowing the future together!<\/h2>\t\t\t\t<\/div>\n\t\t\t\t<\/div>\n\t\t\t\t<div class=\"elementor-element elementor-element-3caa4727 elementor-widget elementor-widget-text-editor\" data-id=\"3caa4727\" data-element_type=\"widget\" data-e-type=\"widget\" data-widget_type=\"text-editor.default\">\n\t\t\t\t<div class=\"elementor-widget-container\">\n\t\t\t\t\t\t\t\t\t<p>Discover how at Colegio San Gabriel, we are forging the future through learning and collaboration.\u00a0<\/p>\t\t\t\t\t\t\t\t<\/div>\n\t\t\t\t<\/div>\n\t\t\t\t<div class=\"elementor-element elementor-element-1c50157e elementor-widget elementor-widget-button\" data-id=\"1c50157e\" data-element_type=\"widget\" data-e-type=\"widget\" data-widget_type=\"button.default\">\n\t\t\t\t<div class=\"elementor-widget-container\">\n\t\t\t\t\t\t\t\t\t<div class=\"elementor-button-wrapper\">\n\t\t\t\t\t<a class=\"elementor-button elementor-button-link elementor-size-sm\" href=\"https:\/\/colegiosangabriel.es\/en\/info-matricula\/\">\n\t\t\t\t\t\t<span class=\"elementor-button-content-wrapper\">\n\t\t\t\t\t\t\t\t\t<span class=\"elementor-button-text\">Ask for information<\/span>\n\t\t\t\t\t<\/span>\n\t\t\t\t\t<\/a>\n\t\t\t\t<\/div>\n\t\t\t\t\t\t\t\t<\/div>\n\t\t\t\t<\/div>\n\t\t\t\t\t<\/div>\n\t\t<\/div>\n\t\t\t\t\t<\/div>\n\t\t<\/section>\n\t\t\t\t\t<\/div>\n\t\t<\/div>\n\t\t\t\t\t<\/div>\n\t\t<\/section>\n\t\t\t\t<\/div>","protected":false},"excerpt":{"rendered":"<p>C\u00e1tedra Cajaviva Iniciativa Emprendedora. Instituto de Comercio Exterior de Castilla y Le\u00f3n ICECYL M\u00e1ster Profesional en Comercio Exterior en la Industria Agroalimentaria La industria agroalimentaria de Castilla y Le\u00f3n es la tercera m\u00e1s competitiva de Espa\u00f1a gracias a su elevada productividad, seg\u00fan un informe de Cajamar, que destaca tambi\u00e9n el avance de sus exportaci\u00f3n un [&hellip;]<\/p>\n","protected":false},"author":1,"featured_media":0,"parent":0,"menu_order":0,"comment_status":"closed","ping_status":"closed","template":"elementor_header_footer","meta":{"footnotes":""},"class_list":["post-542","page","type-page","status-publish","hentry"],"_links":{"self":[{"href":"https:\/\/colegiosangabriel.es\/en\/wp-json\/wp\/v2\/pages\/542","targetHints":{"allow":["GET"]}}],"collection":[{"href":"https:\/\/colegiosangabriel.es\/en\/wp-json\/wp\/v2\/pages"}],"about":[{"href":"https:\/\/colegiosangabriel.es\/en\/wp-json\/wp\/v2\/types\/page"}],"author":[{"embeddable":true,"href":"https:\/\/colegiosangabriel.es\/en\/wp-json\/wp\/v2\/users\/1"}],"replies":[{"embeddable":true,"href":"https:\/\/colegiosangabriel.es\/en\/wp-json\/wp\/v2\/comments?post=542"}],"version-history":[{"count":40,"href":"https:\/\/colegiosangabriel.es\/en\/wp-json\/wp\/v2\/pages\/542\/revisions"}],"predecessor-version":[{"id":4177,"href":"https:\/\/colegiosangabriel.es\/en\/wp-json\/wp\/v2\/pages\/542\/revisions\/4177"}],"wp:attachment":[{"href":"https:\/\/colegiosangabriel.es\/en\/wp-json\/wp\/v2\/media?parent=542"}],"curies":[{"name":"wp","href":"https:\/\/api.w.org\/{rel}","templated":true}]}}