{"id":537,"date":"2024-04-26T09:15:57","date_gmt":"2024-04-26T09:15:57","guid":{"rendered":"https:\/\/colegiosangabriel.es\/?page_id=537"},"modified":"2024-05-08T08:26:17","modified_gmt":"2024-05-08T08:26:17","slug":"campus-de-ensenanzas-superiores-san-gabriel-udima","status":"publish","type":"page","link":"https:\/\/colegiosangabriel.es\/en\/campus-de-ensenanzas-superiores-san-gabriel-udima\/","title":{"rendered":"CAMPUS DE ENSE\u00d1ANZAS SUPERIORES SAN GABRIEL &#8211; UDIMA"},"content":{"rendered":"<div data-elementor-type=\"wp-page\" data-elementor-id=\"537\" class=\"elementor elementor-537\">\n\t\t\t\t\t\t<section class=\"elementor-section elementor-top-section elementor-element elementor-element-34e4b153 elementor-section-height-min-height elementor-section-boxed elementor-section-height-default elementor-section-items-middle\" data-id=\"34e4b153\" data-element_type=\"section\" data-e-type=\"section\" data-settings=\"{&quot;background_background&quot;:&quot;classic&quot;}\">\n\t\t\t\t\t\t\t<div class=\"elementor-background-overlay\"><\/div>\n\t\t\t\t\t\t\t<div class=\"elementor-container elementor-column-gap-default\">\n\t\t\t\t\t<div class=\"elementor-column elementor-col-100 elementor-top-column elementor-element elementor-element-56619828\" data-id=\"56619828\" data-element_type=\"column\" data-e-type=\"column\">\n\t\t\t<div class=\"elementor-widget-wrap elementor-element-populated\">\n\t\t\t\t\t\t<div class=\"elementor-element elementor-element-529a8e1d elementor-widget elementor-widget-elementskit-heading\" data-id=\"529a8e1d\" data-element_type=\"widget\" data-e-type=\"widget\" data-widget_type=\"elementskit-heading.default\">\n\t\t\t\t<div class=\"elementor-widget-container\">\n\t\t\t\t\t<div class=\"ekit-wid-con\" ><div class=\"ekit-heading elementskit-section-title-wraper text_center   ekit_heading_tablet-   ekit_heading_mobile-\"><h2 class=\"ekit-heading--title elementskit-section-title\">San Gabriel Higher Education Campus - UDIMA<\/h2><\/div><\/div>\t\t\t\t<\/div>\n\t\t\t\t<\/div>\n\t\t\t\t\t<\/div>\n\t\t<\/div>\n\t\t\t\t\t<\/div>\n\t\t<\/section>\n\t\t\t\t<section class=\"elementor-section elementor-top-section elementor-element elementor-element-7ac51eae elementor-section-boxed elementor-section-height-default elementor-section-height-default\" data-id=\"7ac51eae\" data-element_type=\"section\" data-e-type=\"section\" id=\"xs_pricing_4\" data-settings=\"{&quot;background_background&quot;:&quot;classic&quot;}\">\n\t\t\t\t\t\t<div class=\"elementor-container elementor-column-gap-default\">\n\t\t\t\t\t<div class=\"elementor-column elementor-col-100 elementor-top-column elementor-element elementor-element-1a849542\" data-id=\"1a849542\" data-element_type=\"column\" data-e-type=\"column\">\n\t\t\t<div class=\"elementor-widget-wrap elementor-element-populated\">\n\t\t\t\t\t\t<section class=\"elementor-section elementor-inner-section elementor-element elementor-element-6d256380 elementor-section-boxed elementor-section-height-default elementor-section-height-default\" data-id=\"6d256380\" data-element_type=\"section\" data-e-type=\"section\">\n\t\t\t\t\t\t<div class=\"elementor-container elementor-column-gap-default\">\n\t\t\t\t\t<div class=\"elementor-column elementor-col-100 elementor-inner-column elementor-element elementor-element-3d2e84e3\" data-id=\"3d2e84e3\" data-element_type=\"column\" data-e-type=\"column\">\n\t\t\t<div class=\"elementor-widget-wrap elementor-element-populated\">\n\t\t\t\t\t\t<div class=\"elementor-element elementor-element-7b18c39b elementor-widget elementor-widget-elementskit-heading\" data-id=\"7b18c39b\" data-element_type=\"widget\" data-e-type=\"widget\" data-widget_type=\"elementskit-heading.default\">\n\t\t\t\t<div class=\"elementor-widget-container\">\n\t\t\t\t\t<div class=\"ekit-wid-con\" ><div class=\"ekit-heading elementskit-section-title-wraper center   ekit_heading_tablet-   ekit_heading_mobile-\"><h2 class=\"ekit-heading--title elementskit-section-title\">Ense\u00f1anzas de Grado Oficiales - UNIVERSIDAD UDIMA - 100% ONLINE<\/h2><div class=\"ekit_heading_separetor_wraper ekit_heading_elementskit-border-divider ekit-dotted\"><div class=\"elementskit-border-divider ekit-dotted\"><\/div><\/div>\t\t\t\t<div class='ekit-heading__description'>\n\t\t\t\t\t<p>Add your product description in a way that looks more readable.<\/p>\n\t\t\t\t<\/div>\n\t\t\t<\/div><\/div>\t\t\t\t<\/div>\n\t\t\t\t<\/div>\n\t\t\t\t\t<\/div>\n\t\t<\/div>\n\t\t\t\t\t<\/div>\n\t\t<\/section>\n\t\t\t\t\t<\/div>\n\t\t<\/div>\n\t\t\t\t\t<\/div>\n\t\t<\/section>\n\t\t\t\t<section class=\"elementor-section elementor-top-section elementor-element elementor-element-72776f29 elementor-section-full_width elementor-section-height-default elementor-section-height-default\" data-id=\"72776f29\" data-element_type=\"section\" data-e-type=\"section\" id=\"xs_pricing_4\" data-settings=\"{&quot;background_background&quot;:&quot;classic&quot;}\">\n\t\t\t\t\t\t<div class=\"elementor-container elementor-column-gap-default\">\n\t\t\t\t\t<div class=\"elementor-column elementor-col-100 elementor-top-column elementor-element elementor-element-4b2be7ca\" data-id=\"4b2be7ca\" data-element_type=\"column\" data-e-type=\"column\">\n\t\t\t<div class=\"elementor-widget-wrap elementor-element-populated\">\n\t\t\t\t\t\t<section class=\"elementor-section elementor-inner-section elementor-element elementor-element-1aa052f elementor-section-boxed elementor-section-height-default elementor-section-height-default\" data-id=\"1aa052f\" data-element_type=\"section\" data-e-type=\"section\">\n\t\t\t\t\t\t<div class=\"elementor-container elementor-column-gap-default\">\n\t\t\t\t\t<div class=\"elementor-column elementor-col-33 elementor-inner-column elementor-element elementor-element-1312284\" data-id=\"1312284\" data-element_type=\"column\" data-e-type=\"column\">\n\t\t\t<div class=\"elementor-widget-wrap elementor-element-populated\">\n\t\t\t\t\t\t<div class=\"elementor-element elementor-element-d9c129a elementor-widget elementor-widget-elementskit-pricing\" data-id=\"d9c129a\" data-element_type=\"widget\" data-e-type=\"widget\" data-widget_type=\"elementskit-pricing.default\">\n\t\t\t\t<div class=\"elementor-widget-container\">\n\t\t\t\t\t<div class=\"ekit-wid-con\" >\n\n        <div class=\"elementskit-single-pricing\" >\n            <div class=\"elementskit-pricing-header\">\n\t\t\t\t\t\t\t\t\n\t\t\t\t                \t<h3\t\t\t\t\tclass=\"elementskit-pricing-title\">Escuela de Ciencias T\u00e9cnicas e Ingenier\u00eda\t\t\t\t\t<\/h3>\n\t\t\t\t\t\t\t\t            <\/div>\n\t\t\t            <div class=\"elementskit-pricing-content\">\n\n                                                    <ul class=\"elementskit-pricing-lists\">\n                        \t\t\t\t\t\t\t<li class=\"elementor-repeater-item-524a2ba\">\n\t\t\t\t\t\t\t\t\t\t\t\t\t\t\t\t\n\t\t\t\t\t\t\t\tGrado en Ingenier\u00eda de Organizaci\u00f3n Industrial\t\t\t\t\t\t\t\t\n\t\t\t\t\t\t\t\t\t\t\t\t\t\t\t<\/li>\n                        \t\t\t\t\t\t\t<li class=\"elementor-repeater-item-61572a8\">\n\t\t\t\t\t\t\t\t\t\t\t\t\t\t\t\t\n\t\t\t\t\t\t\t\tGrado en Ingenier\u00eda de Tecnolog\u00edas y Servicios de Telecomunicaci\u00f3n (Habilitante): Menci\u00f3n en Telem\u00e1tica \u00f3 Menci\u00f3n en Sistemas de Telecomunicaci\u00f3n\t\t\t\t\t\t\t\t\n\t\t\t\t\t\t\t\t\t\t\t\t\t\t\t<\/li>\n                        \t\t\t\t\t\t\t<li class=\"elementor-repeater-item-14baa04\">\n\t\t\t\t\t\t\t\t\t\t\t\t\t\t\t\t\n\t\t\t\t\t\t\t\tGrado en Ingenier\u00eda Inform\u00e1tica:  Menci\u00f3n en Software \u00f3 Menci\u00f3n en Aplicaciones Empresariales\t\t\t\t\t\t\t\t\n\t\t\t\t\t\t\t\t\t\t\t\t\t\t\t<\/li>\n                        \t\t\t\t\t\t\t<li class=\"elementor-repeater-item-4d6ce20\">\n\t\t\t\t\t\t\t\t\t\t\t\t\t\t\t\t\n\t\t\t\t\t\t\t\tDoble Grado en Ingenier\u00eda en Organizaci\u00f3n Industrial y Administraci\u00f3n y Direcci\u00f3n de Empresas\t\t\t\t\t\t\t\t\n\t\t\t\t\t\t\t\t\t\t\t\t\t\t\t<\/li>\n                                            <\/ul>\n                            <\/div>\n            <div class=\"elementskit-pricing-btn-wraper\">\n\t\t\t\t<a href=\"#\" class=\"elementskit-pricing-btn  ekit-pricing-btn-icon-pos-left\" >\n\t\t\t\t\tLearn more \t\t\t\t<\/a>\n            <\/div>\n        <\/div>\n\n    <\/div>\t\t\t\t<\/div>\n\t\t\t\t<\/div>\n\t\t\t\t\t<\/div>\n\t\t<\/div>\n\t\t\t\t<div class=\"elementor-column elementor-col-33 elementor-inner-column elementor-element elementor-element-ddd6822\" data-id=\"ddd6822\" data-element_type=\"column\" data-e-type=\"column\">\n\t\t\t<div class=\"elementor-widget-wrap elementor-element-populated\">\n\t\t\t\t\t\t<div class=\"elementor-element elementor-element-18e3e43 elementor-widget elementor-widget-elementskit-pricing\" data-id=\"18e3e43\" data-element_type=\"widget\" data-e-type=\"widget\" data-widget_type=\"elementskit-pricing.default\">\n\t\t\t\t<div class=\"elementor-widget-container\">\n\t\t\t\t\t<div class=\"ekit-wid-con\" >\n\n        <div class=\"elementskit-single-pricing\" >\n            <div class=\"elementskit-pricing-header\">\n\t\t\t\t\t\t\t\t\n\t\t\t\t                \t<h3\t\t\t\t\tclass=\"elementskit-pricing-title\">Facultad de Ciencias de la Salud y de la Educaci\u00f3n\t\t\t\t\t<\/h3>\n\t\t\t\t\t\t\t\t            <\/div>\n\t\t\t            <div class=\"elementskit-pricing-content\">\n\n                                    <p> Grado en Magisterio de Educaci\u00f3n Infantil <br>\n<br>\nMenci\u00f3n en Lengua Inglesa\nMenci\u00f3n en Pedagog\u00eda Terap\u00e9utica\nMenci\u00f3n en Audici\u00f3n y Lenguaje\nMenci\u00f3n en Tecnolog\u00eda Educativa\nMenci\u00f3n en Ense\u00f1anza de la Religi\u00f3n Cat\u00f3lica\n<br>\n<br>\nGrado en Magisterio de Educaci\u00f3n Primaria\n<br><br>\nMenci\u00f3n en Lengua Inglesa\nMenci\u00f3n en Pedagog\u00eda Terap\u00e9utica\nMenci\u00f3n en Audici\u00f3n y Lenguaje\nMenci\u00f3n en Tecnolog\u00eda Educativa\nMenci\u00f3n en Ense\u00f1anza de la Religi\u00f3n Cat\u00f3lica\n<br>\n<br>\nGrado en Psicolog\u00eda (Rama Ciencias de la Salud)\n<br><br>\nMenci\u00f3n en Intervenci\u00f3n Cl\u00ednica\nMenci\u00f3n en Psicolog\u00eda Organizacional y de Recursos Humanos\nMenci\u00f3n en Psicolog\u00eda Educativa\n<br>\n\n<br>\nCurso de Adaptaci\u00f3n al Grado en Magisterio de Educaci\u00f3n Infantil\n <br>\n\n<br>\nCurso de Adaptaci\u00f3n al Grado en Magisterio de Educaci\u00f3n Primaria\n <br>\n\n<br>\nCurso de Adaptaci\u00f3n al Grado en Magisterio de Educaci\u00f3n Primaria para Maestros Especialistas\n <\/p>\n                                            <\/div>\n            <div class=\"elementskit-pricing-btn-wraper\">\n\t\t\t\t<a href=\"#\" class=\"elementskit-pricing-btn  ekit-pricing-btn-icon-pos-left\" >\n\t\t\t\t\tLearn more \t\t\t\t<\/a>\n            <\/div>\n        <\/div>\n\n    <\/div>\t\t\t\t<\/div>\n\t\t\t\t<\/div>\n\t\t\t\t\t<\/div>\n\t\t<\/div>\n\t\t\t\t<div class=\"elementor-column elementor-col-33 elementor-inner-column elementor-element elementor-element-2005b1c\" data-id=\"2005b1c\" data-element_type=\"column\" data-e-type=\"column\">\n\t\t\t<div class=\"elementor-widget-wrap elementor-element-populated\">\n\t\t\t\t\t\t<div class=\"elementor-element elementor-element-90d3655 elementor-widget elementor-widget-elementskit-pricing\" data-id=\"90d3655\" data-element_type=\"widget\" data-e-type=\"widget\" data-widget_type=\"elementskit-pricing.default\">\n\t\t\t\t<div class=\"elementor-widget-container\">\n\t\t\t\t\t<div class=\"ekit-wid-con\" >\n\n        <div class=\"elementskit-single-pricing\" >\n            <div class=\"elementskit-pricing-header\">\n\t\t\t\t\t\t\t\t\n\t\t\t\t                \t<h3\t\t\t\t\tclass=\"elementskit-pricing-title\">Facultad de Ciencias Econ\u00f3micas y Empresariales\t\t\t\t\t<\/h3>\n\t\t\t\t\t\t\t\t            <\/div>\n\t\t\t            <div class=\"elementskit-pricing-content\">\n\n                                    <p> Grado en Administraci\u00f3n y Direcci\u00f3n de Empresas <br>\n <br>Menci\u00f3n en An\u00e1lisis Econ\u00f3mico <br>\nMenci\u00f3n en Aspectos Jur\u00eddicos y de Organizaci\u00f3n de la Empresa Internacional <br>\nMenci\u00f3n en Empresa Financiera<br>\n<br>\nGrado en Econom\u00eda\n <br>\n<br>Grado en Empresas y Actividades  Tur\u00edsticas <br>\n <br>Menci\u00f3n en Direcci\u00f3n Hotelera <br>\nMenci\u00f3n en Planificaci\u00f3n y Gesti\u00f3n Tur\u00edstica\n<br>\n <br>Grado en Marketing\n <br>\n <br>Doble Grado en Derecho y Administraci\u00f3n y Direcci\u00f3n de Empresas\n <br>\n <br>Doble Grado en Ingenier\u00eda en Organizaci\u00f3n Industrial y Administraci\u00f3n y Direcci\u00f3n de Empresas\n <br>\n <br>Curso de Adaptaci\u00f3n al Grado en Empresas y Actividades Tur\u00edsticas\n <br><\/p>\n                                            <\/div>\n            <div class=\"elementskit-pricing-btn-wraper\">\n\t\t\t\t<a href=\"#\" class=\"elementskit-pricing-btn  ekit-pricing-btn-icon-pos-left\" >\n\t\t\t\t\tLearn more \t\t\t\t<\/a>\n            <\/div>\n        <\/div>\n\n    <\/div>\t\t\t\t<\/div>\n\t\t\t\t<\/div>\n\t\t\t\t\t<\/div>\n\t\t<\/div>\n\t\t\t\t\t<\/div>\n\t\t<\/section>\n\t\t\t\t<section class=\"elementor-section elementor-inner-section elementor-element elementor-element-3b0342d8 elementor-section-boxed elementor-section-height-default elementor-section-height-default\" data-id=\"3b0342d8\" data-element_type=\"section\" data-e-type=\"section\">\n\t\t\t\t\t\t<div class=\"elementor-container elementor-column-gap-default\">\n\t\t\t\t\t<div class=\"elementor-column elementor-col-50 elementor-inner-column elementor-element elementor-element-176d75d7\" data-id=\"176d75d7\" data-element_type=\"column\" data-e-type=\"column\">\n\t\t\t<div class=\"elementor-widget-wrap elementor-element-populated\">\n\t\t\t\t\t\t<div class=\"elementor-element elementor-element-3ae598eb elementor-widget elementor-widget-elementskit-pricing\" data-id=\"3ae598eb\" data-element_type=\"widget\" data-e-type=\"widget\" data-widget_type=\"elementskit-pricing.default\">\n\t\t\t\t<div class=\"elementor-widget-container\">\n\t\t\t\t\t<div class=\"ekit-wid-con\" >\n\n        <div class=\"elementskit-single-pricing\" >\n            <div class=\"elementskit-pricing-header\">\n\t\t\t\t\t\t\t\t\n\t\t\t\t                \t<h3\t\t\t\t\tclass=\"elementskit-pricing-title\">Facultad de Ciencias Jur\u00eddicas\t\t\t\t\t<\/h3>\n\t\t\t\t\t\t\t\t            <\/div>\n\t\t\t            <div class=\"elementskit-pricing-content\">\n\n                                    <p> <br>Grado en Ciencias del Trabajo, Relaciones Laborales y Recursos Humanos\n<br>Menci\u00f3n en Gesti\u00f3n de Recursos Humanos\n<br>Menci\u00f3n en Gesti\u00f3n Empresarial\n<br>\n<br>Grado en Criminolog\u00eda<br>\nMenci\u00f3n en Criminolog\u00eda de la Empresa y de la Seguridad\n<br>\n<br>Grado en Derecho\n<br>Menci\u00f3n en Derecho de la Empresa\n<br>\n<br>Doble Grado en Derecho y Administraci\u00f3n y Direcci\u00f3n de Empresas\n <br>\n <\/p>\n                                            <\/div>\n            <div class=\"elementskit-pricing-btn-wraper\">\n\t\t\t\t<a href=\"#\" class=\"elementskit-pricing-btn  ekit-pricing-btn-icon-pos-left\" >\n\t\t\t\t\t\t\t\t\t<\/a>\n            <\/div>\n        <\/div>\n\n    <\/div>\t\t\t\t<\/div>\n\t\t\t\t<\/div>\n\t\t\t\t\t<\/div>\n\t\t<\/div>\n\t\t\t\t<div class=\"elementor-column elementor-col-50 elementor-inner-column elementor-element elementor-element-584c05c9\" data-id=\"584c05c9\" data-element_type=\"column\" data-e-type=\"column\">\n\t\t\t<div class=\"elementor-widget-wrap elementor-element-populated\">\n\t\t\t\t\t\t<div class=\"elementor-element elementor-element-ae3e1c5 elementor-widget elementor-widget-elementskit-pricing\" data-id=\"ae3e1c5\" data-element_type=\"widget\" data-e-type=\"widget\" data-widget_type=\"elementskit-pricing.default\">\n\t\t\t\t<div class=\"elementor-widget-container\">\n\t\t\t\t\t<div class=\"ekit-wid-con\" >\n\n        <div class=\"elementskit-single-pricing\" >\n            <div class=\"elementskit-pricing-header\">\n\t\t\t\t\t\t\t\t\n\t\t\t\t                \t<h3\t\t\t\t\tclass=\"elementskit-pricing-title\">Facultad de Ciencias Sociales y Humanidades\t\t\t\t\t<\/h3>\n\t\t\t\t\t\t\t\t            <\/div>\n\t\t\t            <div class=\"elementskit-pricing-content\">\n\n                                    <p> Grado en Historia\n <br>\n<br>Grado en Periodismo<br>\nMenci\u00f3n en Periodismo Especializado <br>\nMenci\u00f3n en Periodismo Econ\u00f3mico <br>\nMenci\u00f3n en Periodismo Jur\u00eddico-Pol\u00edtico <br>\n<br>\n<br>Grado en Publicidad y Relaciones P\u00fablicas\n <br>\n<br>Doble Grado en Periodismo y Publicidad y Relaciones P\u00fablicas<\/p>\n                                            <\/div>\n            <div class=\"elementskit-pricing-btn-wraper\">\n\t\t\t\t<a href=\"#\" class=\"elementskit-pricing-btn  ekit-pricing-btn-icon-pos-\" >\n\t\t\t\t\t\t\t\t\t<\/a>\n            <\/div>\n        <\/div>\n\n    <\/div>\t\t\t\t<\/div>\n\t\t\t\t<\/div>\n\t\t\t\t\t<\/div>\n\t\t<\/div>\n\t\t\t\t\t<\/div>\n\t\t<\/section>\n\t\t\t\t\t<\/div>\n\t\t<\/div>\n\t\t\t\t\t<\/div>\n\t\t<\/section>\n\t\t\t\t<section class=\"elementor-section elementor-top-section elementor-element elementor-element-7f316f35 elementor-section-boxed elementor-section-height-default elementor-section-height-default\" data-id=\"7f316f35\" data-element_type=\"section\" data-e-type=\"section\" data-settings=\"{&quot;background_background&quot;:&quot;classic&quot;}\">\n\t\t\t\t\t\t\t<div class=\"elementor-background-overlay\"><\/div>\n\t\t\t\t\t\t\t<div class=\"elementor-container elementor-column-gap-default\">\n\t\t\t\t\t<div class=\"elementor-column elementor-col-100 elementor-top-column elementor-element elementor-element-74783c80\" data-id=\"74783c80\" data-element_type=\"column\" data-e-type=\"column\">\n\t\t\t<div class=\"elementor-widget-wrap elementor-element-populated\">\n\t\t\t\t\t\t<section class=\"elementor-section elementor-inner-section elementor-element elementor-element-3bdfe45c elementor-section-boxed elementor-section-height-default elementor-section-height-default\" data-id=\"3bdfe45c\" data-element_type=\"section\" data-e-type=\"section\">\n\t\t\t\t\t\t<div class=\"elementor-container elementor-column-gap-default\">\n\t\t\t\t\t<div class=\"elementor-column elementor-col-100 elementor-inner-column elementor-element elementor-element-10b8a037 elementor-invisible\" data-id=\"10b8a037\" data-element_type=\"column\" data-e-type=\"column\" data-settings=\"{&quot;animation&quot;:&quot;fadeInUp&quot;}\">\n\t\t\t<div class=\"elementor-widget-wrap elementor-element-populated\">\n\t\t\t\t\t\t<div class=\"elementor-element elementor-element-3ed8f5a9 elementor-widget elementor-widget-heading\" data-id=\"3ed8f5a9\" data-element_type=\"widget\" data-e-type=\"widget\" data-widget_type=\"heading.default\">\n\t\t\t\t<div class=\"elementor-widget-container\">\n\t\t\t\t\t<h2 class=\"elementor-heading-title elementor-size-default\">Sowing the future together!<\/h2>\t\t\t\t<\/div>\n\t\t\t\t<\/div>\n\t\t\t\t<div class=\"elementor-element elementor-element-6092ec6f elementor-widget elementor-widget-text-editor\" data-id=\"6092ec6f\" data-element_type=\"widget\" data-e-type=\"widget\" data-widget_type=\"text-editor.default\">\n\t\t\t\t<div class=\"elementor-widget-container\">\n\t\t\t\t\t\t\t\t\t<p>Discover how at Colegio San Gabriel, we are forging the future through learning and collaboration.\u00a0<\/p>\t\t\t\t\t\t\t\t<\/div>\n\t\t\t\t<\/div>\n\t\t\t\t<div class=\"elementor-element elementor-element-7ea069d7 elementor-widget elementor-widget-button\" data-id=\"7ea069d7\" data-element_type=\"widget\" data-e-type=\"widget\" data-widget_type=\"button.default\">\n\t\t\t\t<div class=\"elementor-widget-container\">\n\t\t\t\t\t\t\t\t\t<div class=\"elementor-button-wrapper\">\n\t\t\t\t\t<a class=\"elementor-button elementor-button-link elementor-size-sm\" href=\"https:\/\/colegiosangabriel.es\/en\/info-matricula\/\">\n\t\t\t\t\t\t<span class=\"elementor-button-content-wrapper\">\n\t\t\t\t\t\t\t\t\t<span class=\"elementor-button-text\">Ask for information<\/span>\n\t\t\t\t\t<\/span>\n\t\t\t\t\t<\/a>\n\t\t\t\t<\/div>\n\t\t\t\t\t\t\t\t<\/div>\n\t\t\t\t<\/div>\n\t\t\t\t\t<\/div>\n\t\t<\/div>\n\t\t\t\t\t<\/div>\n\t\t<\/section>\n\t\t\t\t\t<\/div>\n\t\t<\/div>\n\t\t\t\t\t<\/div>\n\t\t<\/section>\n\t\t\t\t<\/div>","protected":false},"excerpt":{"rendered":"<p>Campus de Ense\u00f1anzas Superiores San Gabriel &#8211; UDIMA Ense\u00f1anzas de Grado Oficiales &#8211; UNIVERSIDAD UDIMA &#8211; 100% ONLINE Add your product description in a way that looks more readable. Escuela de Ciencias T\u00e9cnicas e Ingenier\u00eda Grado en Ingenier\u00eda de Organizaci\u00f3n Industrial Grado en Ingenier\u00eda de Tecnolog\u00edas y Servicios de Telecomunicaci\u00f3n (Habilitante): Menci\u00f3n en Telem\u00e1tica \u00f3 [&hellip;]<\/p>\n","protected":false},"author":1,"featured_media":0,"parent":0,"menu_order":0,"comment_status":"closed","ping_status":"closed","template":"elementor_header_footer","meta":{"footnotes":""},"class_list":["post-537","page","type-page","status-publish","hentry"],"_links":{"self":[{"href":"https:\/\/colegiosangabriel.es\/en\/wp-json\/wp\/v2\/pages\/537","targetHints":{"allow":["GET"]}}],"collection":[{"href":"https:\/\/colegiosangabriel.es\/en\/wp-json\/wp\/v2\/pages"}],"about":[{"href":"https:\/\/colegiosangabriel.es\/en\/wp-json\/wp\/v2\/types\/page"}],"author":[{"embeddable":true,"href":"https:\/\/colegiosangabriel.es\/en\/wp-json\/wp\/v2\/users\/1"}],"replies":[{"embeddable":true,"href":"https:\/\/colegiosangabriel.es\/en\/wp-json\/wp\/v2\/comments?post=537"}],"version-history":[{"count":28,"href":"https:\/\/colegiosangabriel.es\/en\/wp-json\/wp\/v2\/pages\/537\/revisions"}],"predecessor-version":[{"id":2728,"href":"https:\/\/colegiosangabriel.es\/en\/wp-json\/wp\/v2\/pages\/537\/revisions\/2728"}],"wp:attachment":[{"href":"https:\/\/colegiosangabriel.es\/en\/wp-json\/wp\/v2\/media?parent=537"}],"curies":[{"name":"wp","href":"https:\/\/api.w.org\/{rel}","templated":true}]}}