{"id":532,"date":"2024-04-26T09:15:01","date_gmt":"2024-04-26T09:15:01","guid":{"rendered":"https:\/\/colegiosangabriel.es\/?page_id=532"},"modified":"2024-05-28T09:45:31","modified_gmt":"2024-05-28T09:45:31","slug":"centro-integrado-de-f-p-san-gabriel-movilidad-segura","status":"publish","type":"page","link":"https:\/\/colegiosangabriel.es\/en\/centro-integrado-de-f-p-san-gabriel-movilidad-segura\/","title":{"rendered":"SCHOOL OF SAFE AND SUSTAINABLE MOBILITY"},"content":{"rendered":"<div data-elementor-type=\"wp-page\" data-elementor-id=\"532\" class=\"elementor elementor-532\">\n\t\t\t\t\t\t<section class=\"elementor-section elementor-top-section elementor-element elementor-element-4345e94e elementor-section-height-min-height elementor-section-boxed elementor-section-height-default elementor-section-items-middle\" data-id=\"4345e94e\" data-element_type=\"section\" data-e-type=\"section\" data-settings=\"{&quot;background_background&quot;:&quot;classic&quot;}\">\n\t\t\t\t\t\t\t<div class=\"elementor-background-overlay\"><\/div>\n\t\t\t\t\t\t\t<div class=\"elementor-container elementor-column-gap-default\">\n\t\t\t\t\t<div class=\"elementor-column elementor-col-100 elementor-top-column elementor-element elementor-element-26923028\" data-id=\"26923028\" data-element_type=\"column\" data-e-type=\"column\">\n\t\t\t<div class=\"elementor-widget-wrap elementor-element-populated\">\n\t\t\t\t\t\t<div class=\"elementor-element elementor-element-3fecf838 elementor-widget elementor-widget-elementskit-heading\" data-id=\"3fecf838\" data-element_type=\"widget\" data-e-type=\"widget\" data-widget_type=\"elementskit-heading.default\">\n\t\t\t\t<div class=\"elementor-widget-container\">\n\t\t\t\t\t<div class=\"ekit-wid-con\" ><div class=\"ekit-heading elementskit-section-title-wraper text_center   ekit_heading_tablet-   ekit_heading_mobile-\"><h2 class=\"ekit-heading--title elementskit-section-title\">San Gabriel Integrated Vocational Training Center <br> Senior Technician in Safe Mobility<\/h2><\/div><\/div>\t\t\t\t<\/div>\n\t\t\t\t<\/div>\n\t\t\t\t\t<\/div>\n\t\t<\/div>\n\t\t\t\t\t<\/div>\n\t\t<\/section>\n\t\t\t\t<section class=\"elementor-section elementor-top-section elementor-element elementor-element-272e4333 elementor-section-boxed elementor-section-height-default elementor-section-height-default\" data-id=\"272e4333\" data-element_type=\"section\" data-e-type=\"section\">\n\t\t\t\t\t\t<div class=\"elementor-container elementor-column-gap-default\">\n\t\t\t\t\t<div class=\"elementor-column elementor-col-66 elementor-top-column elementor-element elementor-element-3fbc026e\" data-id=\"3fbc026e\" data-element_type=\"column\" data-e-type=\"column\">\n\t\t\t<div class=\"elementor-widget-wrap elementor-element-populated\">\n\t\t\t\t\t\t<div class=\"elementor-element elementor-element-b3af760 elementor-invisible elementor-widget elementor-widget-heading\" data-id=\"b3af760\" data-element_type=\"widget\" data-e-type=\"widget\" data-settings=\"{&quot;_animation&quot;:&quot;fadeInLeft&quot;}\" data-widget_type=\"heading.default\">\n\t\t\t\t<div class=\"elementor-widget-container\">\n\t\t\t\t\t<h2 class=\"elementor-heading-title elementor-size-default\">Title: Higher Technician in Training for safe and sustainable mobility<\/h2>\t\t\t\t<\/div>\n\t\t\t\t<\/div>\n\t\t\t\t<div class=\"elementor-element elementor-element-4732d0e elementor-widget elementor-widget-text-editor\" data-id=\"4732d0e\" data-element_type=\"widget\" data-e-type=\"widget\" data-widget_type=\"text-editor.default\">\n\t\t\t\t<div class=\"elementor-widget-container\">\n\t\t\t\t\t\t\t\t\t<p class=\"cmParagraph verdeoscuro\"><strong>Professional family:\u00a0<\/strong><strong>Sociocultural and Community Services<\/strong><\/p><p class=\"cmParagraph verdeoscuro\"><strong>Degree:\u00a0<\/strong><strong>Superior<\/strong><\/p><p class=\"cmParagraph verdeoscuro\"><strong>Code:\u00a0<\/strong><strong>SSC06S<\/strong><\/p><p class=\"cmParagraph\"><strong><span class=\"azuloscuro\">Study duration<\/span>:<\/strong>\u00a0<strong>2000 hours<\/strong>\u00a0(2 academic years, 1620 hours at the educational center and 380 hours at the work center)<\/p><p class=\"cmParagraph azuloscuro\"><strong>General competence<\/strong><\/p><p class=\"cmParagraph cmAlignjustify\">The general competence of this title consists of designing, teaching and evaluating teaching aimed at road education and training, including that related to coexistence with different modes of transport and their use in conditions of safety and environmental sustainability, as well as the mobility on public roads, including that related to coexistence with the different modes of transport and their use in safe conditions, training and raising awareness for applicants to obtain a driving permit or license, male and female drivers and, in general, to any road user, educating in values of road safety and environmental sustainability of transport and instructing in the prevention of occupational road accidents and in sustainable and safe mobility.<\/p>\t\t\t\t\t\t\t\t<\/div>\n\t\t\t\t<\/div>\n\t\t\t\t<div class=\"elementor-element elementor-element-5565e3eb elementor-invisible elementor-widget elementor-widget-elementskit-accordion\" data-id=\"5565e3eb\" data-element_type=\"widget\" data-e-type=\"widget\" data-settings=\"{&quot;_animation&quot;:&quot;fadeInUp&quot;}\" data-widget_type=\"elementskit-accordion.default\">\n\t\t\t\t<div class=\"elementor-widget-container\">\n\t\t\t\t\t<div class=\"ekit-wid-con\" >\n        <div class=\"elementskit-accordion accoedion-primary\" id=\"accordion-69d7ac0078008\">\n\n            \n                <div class=\"elementskit-card active\">\n                    <div class=\"elementskit-card-header\" id=\"primaryHeading-0-5565e3eb\">\n                        <a href=\"#collapse-042b37869d7ac0078008\" class=\"ekit-accordion--toggler elementskit-btn-link collapsed\" data-ekit-toggle=\"collapse\" data-target=\"#Collapse-042b37869d7ac0078008\" aria-expanded=\"true\" aria-controls=\"Collapse-042b37869d7ac0078008\">\n                                                            <div class=\"ekit_accordion_icon_left_group\">\n                                    <div class=\"ekit_accordion_normal_icon\">\n                                        <!-- Normal Icon -->\n                                        <i class=\"mdi mdi-plus\"><\/i>                                    <\/div>\n\n                                    <div class=\"ekit_accordion_active_icon\">\n                                        <!-- Active Icon -->\n\t\t\t\t\t\t\t\t\t\t<i class=\"icofont icofont-minus\"><\/i>                                    <\/div>\n                                <\/div>\n\n                            \n                            <span class=\"ekit-accordion-title\">Professional environment<\/span>\n\n                            \n                                                    <\/a>\n                    <\/div>\n\n                    <div id=\"Collapse-042b37869d7ac0078008\" class=\"show collapse\" aria-labelledby=\"primaryHeading-0-5565e3eb\" data-parent=\"#accordion-69d7ac0078008\">\n\n                        <div class=\"elementskit-card-body ekit-accordion--content\">\n                            <p class=\"cmParagraph cmAlignjustify\">People who obtain this title carry out their activity in small, medium and large companies dedicated to training drivers to obtain administrative authorizations to drive and, in general, training for road safety. They may also perform functions related to road safety education, occupational road safety and safe and sustainable mobility in public and private entities. The most relevant occupations and jobs are the following:<\/p><p class=\"cmParagraph cmAlignjustify\">a) Traffic training teacher.<\/p><p class=\"cmParagraph cmAlignjustify\">b) Director of driving schools.<\/p><p class=\"cmParagraph cmAlignjustify\">c) Trainer of road awareness and re-education courses.<\/p><p class=\"cmParagraph cmAlignjustify\">d) Dangerous goods course trainer.<\/p><p class=\"cmParagraph cmAlignjustify\">e) Director of dangerous goods training centers.<\/p><p class=\"cmParagraph cmAlignjustify\">f) Educator in road safety education programs or activities in educational centers, senior centers, town councils, associations, companies, state, regional or local administrations.<\/p><p class=\"cmParagraph cmAlignjustify\">g) Workplace road safety advisor in public and private entities.<\/p><p class=\"cmParagraph cmAlignjustify\">h) Advisor on mobility plans in public and private entities.<\/p><p class=\"cmParagraph cmAlignjustify\">i) Teacher in road safety.<\/p><p class=\"cmParagraph cmAlignjustify\">j) Monitor safe driving courses.<\/p>                        <\/div>\n\n                    <\/div>\n\n                <\/div><!-- .elementskit-card END -->\n\n                \n                <div class=\"elementskit-card\">\n                    <div class=\"elementskit-card-header\" id=\"primaryHeading-1-5565e3eb\">\n                        <a href=\"#collapse-fcc8da469d7ac0078008\" class=\"ekit-accordion--toggler elementskit-btn-link collapsed\" data-ekit-toggle=\"collapse\" data-target=\"#Collapse-fcc8da469d7ac0078008\" aria-expanded=\"false\" aria-controls=\"Collapse-fcc8da469d7ac0078008\">\n                                                            <div class=\"ekit_accordion_icon_left_group\">\n                                    <div class=\"ekit_accordion_normal_icon\">\n                                        <!-- Normal Icon -->\n                                        <i class=\"mdi mdi-plus\"><\/i>                                    <\/div>\n\n                                    <div class=\"ekit_accordion_active_icon\">\n                                        <!-- Active Icon -->\n\t\t\t\t\t\t\t\t\t\t<i class=\"icofont icofont-minus\"><\/i>                                    <\/div>\n                                <\/div>\n\n                            \n                            <span class=\"ekit-accordion-title\">Training plan<\/span>\n\n                            \n                                                    <\/a>\n                    <\/div>\n\n                    <div id=\"Collapse-fcc8da469d7ac0078008\" class=\"collapse\" aria-labelledby=\"primaryHeading-1-5565e3eb\" data-parent=\"#accordion-69d7ac0078008\">\n\n                        <div class=\"elementskit-card-body ekit-accordion--content\">\n                            <p>\u00a0<\/p><table><tbody><tr><th id=\"t1_604266_0_0\" class=\"cmAligncenter cmVAlignmiddle\"><p class=\"cmParagraph\">First course<\/p><\/th><th id=\"t1_604266_0_1\" class=\"cmAligncenter cmVAlignmiddle\"><p class=\"cmParagraph\">Professional Module<\/p><\/th><th id=\"t1_604266_0_2\" class=\"cmAligncenter cmVAlignmiddle\"><p class=\"cmParagraph\">Hours. Weekly<\/p><\/th><th id=\"t1_604266_0_3\" class=\"cmAligncenter cmVAlignmiddle\"><p class=\"cmParagraph\">Total hours<\/p><\/th><\/tr><tr><td class=\"cmVAlignbottom\"><p class=\"cmParagraph\">1651<\/p><\/td><td class=\"cmVAlignbottom\"><p class=\"cmParagraph\">Traffic, vehicle circulation and road transport.<\/p><\/td><td class=\"cmVAlignbottom\"><p class=\"cmParagraph cmAligncenter\">6<\/p><\/td><td class=\"cmVAlignbottom\"><p class=\"cmParagraph cmAligncenter\">192<\/p><\/td><\/tr><tr><td class=\"cmVAlignbottom\"><p class=\"cmParagraph\">1653<\/p><\/td><td class=\"cmVAlignbottom\"><p class=\"cmParagraph\">Driving techniques.<\/p><\/td><td class=\"cmVAlignbottom\"><p class=\"cmParagraph cmAligncenter\">3<\/p><\/td><td class=\"cmVAlignbottom\"><p class=\"cmParagraph cmAligncenter\">96<\/p><\/td><\/tr><tr><td class=\"cmVAlignbottom\"><p class=\"cmParagraph\">1656<\/p><\/td><td class=\"cmVAlignbottom\"><p class=\"cmParagraph\">Vial education.<\/p><\/td><td class=\"cmVAlignbottom\"><p class=\"cmParagraph cmAligncenter\">5<\/p><\/td><td class=\"cmVAlignbottom\"><p class=\"cmParagraph cmAligncenter\">160<\/p><\/td><\/tr><tr><td class=\"cmVAlignbottom\"><p class=\"cmParagraph\">1657<\/p><\/td><td class=\"cmVAlignbottom\"><p class=\"cmParagraph\">Road safety.<\/p><\/td><td class=\"cmVAlignbottom\"><p class=\"cmParagraph cmAligncenter\">6<\/p><\/td><td class=\"cmVAlignbottom\"><p class=\"cmParagraph cmAligncenter\">192<\/p><\/td><\/tr><tr><td class=\"cmVAlignbottom\"><p class=\"cmParagraph\">1659<\/p><\/td><td class=\"cmVAlignbottom\"><p class=\"cmParagraph\">Safe and sustainable mobility.<\/p><\/td><td class=\"cmVAlignbottom\"><p class=\"cmParagraph cmAligncenter\">5<\/p><\/td><td class=\"cmVAlignbottom\"><p class=\"cmParagraph cmAligncenter\">160<\/p><\/td><\/tr><tr><td class=\"cmVAlignbottom\"><p class=\"cmParagraph\">1661<\/p><\/td><td class=\"cmVAlignbottom\"><p class=\"cmParagraph\">Training and career counseling.<\/p><\/td><td class=\"cmVAlignbottom\"><p class=\"cmParagraph cmAligncenter\">3<\/p><\/td><td class=\"cmVAlignbottom\"><p class=\"cmParagraph cmAligncenter\">96<\/p><\/td><\/tr><tr><td class=\"cmVAlignbottom\"><p class=\"cmParagraph\">CL31<\/p><\/td><td class=\"cmVAlignbottom\"><p class=\"cmParagraph\">Technical English for training in safe and sustainable mobility.<\/p><\/td><td class=\"cmVAlignbottom\"><p class=\"cmParagraph cmAligncenter\">2<\/p><\/td><td class=\"cmVAlignbottom\"><p class=\"cmParagraph cmAligncenter\">64<\/p><\/td><\/tr><\/tbody><\/table><table><tbody><tr><th id=\"t2_604266_0_0\" class=\"cmAligncenter cmVAlignmiddle\"><p class=\"cmParagraph\">Second course<\/p><\/th><th id=\"t2_604266_0_1\" class=\"cmAligncenter cmVAlignmiddle\"><p class=\"cmParagraph\">Professional Module<\/p><\/th><th id=\"t2_604266_0_2\" class=\"cmAligncenter cmVAlignmiddle\"><p class=\"cmParagraph\">Hours. Weekly<\/p><\/th><th id=\"t2_604266_0_3\" class=\"cmAligncenter cmVAlignmiddle\"><p class=\"cmParagraph\">Total hours<\/p><\/th><\/tr><tr><td class=\"cmVAlignbottom\"><p class=\"cmParagraph\">0020<\/p><\/td><td class=\"cmVAlignbottom\"><p class=\"cmParagraph\">First aid.<\/p><\/td><td class=\"cmVAlignbottom\"><p class=\"cmParagraph cmAligncenter\">2<\/p><\/td><td class=\"cmVAlignbottom\"><p class=\"cmParagraph cmAligncenter\">42<\/p><\/td><\/tr><tr><td class=\"cmVAlignbottom\"><p class=\"cmParagraph\">1652<\/p><\/td><td class=\"cmVAlignbottom\"><p class=\"cmParagraph\">Organization of training for drivers.<\/p><\/td><td class=\"cmVAlignbottom\"><p class=\"cmParagraph cmAligncenter\">5<\/p><\/td><td class=\"cmVAlignbottom\"><p class=\"cmParagraph cmAligncenter\">105<\/p><\/td><\/tr><tr><td class=\"cmVAlignbottom\"><p class=\"cmParagraph\">1654<\/p><\/td><td class=\"cmVAlignbottom\"><p class=\"cmParagraph\">Basic automobile technology.<\/p><\/td><td class=\"cmVAlignbottom\"><p class=\"cmParagraph cmAligncenter\">2<\/p><\/td><td class=\"cmVAlignbottom\"><p class=\"cmParagraph cmAligncenter\">42<\/p><\/td><\/tr><tr><td class=\"cmVAlignbottom\"><p class=\"cmParagraph\">1655<\/p><\/td><td class=\"cmVAlignbottom\"><p class=\"cmParagraph\">Didactics of practical driving education.<\/p><\/td><td class=\"cmVAlignbottom\"><p class=\"cmParagraph cmAligncenter\">14<\/p><\/td><td class=\"cmVAlignbottom\"><p class=\"cmParagraph cmAligncenter\">294<\/p><\/td><\/tr><tr><td class=\"cmVAlignbottom\"><p class=\"cmParagraph\">1658<\/p><\/td><td class=\"cmVAlignbottom\"><p class=\"cmParagraph\">Didactics of training for road safety.<\/p><\/td><td class=\"cmVAlignbottom\"><p class=\"cmParagraph cmAligncenter\">4<\/p><\/td><td class=\"cmVAlignbottom\"><p class=\"cmParagraph cmAligncenter\">84<\/p><\/td><\/tr><tr><td class=\"cmVAlignbottom\"><p class=\"cmParagraph\">1660<\/p><\/td><td class=\"cmVAlignbottom\"><p class=\"cmParagraph\">Training project for safe and sustainable mobility<\/p><\/td><td class=\"cmAligncenter cmVAlignmiddle\">\u00a0<\/td><td class=\"cmAligncenter cmVAlignmiddle\"><p class=\"cmParagraph cmAligncenter\">30<\/p><\/td><\/tr><tr><td class=\"cmVAlignbottom\"><p class=\"cmParagraph\">1662<\/p><\/td><td class=\"cmVAlignbottom\"><p class=\"cmParagraph\">Business and Entrepreneurship.<\/p><\/td><td class=\"cmAligncenter cmVAlignmiddle\"><p class=\"cmParagraph azulportal14 cmAlignjustify\">3<\/p><\/td><td class=\"cmAligncenter cmVAlignmiddle\"><p class=\"cmParagraph cmAligncenter\">63<\/p><\/td><\/tr><tr><td class=\"cmVAlignbottom\"><p class=\"cmParagraph\">1663<\/p><\/td><td class=\"cmVAlignbottom\"><p class=\"cmParagraph\">Formation in work centers(*).<\/p><\/td><td class=\"cmAligncenter cmVAlignmiddle\">\u00a0<\/td><td class=\"cmVAlignbottom\"><p class=\"cmParagraph cmAligncenter\">380<\/p><\/td><\/tr><\/tbody><\/table><p class=\"cmParagraph\">* Module that takes place in the workplace in the last quarter of the second year.<\/p>                        <\/div>\n\n                    <\/div>\n\n                <\/div><!-- .elementskit-card END -->\n\n                                        <\/div>\n    <\/div>\t\t\t\t<\/div>\n\t\t\t\t<\/div>\n\t\t\t\t\t<\/div>\n\t\t<\/div>\n\t\t\t\t<div class=\"elementor-column elementor-col-33 elementor-top-column elementor-element elementor-element-13f4b60c\" data-id=\"13f4b60c\" data-element_type=\"column\" data-e-type=\"column\">\n\t\t\t<div class=\"elementor-widget-wrap elementor-element-populated\">\n\t\t\t\t\t\t<section class=\"elementor-section elementor-inner-section elementor-element elementor-element-17c7077a elementor-section-boxed elementor-section-height-default elementor-section-height-default elementor-invisible\" data-id=\"17c7077a\" data-element_type=\"section\" data-e-type=\"section\" data-settings=\"{&quot;animation&quot;:&quot;fadeInUp&quot;}\">\n\t\t\t\t\t\t<div class=\"elementor-container elementor-column-gap-default\">\n\t\t\t\t\t<div class=\"elementor-column elementor-col-100 elementor-inner-column elementor-element elementor-element-cc72dee\" data-id=\"cc72dee\" data-element_type=\"column\" data-e-type=\"column\" data-settings=\"{&quot;background_background&quot;:&quot;classic&quot;}\">\n\t\t\t<div class=\"elementor-widget-wrap elementor-element-populated\">\n\t\t\t\t\t<div class=\"elementor-background-overlay\"><\/div>\n\t\t\t\t\t\t<div class=\"elementor-element elementor-element-4310fa1 elementor-widget elementor-widget-heading\" data-id=\"4310fa1\" data-element_type=\"widget\" data-e-type=\"widget\" data-widget_type=\"heading.default\">\n\t\t\t\t<div class=\"elementor-widget-container\">\n\t\t\t\t\t<h2 class=\"elementor-heading-title elementor-size-default\">Contact information<\/h2>\t\t\t\t<\/div>\n\t\t\t\t<\/div>\n\t\t\t\t<div class=\"elementor-element elementor-element-31022ca5 elementor-icon-list--layout-traditional elementor-list-item-link-full_width elementor-widget elementor-widget-icon-list\" data-id=\"31022ca5\" data-element_type=\"widget\" data-e-type=\"widget\" data-widget_type=\"icon-list.default\">\n\t\t\t\t<div class=\"elementor-widget-container\">\n\t\t\t\t\t\t\t<ul class=\"elementor-icon-list-items\">\n\t\t\t\t\t\t\t<li class=\"elementor-icon-list-item\">\n\t\t\t\t\t\t\t\t\t\t<span class=\"elementor-icon-list-text\">Tel.: 947 54 50 06 Fax: 947 54 51 61 info@colegiosangabriel.es<\/span>\n\t\t\t\t\t\t\t\t\t<\/li>\n\t\t\t\t\t\t<\/ul>\n\t\t\t\t\t\t<\/div>\n\t\t\t\t<\/div>\n\t\t\t\t\t<\/div>\n\t\t<\/div>\n\t\t\t\t\t<\/div>\n\t\t<\/section>\n\t\t\t\t<section class=\"elementor-section elementor-inner-section elementor-element elementor-element-2b40dbba elementor-section-boxed elementor-section-height-default elementor-section-height-default elementor-invisible\" data-id=\"2b40dbba\" data-element_type=\"section\" data-e-type=\"section\" data-settings=\"{&quot;animation&quot;:&quot;fadeInUp&quot;}\">\n\t\t\t\t\t\t<div class=\"elementor-container elementor-column-gap-default\">\n\t\t\t\t\t<div class=\"elementor-column elementor-col-100 elementor-inner-column elementor-element elementor-element-7f54bf9\" data-id=\"7f54bf9\" data-element_type=\"column\" data-e-type=\"column\">\n\t\t\t<div class=\"elementor-widget-wrap elementor-element-populated\">\n\t\t\t\t\t\t<div class=\"elementor-element elementor-element-76f9b835 elementor-widget elementor-widget-heading\" data-id=\"76f9b835\" data-element_type=\"widget\" data-e-type=\"widget\" data-widget_type=\"heading.default\">\n\t\t\t\t<div class=\"elementor-widget-container\">\n\t\t\t\t\t<h2 class=\"elementor-heading-title elementor-size-default\">Documentation of interest<\/h2>\t\t\t\t<\/div>\n\t\t\t\t<\/div>\n\t\t\t\t<div class=\"elementor-element elementor-element-3beb4bdd elementor-icon-list--layout-traditional elementor-list-item-link-full_width elementor-widget elementor-widget-icon-list\" data-id=\"3beb4bdd\" data-element_type=\"widget\" data-e-type=\"widget\" data-widget_type=\"icon-list.default\">\n\t\t\t\t<div class=\"elementor-widget-container\">\n\t\t\t\t\t\t\t<ul class=\"elementor-icon-list-items\">\n\t\t\t\t\t\t\t<li class=\"elementor-icon-list-item\">\n\t\t\t\t\t\t\t\t\t\t\t<a href=\"https:\/\/colegiosangabriel.es\/wp-content\/uploads\/2024\/05\/HORARIOS_GS_MOVILIDAD-SEGURA_23_24.pdf\">\n\n\t\t\t\t\t\t\t\t\t\t\t\t<span class=\"elementor-icon-list-icon\">\n\t\t\t\t\t\t\t<svg aria-hidden=\"true\" class=\"e-font-icon-svg e-fas-file-pdf\" viewbox=\"0 0 384 512\" xmlns=\"http:\/\/www.w3.org\/2000\/svg\"><path d=\"M181.9 256.1c-5-16-4.9-46.9-2-46.9 8.4 0 7.6 36.9 2 46.9zm-1.7 47.2c-7.7 20.2-17.3 43.3-28.4 62.7 18.3-7 39-17.2 62.9-21.9-12.7-9.6-24.9-23.4-34.5-40.8zM86.1 428.1c0 .8 13.2-5.4 34.9-40.2-6.7 6.3-29.1 24.5-34.9 40.2zM248 160h136v328c0 13.3-10.7 24-24 24H24c-13.3 0-24-10.7-24-24V24C0 10.7 10.7 0 24 0h200v136c0 13.2 10.8 24 24 24zm-8 171.8c-20-12.2-33.3-29-42.7-53.8 4.5-18.5 11.6-46.6 6.2-64.2-4.7-29.4-42.4-26.5-47.8-6.8-5 18.3-.4 44.1 8.1 77-11.6 27.6-28.7 64.6-40.8 85.8-.1 0-.1.1-.2.1-27.1 13.9-73.6 44.5-54.5 68 5.6 6.9 16 10 21.5 10 17.9 0 35.7-18 61.1-61.8 25.8-8.5 54.1-19.1 79-23.2 21.7 11.8 47.1 19.5 64 19.5 29.2 0 31.2-32 19.7-43.4-13.9-13.6-54.3-9.7-73.6-7.2zM377 105L279 7c-4.5-4.5-10.6-7-17-7h-6v128h128v-6.1c0-6.3-2.5-12.4-7-16.9zm-74.1 255.3c4.1-2.7-2.5-11.9-42.8-9 37.1 15.8 42.8 9 42.8 9z\"><\/path><\/svg>\t\t\t\t\t\t<\/span>\n\t\t\t\t\t\t\t\t\t\t<span class=\"elementor-icon-list-text\">Schedules 2024<\/span>\n\t\t\t\t\t\t\t\t\t\t\t<\/a>\n\t\t\t\t\t\t\t\t\t<\/li>\n\t\t\t\t\t\t<\/ul>\n\t\t\t\t\t\t<\/div>\n\t\t\t\t<\/div>\n\t\t\t\t\t<\/div>\n\t\t<\/div>\n\t\t\t\t\t<\/div>\n\t\t<\/section>\n\t\t\t\t\t<\/div>\n\t\t<\/div>\n\t\t\t\t\t<\/div>\n\t\t<\/section>\n\t\t\t\t<section class=\"elementor-section elementor-top-section elementor-element elementor-element-2895c342 elementor-section-boxed elementor-section-height-default elementor-section-height-default\" data-id=\"2895c342\" data-element_type=\"section\" data-e-type=\"section\" data-settings=\"{&quot;background_background&quot;:&quot;classic&quot;}\">\n\t\t\t\t\t\t\t<div class=\"elementor-background-overlay\"><\/div>\n\t\t\t\t\t\t\t<div class=\"elementor-container elementor-column-gap-default\">\n\t\t\t\t\t<div class=\"elementor-column elementor-col-100 elementor-top-column elementor-element elementor-element-45139908\" data-id=\"45139908\" data-element_type=\"column\" data-e-type=\"column\">\n\t\t\t<div class=\"elementor-widget-wrap elementor-element-populated\">\n\t\t\t\t\t\t<section class=\"elementor-section elementor-inner-section elementor-element elementor-element-416ce264 elementor-section-boxed elementor-section-height-default elementor-section-height-default\" data-id=\"416ce264\" data-element_type=\"section\" data-e-type=\"section\">\n\t\t\t\t\t\t<div class=\"elementor-container elementor-column-gap-default\">\n\t\t\t\t\t<div class=\"elementor-column elementor-col-100 elementor-inner-column elementor-element elementor-element-629ca3ec elementor-invisible\" data-id=\"629ca3ec\" data-element_type=\"column\" data-e-type=\"column\" data-settings=\"{&quot;animation&quot;:&quot;fadeInUp&quot;}\">\n\t\t\t<div class=\"elementor-widget-wrap elementor-element-populated\">\n\t\t\t\t\t\t<div class=\"elementor-element elementor-element-487f2478 elementor-widget elementor-widget-heading\" data-id=\"487f2478\" data-element_type=\"widget\" data-e-type=\"widget\" data-widget_type=\"heading.default\">\n\t\t\t\t<div class=\"elementor-widget-container\">\n\t\t\t\t\t<h2 class=\"elementor-heading-title elementor-size-default\">Sowing the future together!<\/h2>\t\t\t\t<\/div>\n\t\t\t\t<\/div>\n\t\t\t\t<div class=\"elementor-element elementor-element-18fccb78 elementor-widget elementor-widget-text-editor\" data-id=\"18fccb78\" data-element_type=\"widget\" data-e-type=\"widget\" data-widget_type=\"text-editor.default\">\n\t\t\t\t<div class=\"elementor-widget-container\">\n\t\t\t\t\t\t\t\t\t<p>Discover how at Colegio San Gabriel, we are forging the future through learning and collaboration.\u00a0<\/p>\t\t\t\t\t\t\t\t<\/div>\n\t\t\t\t<\/div>\n\t\t\t\t<div class=\"elementor-element elementor-element-2625950b elementor-widget elementor-widget-button\" data-id=\"2625950b\" data-element_type=\"widget\" data-e-type=\"widget\" data-widget_type=\"button.default\">\n\t\t\t\t<div class=\"elementor-widget-container\">\n\t\t\t\t\t\t\t\t\t<div class=\"elementor-button-wrapper\">\n\t\t\t\t\t<a class=\"elementor-button elementor-button-link elementor-size-sm\" href=\"https:\/\/colegiosangabriel.es\/en\/info-matricula\/\">\n\t\t\t\t\t\t<span class=\"elementor-button-content-wrapper\">\n\t\t\t\t\t\t\t\t\t<span class=\"elementor-button-text\">Ask for information<\/span>\n\t\t\t\t\t<\/span>\n\t\t\t\t\t<\/a>\n\t\t\t\t<\/div>\n\t\t\t\t\t\t\t\t<\/div>\n\t\t\t\t<\/div>\n\t\t\t\t\t<\/div>\n\t\t<\/div>\n\t\t\t\t\t<\/div>\n\t\t<\/section>\n\t\t\t\t\t<\/div>\n\t\t<\/div>\n\t\t\t\t\t<\/div>\n\t\t<\/section>\n\t\t\t\t<\/div>","protected":false},"excerpt":{"rendered":"<p>Centro Integrado de Formaci\u00f3n Profesional San Gabriel T\u00e9cnico Superior en Movilidad Segura T\u00edtulo: T\u00e9cnico Superior en Formaci\u00f3n para la movilidad segura y sostenible Familia profesional:\u00a0Servicios Socioculturales y a la Comunidad Grado:\u00a0Superior C\u00f3digo:\u00a0SSC06S Duraci\u00f3n del estudio:\u00a02000 horas\u00a0(2 cursos acad\u00e9micos, 1620 horas en el centro educativo y 380 horas en el centro de trabajo) Competencia general La [&hellip;]<\/p>\n","protected":false},"author":1,"featured_media":0,"parent":0,"menu_order":0,"comment_status":"closed","ping_status":"closed","template":"elementor_header_footer","meta":{"footnotes":""},"class_list":["post-532","page","type-page","status-publish","hentry"],"_links":{"self":[{"href":"https:\/\/colegiosangabriel.es\/en\/wp-json\/wp\/v2\/pages\/532","targetHints":{"allow":["GET"]}}],"collection":[{"href":"https:\/\/colegiosangabriel.es\/en\/wp-json\/wp\/v2\/pages"}],"about":[{"href":"https:\/\/colegiosangabriel.es\/en\/wp-json\/wp\/v2\/types\/page"}],"author":[{"embeddable":true,"href":"https:\/\/colegiosangabriel.es\/en\/wp-json\/wp\/v2\/users\/1"}],"replies":[{"embeddable":true,"href":"https:\/\/colegiosangabriel.es\/en\/wp-json\/wp\/v2\/comments?post=532"}],"version-history":[{"count":22,"href":"https:\/\/colegiosangabriel.es\/en\/wp-json\/wp\/v2\/pages\/532\/revisions"}],"predecessor-version":[{"id":3626,"href":"https:\/\/colegiosangabriel.es\/en\/wp-json\/wp\/v2\/pages\/532\/revisions\/3626"}],"wp:attachment":[{"href":"https:\/\/colegiosangabriel.es\/en\/wp-json\/wp\/v2\/media?parent=532"}],"curies":[{"name":"wp","href":"https:\/\/api.w.org\/{rel}","templated":true}]}}