{"id":526,"date":"2024-04-26T09:13:59","date_gmt":"2024-04-26T09:13:59","guid":{"rendered":"https:\/\/colegiosangabriel.es\/?page_id=526"},"modified":"2025-06-04T11:27:17","modified_gmt":"2025-06-04T11:27:17","slug":"centro-integrado-de-f-p-san-gabriel-escuela-de-robotica","status":"publish","type":"page","link":"https:\/\/colegiosangabriel.es\/en\/centro-integrado-de-f-p-san-gabriel-escuela-de-robotica\/","title":{"rendered":"SCHOOL OF ELECTRICITY, ELECTRONICS AND ROBOTICS"},"content":{"rendered":"<div data-elementor-type=\"wp-page\" data-elementor-id=\"526\" class=\"elementor elementor-526\">\n\t\t\t\t\t\t<section class=\"elementor-section elementor-top-section elementor-element elementor-element-76fe7d3d elementor-section-height-min-height elementor-section-boxed elementor-section-height-default elementor-section-items-middle\" data-id=\"76fe7d3d\" data-element_type=\"section\" data-e-type=\"section\" data-settings=\"{&quot;background_background&quot;:&quot;classic&quot;}\">\n\t\t\t\t\t\t\t<div class=\"elementor-background-overlay\"><\/div>\n\t\t\t\t\t\t\t<div class=\"elementor-container elementor-column-gap-default\">\n\t\t\t\t\t<div class=\"elementor-column elementor-col-100 elementor-top-column elementor-element elementor-element-7d6cb673\" data-id=\"7d6cb673\" data-element_type=\"column\" data-e-type=\"column\">\n\t\t\t<div class=\"elementor-widget-wrap elementor-element-populated\">\n\t\t\t\t\t\t<div class=\"elementor-element elementor-element-4da6297e elementor-widget elementor-widget-elementskit-heading\" data-id=\"4da6297e\" data-element_type=\"widget\" data-e-type=\"widget\" data-widget_type=\"elementskit-heading.default\">\n\t\t\t\t<div class=\"elementor-widget-container\">\n\t\t\t\t\t<div class=\"ekit-wid-con\" ><div class=\"ekit-heading elementskit-section-title-wraper text_center   ekit_heading_tablet-   ekit_heading_mobile-\"><h2 class=\"ekit-heading--title elementskit-section-title\">\t Centro Integrado de Formaci\u00f3n Profesional San Gabriel - Escuela de Electricidad, Electr\u00f3nica y Rob\u00f3tica<\/h2><\/div><\/div>\t\t\t\t<\/div>\n\t\t\t\t<\/div>\n\t\t\t\t\t<\/div>\n\t\t<\/div>\n\t\t\t\t\t<\/div>\n\t\t<\/section>\n\t\t\t\t<section class=\"elementor-section elementor-top-section elementor-element elementor-element-96b9eeb elementor-section-boxed elementor-section-height-default elementor-section-height-default\" data-id=\"96b9eeb\" data-element_type=\"section\" data-e-type=\"section\">\n\t\t\t\t\t\t<div class=\"elementor-container elementor-column-gap-default\">\n\t\t\t\t\t<div class=\"elementor-column elementor-col-66 elementor-top-column elementor-element elementor-element-b34af11\" data-id=\"b34af11\" data-element_type=\"column\" data-e-type=\"column\">\n\t\t\t<div class=\"elementor-widget-wrap elementor-element-populated\">\n\t\t\t\t\t\t<div class=\"elementor-element elementor-element-4fc3ce68 elementor-invisible elementor-widget elementor-widget-heading\" data-id=\"4fc3ce68\" data-element_type=\"widget\" data-e-type=\"widget\" data-settings=\"{&quot;_animation&quot;:&quot;fadeInLeft&quot;}\" data-widget_type=\"heading.default\">\n\t\t\t\t<div class=\"elementor-widget-container\">\n\t\t\t\t\t<h2 class=\"elementor-heading-title elementor-size-default\">Escuela de Electricidad, Electr\u00f3nica y Rob\u00f3tica San Gabriel\n\n<\/h2>\t\t\t\t<\/div>\n\t\t\t\t<\/div>\n\t\t\t\t<div class=\"elementor-element elementor-element-645912fa elementor-widget elementor-widget-text-editor\" data-id=\"645912fa\" data-element_type=\"widget\" data-e-type=\"widget\" data-widget_type=\"text-editor.default\">\n\t\t\t\t<div class=\"elementor-widget-container\">\n\t\t\t\t\t\t\t\t\t<p>The importance of the manufacturing sector in the countries&#039; economy has been highlighted in the current crisis. All experts advocate strengthening a key sector that society needs as an engine of its economy and that in recent years has been under great pressure from countries with low labor costs.<\/p><p>The consequences are evident and certainly traumatic; relocation of many companies and what is worse, the disappearance of an important part of the industrial fabric. In this difficult environment, industrial companies face the challenge of searching for and implementing new productive and organizational technologies that allow them to face the future with a guarantee of success. Only a drastic increase in productivity that affects costs and quality will save the manufacturing sector and its jobs.<\/p><p>Innovation through the implementation of new technologies, the continuous improvement of processes through lean manufacturing tools and collaboration with suppliers constitute the three most consolidated alternatives. Its application and potential must be taken into consideration by any company that intends to survive and have a future in the complex economic environment we live in.<\/p><p>Within new technologies, automation and more specifically industrial robotics constitutes a strategy to improve competitiveness that has proven to be able to avoid relocation phenomena. In the US there are hundreds of examples of manufacturers that have avoided relocation by reducing the robot-operator relationship and increasing processes with automated machines. If the ratio in the US is 1 to 240, companies with greater robotization and high profits are 1 to 6. In specific sectors such as machine tool manufacturing, the installation of robots is being intensively promoted due to the increase in productivity that they can provide.<\/p><p>Robotization in itself has two clear initial objectives; reduce manufacturing costs and increase productivity. The additional benefits related to flexibility, security and quality leave no doubt about the profitability of its implementation. Robotics can make tasks simpler that until recently were repetitive, tiring, tedious, dangerous, difficult, precision or developed entirely by hand. The continuous lowering of the cost of acquiring an experienced industrial robot in recent years will cause the manufacturing environment to change drastically in the not too distant future compared to what we know. Plant operators will be technically trained workers with skills in new technologies who will manage automated cells. Its mission will focus on carrying out various levels of inspection, ensuring the flow of materials between different areas.<\/p>\t\t\t\t\t\t\t\t<\/div>\n\t\t\t\t<\/div>\n\t\t\t\t\t<\/div>\n\t\t<\/div>\n\t\t\t\t<div class=\"elementor-column elementor-col-33 elementor-top-column elementor-element elementor-element-37a58da6\" data-id=\"37a58da6\" data-element_type=\"column\" data-e-type=\"column\">\n\t\t\t<div class=\"elementor-widget-wrap elementor-element-populated\">\n\t\t\t\t\t\t<section class=\"elementor-section elementor-inner-section elementor-element elementor-element-47aa91e2 elementor-section-boxed elementor-section-height-default elementor-section-height-default elementor-invisible\" data-id=\"47aa91e2\" data-element_type=\"section\" data-e-type=\"section\" data-settings=\"{&quot;animation&quot;:&quot;fadeInUp&quot;}\">\n\t\t\t\t\t\t<div class=\"elementor-container elementor-column-gap-default\">\n\t\t\t\t\t<div class=\"elementor-column elementor-col-100 elementor-inner-column elementor-element elementor-element-7c891942\" data-id=\"7c891942\" data-element_type=\"column\" data-e-type=\"column\" data-settings=\"{&quot;background_background&quot;:&quot;classic&quot;}\">\n\t\t\t<div class=\"elementor-widget-wrap elementor-element-populated\">\n\t\t\t\t\t<div class=\"elementor-background-overlay\"><\/div>\n\t\t\t\t\t\t<div class=\"elementor-element elementor-element-2ca39e8c elementor-widget elementor-widget-heading\" data-id=\"2ca39e8c\" data-element_type=\"widget\" data-e-type=\"widget\" data-widget_type=\"heading.default\">\n\t\t\t\t<div class=\"elementor-widget-container\">\n\t\t\t\t\t<h2 class=\"elementor-heading-title elementor-size-default\">Contact information<\/h2>\t\t\t\t<\/div>\n\t\t\t\t<\/div>\n\t\t\t\t<div class=\"elementor-element elementor-element-4117378a elementor-icon-list--layout-traditional elementor-list-item-link-full_width elementor-widget elementor-widget-icon-list\" data-id=\"4117378a\" data-element_type=\"widget\" data-e-type=\"widget\" data-widget_type=\"icon-list.default\">\n\t\t\t\t<div class=\"elementor-widget-container\">\n\t\t\t\t\t\t\t<ul class=\"elementor-icon-list-items\">\n\t\t\t\t\t\t\t<li class=\"elementor-icon-list-item\">\n\t\t\t\t\t\t\t\t\t\t<span class=\"elementor-icon-list-text\">Tel.: 947 54 50 06 Fax: 947 54 51 61 info@colegiosangabriel.es<\/span>\n\t\t\t\t\t\t\t\t\t<\/li>\n\t\t\t\t\t\t<\/ul>\n\t\t\t\t\t\t<\/div>\n\t\t\t\t<\/div>\n\t\t\t\t\t<\/div>\n\t\t<\/div>\n\t\t\t\t\t<\/div>\n\t\t<\/section>\n\t\t\t\t<section class=\"elementor-section elementor-inner-section elementor-element elementor-element-3f257d08 elementor-section-boxed elementor-section-height-default elementor-section-height-default elementor-invisible\" data-id=\"3f257d08\" data-element_type=\"section\" data-e-type=\"section\" data-settings=\"{&quot;animation&quot;:&quot;fadeInUp&quot;}\">\n\t\t\t\t\t\t<div class=\"elementor-container elementor-column-gap-default\">\n\t\t\t\t\t<div class=\"elementor-column elementor-col-100 elementor-inner-column elementor-element elementor-element-6e2dfbde\" data-id=\"6e2dfbde\" data-element_type=\"column\" data-e-type=\"column\">\n\t\t\t<div class=\"elementor-widget-wrap elementor-element-populated\">\n\t\t\t\t\t\t<div class=\"elementor-element elementor-element-58c969fd elementor-widget elementor-widget-heading\" data-id=\"58c969fd\" data-element_type=\"widget\" data-e-type=\"widget\" data-widget_type=\"heading.default\">\n\t\t\t\t<div class=\"elementor-widget-container\">\n\t\t\t\t\t<h2 class=\"elementor-heading-title elementor-size-default\">Documentation of interest<\/h2>\t\t\t\t<\/div>\n\t\t\t\t<\/div>\n\t\t\t\t<div class=\"elementor-element elementor-element-4ef76fb7 elementor-icon-list--layout-traditional elementor-list-item-link-full_width elementor-widget elementor-widget-icon-list\" data-id=\"4ef76fb7\" data-element_type=\"widget\" data-e-type=\"widget\" data-widget_type=\"icon-list.default\">\n\t\t\t\t<div class=\"elementor-widget-container\">\n\t\t\t\t\t\t\t<ul class=\"elementor-icon-list-items\">\n\t\t\t\t\t\t\t<li class=\"elementor-icon-list-item\">\n\t\t\t\t\t\t\t\t\t\t\t<a href=\"https:\/\/colegiosangabriel.es\/en\/historia\/\">\n\n\t\t\t\t\t\t\t\t\t\t\t\t<span class=\"elementor-icon-list-icon\">\n\t\t\t\t\t\t\t<svg aria-hidden=\"true\" class=\"e-font-icon-svg e-fas-file-pdf\" viewbox=\"0 0 384 512\" xmlns=\"http:\/\/www.w3.org\/2000\/svg\"><path d=\"M181.9 256.1c-5-16-4.9-46.9-2-46.9 8.4 0 7.6 36.9 2 46.9zm-1.7 47.2c-7.7 20.2-17.3 43.3-28.4 62.7 18.3-7 39-17.2 62.9-21.9-12.7-9.6-24.9-23.4-34.5-40.8zM86.1 428.1c0 .8 13.2-5.4 34.9-40.2-6.7 6.3-29.1 24.5-34.9 40.2zM248 160h136v328c0 13.3-10.7 24-24 24H24c-13.3 0-24-10.7-24-24V24C0 10.7 10.7 0 24 0h200v136c0 13.2 10.8 24 24 24zm-8 171.8c-20-12.2-33.3-29-42.7-53.8 4.5-18.5 11.6-46.6 6.2-64.2-4.7-29.4-42.4-26.5-47.8-6.8-5 18.3-.4 44.1 8.1 77-11.6 27.6-28.7 64.6-40.8 85.8-.1 0-.1.1-.2.1-27.1 13.9-73.6 44.5-54.5 68 5.6 6.9 16 10 21.5 10 17.9 0 35.7-18 61.1-61.8 25.8-8.5 54.1-19.1 79-23.2 21.7 11.8 47.1 19.5 64 19.5 29.2 0 31.2-32 19.7-43.4-13.9-13.6-54.3-9.7-73.6-7.2zM377 105L279 7c-4.5-4.5-10.6-7-17-7h-6v128h128v-6.1c0-6.3-2.5-12.4-7-16.9zm-74.1 255.3c4.1-2.7-2.5-11.9-42.8-9 37.1 15.8 42.8 9 42.8 9z\"><\/path><\/svg>\t\t\t\t\t\t<\/span>\n\t\t\t\t\t\t\t\t\t\t<span class=\"elementor-icon-list-text\">San Gabriel city of education<\/span>\n\t\t\t\t\t\t\t\t\t\t\t<\/a>\n\t\t\t\t\t\t\t\t\t<\/li>\n\t\t\t\t\t\t\t\t<li class=\"elementor-icon-list-item\">\n\t\t\t\t\t\t\t\t\t\t\t<a href=\"http:\/\/www.gabrielistas.org\/\">\n\n\t\t\t\t\t\t\t\t\t\t\t\t<span class=\"elementor-icon-list-icon\">\n\t\t\t\t\t\t\t<svg aria-hidden=\"true\" class=\"e-font-icon-svg e-fas-pager\" viewbox=\"0 0 512 512\" xmlns=\"http:\/\/www.w3.org\/2000\/svg\"><path d=\"M448 64H64a64 64 0 0 0-64 64v256a64 64 0 0 0 64 64h384a64 64 0 0 0 64-64V128a64 64 0 0 0-64-64zM160 368H80a16 16 0 0 1-16-16v-16a16 16 0 0 1 16-16h80zm128-16a16 16 0 0 1-16 16h-80v-48h80a16 16 0 0 1 16 16zm160-128a32 32 0 0 1-32 32H96a32 32 0 0 1-32-32v-64a32 32 0 0 1 32-32h320a32 32 0 0 1 32 32z\"><\/path><\/svg>\t\t\t\t\t\t<\/span>\n\t\t\t\t\t\t\t\t\t\t<span class=\"elementor-icon-list-text\">Brothers of Saint Gabriel<\/span>\n\t\t\t\t\t\t\t\t\t\t\t<\/a>\n\t\t\t\t\t\t\t\t\t<\/li>\n\t\t\t\t\t\t<\/ul>\n\t\t\t\t\t\t<\/div>\n\t\t\t\t<\/div>\n\t\t\t\t\t<\/div>\n\t\t<\/div>\n\t\t\t\t\t<\/div>\n\t\t<\/section>\n\t\t\t\t<div class=\"elementor-element elementor-element-13f21c6 elementor-widget elementor-widget-image\" data-id=\"13f21c6\" data-element_type=\"widget\" data-e-type=\"widget\" data-widget_type=\"image.default\">\n\t\t\t\t<div class=\"elementor-widget-container\">\n\t\t\t\t\t\t\t\t\t\t\t\t\t\t\t<img fetchpriority=\"high\" decoding=\"async\" width=\"800\" height=\"600\" src=\"https:\/\/colegiosangabriel.es\/wp-content\/uploads\/2024\/04\/students-using-a-3d-printer-1024x768.jpg\" class=\"attachment-large size-large wp-image-828\" alt=\"\" srcset=\"https:\/\/colegiosangabriel.es\/wp-content\/uploads\/2024\/04\/students-using-a-3d-printer-1024x768.jpg 1024w, https:\/\/colegiosangabriel.es\/wp-content\/uploads\/2024\/04\/students-using-a-3d-printer-300x225.jpg 300w, https:\/\/colegiosangabriel.es\/wp-content\/uploads\/2024\/04\/students-using-a-3d-printer-768x576.jpg 768w, https:\/\/colegiosangabriel.es\/wp-content\/uploads\/2024\/04\/students-using-a-3d-printer.jpg 1280w\" sizes=\"(max-width: 800px) 100vw, 800px\" \/>\t\t\t\t\t\t\t\t\t\t\t\t\t\t\t<\/div>\n\t\t\t\t<\/div>\n\t\t\t\t\t<\/div>\n\t\t<\/div>\n\t\t\t\t\t<\/div>\n\t\t<\/section>\n\t\t<div class=\"elementor-element elementor-element-4c49c86 e-flex e-con-boxed e-con e-parent\" data-id=\"4c49c86\" data-element_type=\"container\" data-e-type=\"container\">\n\t\t\t\t\t<div class=\"e-con-inner\">\n\t\t\t\t<div class=\"elementor-element elementor-element-b659625 elementor-widget elementor-widget-text-editor\" data-id=\"b659625\" data-element_type=\"widget\" data-e-type=\"widget\" data-widget_type=\"text-editor.default\">\n\t\t\t\t<div class=\"elementor-widget-container\">\n\t\t\t\t\t\t\t\t\t<p>Obviously not all processes and products can be robotized. This possibility must be addressed through an internal exercise of identification and prioritization of automation based on common sense, technical knowledge and a clear implementation methodology.<\/p><p>When implementing solutions, multiple factors must be taken into account; Firstly, aspects such as the type of product to be manufactured, the production process, safety levels, product quality and the location of the installation. The sector and the requirements of the end customer are also important. The levels of precision, demand, cleanliness and quality required in industries as different as metallurgical, metal-mechanical, food or pharmaceutical are not the same. And finally, it is also very important to be clear about the final production cycle time.<\/p><p>De nada sirve fabricar o automatizar algo de forma correcta si el tiempo que se tarda no cumple con la premisa de ahorrar trabajo, tiempo y dinero. Los estudios realizados en los \u00faltimos a\u00f1os muestran que la implantaci\u00f3n de robots tiene un amplio despliegue en Espa\u00f1a a nivel de gran empresa gracias al liderazgo de su industria del autom\u00f3vil. Sin embargo, su grado de implantaci\u00f3n en la PyME es muy diverso y todav\u00eda queda mucho por hacer.\u00a0 El campo de actuaci\u00f3n urgente en Castilla y Le\u00f3n y, concretamente en la Ribera del Duero, justifica la implantaci\u00f3n y solicitud de acceso a concierto para este tipo de ense\u00f1anzas estrat\u00e9gicas. Las grandes empresas: GSK, Michelin y Calidad Pascual, as\u00ed como las PYMES, precisan urgentemente de este tipo de talento humano \u201clocal\u201d.<\/p><p>It is advisable to strategically anticipate the location of this type of studies in the Ribera del Duero and urgently, thus avoiding the current problems of searching for and retaining talent that large companies and SMEs in the region have already suffered for eight years.<\/p><p><strong>Desde esta concepci\u00f3n, desde el curso escolar 2022\/2023 se iniciar\u00e1n una serie de ofertas educativos oficiales de Grado Superior y de Certificado de Profesionalidad. Iniciamos con el Ciclo Formativo de Grado Superior \u00abT\u00e9cnico Superior en Automatizaci\u00f3n y Rob\u00f3tica Industrial\u00bb.\u00a0<\/strong><\/p><p><strong>Desde el curso 2025\/2026 el Centro Integrado de Formaci\u00f3n Profesional San Gabriel oferta (de forma concertada) el <a href=\"https:\/\/www.educa.jcyl.es\/fp\/es\/catalogo-titulos-modalidad-presencial\/titulos-grado-superior\/electromedicina-clinica\">Ciclo Formativo de Grado Superior en Electromedicina Cl\u00ednica<\/a><\/strong><\/p>\t\t\t\t\t\t\t\t<\/div>\n\t\t\t\t<\/div>\n\t\t\t\t\t<\/div>\n\t\t\t\t<\/div>\n\t\t<div class=\"elementor-element elementor-element-19ef716 e-flex e-con-boxed e-con e-parent\" data-id=\"19ef716\" data-element_type=\"container\" data-e-type=\"container\">\n\t\t\t\t\t<div class=\"e-con-inner\">\n\t\t\t\t<div class=\"elementor-element elementor-element-407a0a3 elementor-widget elementor-widget-spacer\" data-id=\"407a0a3\" data-element_type=\"widget\" data-e-type=\"widget\" data-widget_type=\"spacer.default\">\n\t\t\t\t<div class=\"elementor-widget-container\">\n\t\t\t\t\t\t\t<div class=\"elementor-spacer\">\n\t\t\t<div class=\"elementor-spacer-inner\"><\/div>\n\t\t<\/div>\n\t\t\t\t\t\t<\/div>\n\t\t\t\t<\/div>\n\t\t\t\t\t<\/div>\n\t\t\t\t<\/div>\n\t\t\t\t<section class=\"elementor-section elementor-top-section elementor-element elementor-element-76782494 elementor-section-boxed elementor-section-height-default elementor-section-height-default\" data-id=\"76782494\" data-element_type=\"section\" data-e-type=\"section\" data-settings=\"{&quot;background_background&quot;:&quot;classic&quot;}\">\n\t\t\t\t\t\t\t<div class=\"elementor-background-overlay\"><\/div>\n\t\t\t\t\t\t\t<div class=\"elementor-container elementor-column-gap-default\">\n\t\t\t\t\t<div class=\"elementor-column elementor-col-100 elementor-top-column elementor-element elementor-element-1941ce00\" data-id=\"1941ce00\" data-element_type=\"column\" data-e-type=\"column\">\n\t\t\t<div class=\"elementor-widget-wrap elementor-element-populated\">\n\t\t\t\t\t\t<section class=\"elementor-section elementor-inner-section elementor-element elementor-element-775d30ba elementor-section-boxed elementor-section-height-default elementor-section-height-default\" data-id=\"775d30ba\" data-element_type=\"section\" data-e-type=\"section\">\n\t\t\t\t\t\t<div class=\"elementor-container elementor-column-gap-default\">\n\t\t\t\t\t<div class=\"elementor-column elementor-col-100 elementor-inner-column elementor-element elementor-element-5f13a106 elementor-invisible\" data-id=\"5f13a106\" data-element_type=\"column\" data-e-type=\"column\" data-settings=\"{&quot;animation&quot;:&quot;fadeInUp&quot;}\">\n\t\t\t<div class=\"elementor-widget-wrap elementor-element-populated\">\n\t\t\t\t\t\t<div class=\"elementor-element elementor-element-72bfd52b elementor-widget elementor-widget-heading\" data-id=\"72bfd52b\" data-element_type=\"widget\" data-e-type=\"widget\" data-widget_type=\"heading.default\">\n\t\t\t\t<div class=\"elementor-widget-container\">\n\t\t\t\t\t<h2 class=\"elementor-heading-title elementor-size-default\">Sowing the future together!<\/h2>\t\t\t\t<\/div>\n\t\t\t\t<\/div>\n\t\t\t\t<div class=\"elementor-element elementor-element-389b2a36 elementor-widget elementor-widget-text-editor\" data-id=\"389b2a36\" data-element_type=\"widget\" data-e-type=\"widget\" data-widget_type=\"text-editor.default\">\n\t\t\t\t<div class=\"elementor-widget-container\">\n\t\t\t\t\t\t\t\t\t<p>Discover how at Colegio San Gabriel, we are forging the future through learning and collaboration.\u00a0<\/p>\t\t\t\t\t\t\t\t<\/div>\n\t\t\t\t<\/div>\n\t\t\t\t<div class=\"elementor-element elementor-element-6a8093c6 elementor-widget elementor-widget-button\" data-id=\"6a8093c6\" data-element_type=\"widget\" data-e-type=\"widget\" data-widget_type=\"button.default\">\n\t\t\t\t<div class=\"elementor-widget-container\">\n\t\t\t\t\t\t\t\t\t<div class=\"elementor-button-wrapper\">\n\t\t\t\t\t<a class=\"elementor-button elementor-button-link elementor-size-sm\" href=\"https:\/\/colegiosangabriel.es\/en\/info-matricula\/\">\n\t\t\t\t\t\t<span class=\"elementor-button-content-wrapper\">\n\t\t\t\t\t\t\t\t\t<span class=\"elementor-button-text\">Ask for information<\/span>\n\t\t\t\t\t<\/span>\n\t\t\t\t\t<\/a>\n\t\t\t\t<\/div>\n\t\t\t\t\t\t\t\t<\/div>\n\t\t\t\t<\/div>\n\t\t\t\t\t<\/div>\n\t\t<\/div>\n\t\t\t\t\t<\/div>\n\t\t<\/section>\n\t\t\t\t\t<\/div>\n\t\t<\/div>\n\t\t\t\t\t<\/div>\n\t\t<\/section>\n\t\t\t\t<\/div>","protected":false},"excerpt":{"rendered":"<p>Centro Integrado de Formaci\u00f3n Profesional San Gabriel &#8211; Escuela de Electricidad, Electr\u00f3nica y Rob\u00f3tica Escuela de Electricidad, Electr\u00f3nica y Rob\u00f3tica San Gabriel La importancia del sector de la fabricaci\u00f3n en la econom\u00eda de los pa\u00edses se ha puesto de manifiesto en la crisis actual. Todos los expertos abogan por potenciar un sector clave que la [&hellip;]<\/p>\n","protected":false},"author":1,"featured_media":0,"parent":0,"menu_order":0,"comment_status":"closed","ping_status":"closed","template":"elementor_header_footer","meta":{"footnotes":""},"class_list":["post-526","page","type-page","status-publish","hentry"],"_links":{"self":[{"href":"https:\/\/colegiosangabriel.es\/en\/wp-json\/wp\/v2\/pages\/526","targetHints":{"allow":["GET"]}}],"collection":[{"href":"https:\/\/colegiosangabriel.es\/en\/wp-json\/wp\/v2\/pages"}],"about":[{"href":"https:\/\/colegiosangabriel.es\/en\/wp-json\/wp\/v2\/types\/page"}],"author":[{"embeddable":true,"href":"https:\/\/colegiosangabriel.es\/en\/wp-json\/wp\/v2\/users\/1"}],"replies":[{"embeddable":true,"href":"https:\/\/colegiosangabriel.es\/en\/wp-json\/wp\/v2\/comments?post=526"}],"version-history":[{"count":58,"href":"https:\/\/colegiosangabriel.es\/en\/wp-json\/wp\/v2\/pages\/526\/revisions"}],"predecessor-version":[{"id":5917,"href":"https:\/\/colegiosangabriel.es\/en\/wp-json\/wp\/v2\/pages\/526\/revisions\/5917"}],"wp:attachment":[{"href":"https:\/\/colegiosangabriel.es\/en\/wp-json\/wp\/v2\/media?parent=526"}],"curies":[{"name":"wp","href":"https:\/\/api.w.org\/{rel}","templated":true}]}}