{"id":516,"date":"2024-04-26T09:13:02","date_gmt":"2024-04-26T09:13:02","guid":{"rendered":"https:\/\/colegiosangabriel.es\/?page_id=516"},"modified":"2025-08-14T08:25:38","modified_gmt":"2025-08-14T08:25:38","slug":"colegio-internacional-san-gabriel-eso-2","status":"publish","type":"page","link":"https:\/\/colegiosangabriel.es\/en\/colegio-internacional-san-gabriel-eso-2\/","title":{"rendered":"Colegio Internacional San Gabriel &#8211; Educaci\u00f3n Secundaria Obligatoria"},"content":{"rendered":"<div data-elementor-type=\"wp-page\" data-elementor-id=\"516\" class=\"elementor elementor-516\">\n\t\t\t\t\t\t<section class=\"elementor-section elementor-top-section elementor-element elementor-element-27fac2ce elementor-section-height-min-height elementor-section-boxed elementor-section-height-default elementor-section-items-middle\" data-id=\"27fac2ce\" data-element_type=\"section\" data-e-type=\"section\" data-settings=\"{&quot;background_background&quot;:&quot;classic&quot;}\">\n\t\t\t\t\t\t\t<div class=\"elementor-background-overlay\"><\/div>\n\t\t\t\t\t\t\t<div class=\"elementor-container elementor-column-gap-default\">\n\t\t\t\t\t<div class=\"elementor-column elementor-col-100 elementor-top-column elementor-element elementor-element-224a438a\" data-id=\"224a438a\" data-element_type=\"column\" data-e-type=\"column\">\n\t\t\t<div class=\"elementor-widget-wrap elementor-element-populated\">\n\t\t\t\t\t\t<div class=\"elementor-element elementor-element-5a7a9249 elementor-widget elementor-widget-elementskit-heading\" data-id=\"5a7a9249\" data-element_type=\"widget\" data-e-type=\"widget\" data-widget_type=\"elementskit-heading.default\">\n\t\t\t\t<div class=\"elementor-widget-container\">\n\t\t\t\t\t<div class=\"ekit-wid-con\" ><div class=\"ekit-heading elementskit-section-title-wraper text_center   ekit_heading_tablet-   ekit_heading_mobile-\"><h2 class=\"ekit-heading--title elementskit-section-title\">Educaci\u00f3n Secundaria Obligatoria - ESO<\/h2><\/div><\/div>\t\t\t\t<\/div>\n\t\t\t\t<\/div>\n\t\t\t\t\t<\/div>\n\t\t<\/div>\n\t\t\t\t\t<\/div>\n\t\t<\/section>\n\t\t\t\t<section class=\"elementor-section elementor-top-section elementor-element elementor-element-60769fd6 elementor-section-boxed elementor-section-height-default elementor-section-height-default\" data-id=\"60769fd6\" data-element_type=\"section\" data-e-type=\"section\">\n\t\t\t\t\t\t<div class=\"elementor-container elementor-column-gap-default\">\n\t\t\t\t\t<div class=\"elementor-column elementor-col-66 elementor-top-column elementor-element elementor-element-1d5837ad\" data-id=\"1d5837ad\" data-element_type=\"column\" data-e-type=\"column\">\n\t\t\t<div class=\"elementor-widget-wrap elementor-element-populated\">\n\t\t\t\t\t\t<div class=\"elementor-element elementor-element-7a1b9774 elementor-invisible elementor-widget elementor-widget-heading\" data-id=\"7a1b9774\" data-element_type=\"widget\" data-e-type=\"widget\" data-settings=\"{&quot;_animation&quot;:&quot;fadeInLeft&quot;}\" data-widget_type=\"heading.default\">\n\t\t\t\t<div class=\"elementor-widget-container\">\n\t\t\t\t\t<h2 class=\"elementor-heading-title elementor-size-default\">\nCompulsory Secondary Education<\/h2>\t\t\t\t<\/div>\n\t\t\t\t<\/div>\n\t\t\t\t<div class=\"elementor-element elementor-element-6d21949f elementor-widget elementor-widget-text-editor\" data-id=\"6d21949f\" data-element_type=\"widget\" data-e-type=\"widget\" data-widget_type=\"text-editor.default\">\n\t\t\t\t<div class=\"elementor-widget-container\">\n\t\t\t\t\t\t\t\t\t<p class=\"Rotulos\" style=\"color: #5f5a5a; font-size: 12px; text-indent: 0pt; font-family: verdana, arial, helvetica, sans-serif; line-height: 19px;\" align=\"JUSTIFY\"><span style=\"color: #000080;\"><strong style=\"font-weight: bold;\"><span style=\"font-size: 14px;\"><span style=\"font-family: arial, helvetica, sans-serif;\">Compulsory Secondary Education<\/span><\/span><\/strong><\/span><\/p><p class=\"Rotulos\" style=\"color: #5f5a5a; font-size: 12px; text-indent: 0pt; font-family: verdana, arial, helvetica, sans-serif; line-height: 19px;\" align=\"JUSTIFY\"><span style=\"color: #000080;\"><strong style=\"font-weight: bold;\"><span style=\"font-size: 14px;\"><span style=\"font-family: arial, helvetica, sans-serif;\">Niveles Educativos<\/span><\/span><\/strong><\/span><\/p><p class=\"Estilo1\" style=\"color: #5f5a5a; font-size: 12px; text-indent: 0pt; font-family: verdana, arial, helvetica, sans-serif; line-height: 19px;\" align=\"JUSTIFY\"><strong><span style=\"color: #000080;\"><span style=\"font-family: arial, helvetica, sans-serif;\">Secundaria completa: 1\u00ba, 2\u00ba, 3\u00ba y 4\u00ba de E.S.O. (Niveles concertados)<\/span><\/span><\/strong><\/p><p class=\"Rotulos\" style=\"color: #5f5a5a; font-size: 12px; text-indent: 0pt; font-family: verdana, arial, helvetica, sans-serif; line-height: 19px;\" align=\"JUSTIFY\"><span style=\"color: #000080;\"><span style=\"font-family: arial, helvetica, sans-serif;\"><strong style=\"font-weight: bold;\">Objetivo<\/strong><\/span><\/span><\/p><p class=\"Estilo1 Estilo16\" style=\"color: #5f5a5a; font-size: 12px; text-indent: 0pt; font-family: verdana, arial, helvetica, sans-serif; line-height: 19px;\"><span style=\"color: #000080;\"><span style=\"font-family: arial, helvetica, sans-serif;\">La Educaci\u00f3n Secundaria Obligatoria (E.S.O.) es la tercera etapa educativa que afrontan sus hijos\/as tras la Educaci\u00f3n Infantil y la Educaci\u00f3n Primaria. La ESO es la \u00faltima etapa del periodo de escolarizaci\u00f3n obligatoria, es decir, hasta los 16 a\u00f1os. Se estructura en 4 cursos y cada curso est\u00e1 dividido en tres periodos o trimestres en los que los\/as alumnos\/as y los padres y madres informados\/as de su evoluci\u00f3n durante el ciclo.<\/span><\/span><\/p><p class=\"Estilo1 Estilo16\" style=\"color: #5f5a5a; font-size: 12px; text-indent: 0pt; font-family: verdana, arial, helvetica, sans-serif; line-height: 19px;\"><span style=\"color: #000080;\"><span style=\"font-family: arial, helvetica, sans-serif;\">La ESO tiene como finalidad hacer posible que todos\/as los\/as alumnos\/as de 12 a 16 a\u00f1os puedan acceder a los elementos b\u00e1sicos de la cultura en el marco de la educaci\u00f3n integral. Los estudiantes de esta etapa han de adquirir los conceptos, habilidades, actitudes y valores que les conduzcan a la autonom\u00eda individual, a la construcci\u00f3n de la propia personalidad y a una concepci\u00f3n positiva de si mismos. Deben tambi\u00e9n consolidar la formaci\u00f3n necesaria, que les permita incorporarse al mundo laboral o a la educaci\u00f3n secundaria post-obligatoria.<\/span><\/span><\/p><p class=\"Estilo1 Estilo16\" style=\"color: #5f5a5a; font-size: 12px; text-indent: 0pt; font-family: verdana, arial, helvetica, sans-serif; line-height: 19px;\"><span style=\"color: #000080;\"><span style=\"font-family: arial, helvetica, sans-serif;\">Los contenidos de aprendizaje se impartir\u00e1n por \u00e1reas de conocimiento, teniendo en cuenta la pluralidad de necesidades, aptitudes e intereses de los\/as alumnos\/as. El curr\u00edculo, constituido por \u00e1reas comunes y por materias optativas, dar\u00e1 tambi\u00e9n al alumno\/a una formaci\u00f3n profesional de base. Las materias optativas tendr\u00e1n un peso creciente a lo largo de la etapa.<\/span><\/span><\/p><p class=\"Estilo1 Estilo16\" style=\"color: #5f5a5a; font-size: 12px; text-indent: 0pt; font-family: verdana, arial, helvetica, sans-serif; line-height: 19px;\"><span style=\"color: #000080;\"><span style=\"font-family: arial, helvetica, sans-serif;\">Al finalizar estos estudios los\/as alumnos\/as, que hayan completado satisfactoriamente la etapa, recibir\u00e1n el t\u00edtulo de \u00abGraduado en Educaci\u00f3n Secundaria\u00bb, que facultar\u00e1, si se quiere continuar estudiando, para acceder al Bachillerato o a la formaci\u00f3n profesional de grado medio.<\/span><\/span><\/p><p class=\"Estilo1 Estilo16\" style=\"color: #5f5a5a; font-size: 12px; text-indent: 0pt; font-family: verdana, arial, helvetica, sans-serif; line-height: 19px;\"><span style=\"color: #000080;\"><span style=\"font-family: arial, helvetica, sans-serif;\">En definitiva, la ESO trata de garantizar a todos\/as los\/as alumnos\/as las mismas oportunidades de formaci\u00f3n, respetando la diversidad, y de proporcionarles todas aquellas habilidades y conocimientos que les permitan poder seguir las diferentes salidas que se les ofrecen al terminar la ense\u00f1anza obligatoria.<\/span><\/span><\/p><p class=\"Estilo1\" style=\"color: #5f5a5a; font-size: 12px; text-indent: 0pt; font-family: verdana, arial, helvetica, sans-serif; line-height: 19px;\"><span style=\"color: #000080;\"><span style=\"font-family: arial, helvetica, sans-serif;\">Los\/as chicos\/as de 12 a 16 a\u00f1os ya no son ni\u00f1os\/as, pero aun no son adultos: todos\/as son adolescentes. La etapa de ESO coincide con un periodo de la vida, la adolescencia, en el que se da un proceso de maduraci\u00f3n a todos los niveles: biol\u00f3gico, psicol\u00f3gico y social.<\/span><\/span><\/p><p class=\"Estilo1\" style=\"color: #5f5a5a; font-size: 12px; text-indent: 0pt; font-family: verdana, arial, helvetica, sans-serif; line-height: 19px;\"><span style=\"color: #000080;\"><span style=\"font-family: arial, helvetica, sans-serif;\">La adolescencia se caracteriza por una serie de cambios significativos que influyen en el desarrollo de la personalidad. Hay una serie de caracter\u00edsticas que definen este desarrollo como: la reestructuraci\u00f3n de la imagen corporal, las relaciones con los padres y, en general, con los adultos, el comienzo de relaciones nuevas y m\u00e1s intensas con compa\u00f1eros\/as del propio sexo y del otro, la diversificaci\u00f3n de la capacidad intelectual y la adquisici\u00f3n de un sentido integrado de la identidad.<\/span><\/span><\/p><p class=\"Estilo1\" style=\"color: #5f5a5a; font-size: 12px; text-indent: 0pt; font-family: verdana, arial, helvetica, sans-serif; line-height: 19px;\"><span style=\"color: #000080;\"><span style=\"font-family: arial, helvetica, sans-serif;\">No todos\/as los\/as chicos\/as viven la misma adolescencia. Diferencias personales, familiares, sociales y escolares provocan una diversidad de adolescentes. La mayor\u00eda superan de forma positiva esta etapa de transformaciones, inestabilidad y desequilibrio, pero siempre existe un porcentaje, variable seg\u00fan los contextos, en el que la adolescencia se transforma en dificultad y conflicto.<\/span><\/span><\/p><p class=\"Rotulos\" style=\"color: #5f5a5a; font-size: 12px; text-indent: 0pt; font-family: verdana, arial, helvetica, sans-serif; line-height: 19px;\" align=\"JUSTIFY\"><span style=\"color: #000080;\"><span style=\"font-family: arial, helvetica, sans-serif;\"><strong style=\"font-weight: bold;\">Horario<\/strong><\/span><\/span><\/p><p class=\"Estilo1\" style=\"color: #5f5a5a; font-size: 12px; text-indent: 0pt; font-family: verdana, arial, helvetica, sans-serif; line-height: 19px;\" align=\"JUSTIFY\"><span style=\"color: #000080;\"><span style=\"font-family: arial, helvetica, sans-serif;\">De 8:30 h. a 14:45 h., de lunes a viernes. <strong>Disponemos de servicio de transporte escolar, servicio de comedor, estudio asistido en horario vespertino y programa anual de actividades extraescolares.<\/strong> El curr\u00edculo de Castilla y Le\u00f3n marca 30 horas lectivas para estos niveles educativos.<\/span><\/span><\/p><p class=\"Rotulos\" style=\"color: #5f5a5a; font-size: 12px; text-indent: 0pt; font-family: verdana, arial, helvetica, sans-serif; line-height: 19px;\" align=\"JUSTIFY\"><span style=\"color: #000080;\"><span style=\"font-family: arial, helvetica, sans-serif;\"><strong style=\"font-weight: bold;\">Lenguas Extranjeras<\/strong><\/span><\/span><\/p><p style=\"color: #5f5a5a; font-family: Verdana, Arial, Helvetica, sans-serif; font-size: 12px;\"><span style=\"color: #000080;\"><span style=\"font-family: arial, helvetica, sans-serif;\">Ingl\u00e9s<\/span><\/span><\/p><div><span style=\"color: #000080;\"><span style=\"font-family: arial, helvetica, sans-serif;\">\u00a0<\/span><\/span><\/div>\t\t\t\t\t\t\t\t<\/div>\n\t\t\t\t<\/div>\n\t\t\t\t\t<\/div>\n\t\t<\/div>\n\t\t\t\t<div class=\"elementor-column elementor-col-33 elementor-top-column elementor-element elementor-element-2912e76c\" data-id=\"2912e76c\" data-element_type=\"column\" data-e-type=\"column\">\n\t\t\t<div class=\"elementor-widget-wrap elementor-element-populated\">\n\t\t\t\t\t\t<section class=\"elementor-section elementor-inner-section elementor-element elementor-element-436f794c elementor-section-boxed elementor-section-height-default elementor-section-height-default elementor-invisible\" data-id=\"436f794c\" data-element_type=\"section\" data-e-type=\"section\" data-settings=\"{&quot;animation&quot;:&quot;fadeInUp&quot;}\">\n\t\t\t\t\t\t<div class=\"elementor-container elementor-column-gap-default\">\n\t\t\t\t\t<div class=\"elementor-column elementor-col-100 elementor-inner-column elementor-element elementor-element-478b7d66\" data-id=\"478b7d66\" data-element_type=\"column\" data-e-type=\"column\" data-settings=\"{&quot;background_background&quot;:&quot;classic&quot;}\">\n\t\t\t<div class=\"elementor-widget-wrap elementor-element-populated\">\n\t\t\t\t\t<div class=\"elementor-background-overlay\"><\/div>\n\t\t\t\t\t\t<div class=\"elementor-element elementor-element-4f00f13b elementor-widget elementor-widget-heading\" data-id=\"4f00f13b\" data-element_type=\"widget\" data-e-type=\"widget\" data-widget_type=\"heading.default\">\n\t\t\t\t<div class=\"elementor-widget-container\">\n\t\t\t\t\t<h2 class=\"elementor-heading-title elementor-size-default\">Contact information<\/h2>\t\t\t\t<\/div>\n\t\t\t\t<\/div>\n\t\t\t\t<div class=\"elementor-element elementor-element-237390b4 elementor-icon-list--layout-traditional elementor-list-item-link-full_width elementor-widget elementor-widget-icon-list\" data-id=\"237390b4\" data-element_type=\"widget\" data-e-type=\"widget\" data-widget_type=\"icon-list.default\">\n\t\t\t\t<div class=\"elementor-widget-container\">\n\t\t\t\t\t\t\t<ul class=\"elementor-icon-list-items\">\n\t\t\t\t\t\t\t<li class=\"elementor-icon-list-item\">\n\t\t\t\t\t\t\t\t\t\t<span class=\"elementor-icon-list-text\">Tel.: 947 54 50 06 Fax: 947 54 51 61 info@colegiosangabriel.es<\/span>\n\t\t\t\t\t\t\t\t\t<\/li>\n\t\t\t\t\t\t<\/ul>\n\t\t\t\t\t\t<\/div>\n\t\t\t\t<\/div>\n\t\t\t\t\t<\/div>\n\t\t<\/div>\n\t\t\t\t\t<\/div>\n\t\t<\/section>\n\t\t\t\t<section class=\"elementor-section elementor-inner-section elementor-element elementor-element-5508925c elementor-section-boxed elementor-section-height-default elementor-section-height-default elementor-invisible\" data-id=\"5508925c\" data-element_type=\"section\" data-e-type=\"section\" data-settings=\"{&quot;animation&quot;:&quot;fadeInUp&quot;}\">\n\t\t\t\t\t\t<div class=\"elementor-container elementor-column-gap-default\">\n\t\t\t\t\t<div class=\"elementor-column elementor-col-100 elementor-inner-column elementor-element elementor-element-2dbfa633\" data-id=\"2dbfa633\" data-element_type=\"column\" data-e-type=\"column\">\n\t\t\t<div class=\"elementor-widget-wrap elementor-element-populated\">\n\t\t\t\t\t\t<div class=\"elementor-element elementor-element-19b6ef9e elementor-widget elementor-widget-heading\" data-id=\"19b6ef9e\" data-element_type=\"widget\" data-e-type=\"widget\" data-widget_type=\"heading.default\">\n\t\t\t\t<div class=\"elementor-widget-container\">\n\t\t\t\t\t<h2 class=\"elementor-heading-title elementor-size-default\">Documentation of interest<\/h2>\t\t\t\t<\/div>\n\t\t\t\t<\/div>\n\t\t\t\t<div class=\"elementor-element elementor-element-34373ae2 elementor-icon-list--layout-traditional elementor-list-item-link-full_width elementor-widget elementor-widget-icon-list\" data-id=\"34373ae2\" data-element_type=\"widget\" data-e-type=\"widget\" data-widget_type=\"icon-list.default\">\n\t\t\t\t<div class=\"elementor-widget-container\">\n\t\t\t\t\t\t\t<ul class=\"elementor-icon-list-items\">\n\t\t\t\t\t\t\t<li class=\"elementor-icon-list-item\">\n\t\t\t\t\t\t\t\t\t\t\t<a href=\"https:\/\/web2.alexiaedu.com\/ACWeb\/LogOn.aspx?key=DcuAiC2%2fi9I%3d\">\n\n\t\t\t\t\t\t\t\t\t\t\t\t<span class=\"elementor-icon-list-icon\">\n\t\t\t\t\t\t\t<svg aria-hidden=\"true\" class=\"e-font-icon-svg e-fas-link\" viewbox=\"0 0 512 512\" xmlns=\"http:\/\/www.w3.org\/2000\/svg\"><path d=\"M326.612 185.391c59.747 59.809 58.927 155.698.36 214.59-.11.12-.24.25-.36.37l-67.2 67.2c-59.27 59.27-155.699 59.262-214.96 0-59.27-59.26-59.27-155.7 0-214.96l37.106-37.106c9.84-9.84 26.786-3.3 27.294 10.606.648 17.722 3.826 35.527 9.69 52.721 1.986 5.822.567 12.262-3.783 16.612l-13.087 13.087c-28.026 28.026-28.905 73.66-1.155 101.96 28.024 28.579 74.086 28.749 102.325.51l67.2-67.19c28.191-28.191 28.073-73.757 0-101.83-3.701-3.694-7.429-6.564-10.341-8.569a16.037 16.037 0 0 1-6.947-12.606c-.396-10.567 3.348-21.456 11.698-29.806l21.054-21.055c5.521-5.521 14.182-6.199 20.584-1.731a152.482 152.482 0 0 1 20.522 17.197zM467.547 44.449c-59.261-59.262-155.69-59.27-214.96 0l-67.2 67.2c-.12.12-.25.25-.36.37-58.566 58.892-59.387 154.781.36 214.59a152.454 152.454 0 0 0 20.521 17.196c6.402 4.468 15.064 3.789 20.584-1.731l21.054-21.055c8.35-8.35 12.094-19.239 11.698-29.806a16.037 16.037 0 0 0-6.947-12.606c-2.912-2.005-6.64-4.875-10.341-8.569-28.073-28.073-28.191-73.639 0-101.83l67.2-67.19c28.239-28.239 74.3-28.069 102.325.51 27.75 28.3 26.872 73.934-1.155 101.96l-13.087 13.087c-4.35 4.35-5.769 10.79-3.783 16.612 5.864 17.194 9.042 34.999 9.69 52.721.509 13.906 17.454 20.446 27.294 10.606l37.106-37.106c59.271-59.259 59.271-155.699.001-214.959z\"><\/path><\/svg>\t\t\t\t\t\t<\/span>\n\t\t\t\t\t\t\t\t\t\t<span class=\"elementor-icon-list-text\">Horarios y asignaturas<\/span>\n\t\t\t\t\t\t\t\t\t\t\t<\/a>\n\t\t\t\t\t\t\t\t\t<\/li>\n\t\t\t\t\t\t\t\t<li class=\"elementor-icon-list-item\">\n\t\t\t\t\t\t\t\t\t\t\t<a href=\"http:\/\/www.gabrielistas.org\/\">\n\n\t\t\t\t\t\t\t\t\t\t\t\t<span class=\"elementor-icon-list-icon\">\n\t\t\t\t\t\t\t<svg aria-hidden=\"true\" class=\"e-font-icon-svg e-fas-file-pdf\" viewbox=\"0 0 384 512\" xmlns=\"http:\/\/www.w3.org\/2000\/svg\"><path d=\"M181.9 256.1c-5-16-4.9-46.9-2-46.9 8.4 0 7.6 36.9 2 46.9zm-1.7 47.2c-7.7 20.2-17.3 43.3-28.4 62.7 18.3-7 39-17.2 62.9-21.9-12.7-9.6-24.9-23.4-34.5-40.8zM86.1 428.1c0 .8 13.2-5.4 34.9-40.2-6.7 6.3-29.1 24.5-34.9 40.2zM248 160h136v328c0 13.3-10.7 24-24 24H24c-13.3 0-24-10.7-24-24V24C0 10.7 10.7 0 24 0h200v136c0 13.2 10.8 24 24 24zm-8 171.8c-20-12.2-33.3-29-42.7-53.8 4.5-18.5 11.6-46.6 6.2-64.2-4.7-29.4-42.4-26.5-47.8-6.8-5 18.3-.4 44.1 8.1 77-11.6 27.6-28.7 64.6-40.8 85.8-.1 0-.1.1-.2.1-27.1 13.9-73.6 44.5-54.5 68 5.6 6.9 16 10 21.5 10 17.9 0 35.7-18 61.1-61.8 25.8-8.5 54.1-19.1 79-23.2 21.7 11.8 47.1 19.5 64 19.5 29.2 0 31.2-32 19.7-43.4-13.9-13.6-54.3-9.7-73.6-7.2zM377 105L279 7c-4.5-4.5-10.6-7-17-7h-6v128h128v-6.1c0-6.3-2.5-12.4-7-16.9zm-74.1 255.3c4.1-2.7-2.5-11.9-42.8-9 37.1 15.8 42.8 9 42.8 9z\"><\/path><\/svg>\t\t\t\t\t\t<\/span>\n\t\t\t\t\t\t\t\t\t\t<span class=\"elementor-icon-list-text\">Brothers of Saint Gabriel<\/span>\n\t\t\t\t\t\t\t\t\t\t\t<\/a>\n\t\t\t\t\t\t\t\t\t<\/li>\n\t\t\t\t\t\t\t\t<li class=\"elementor-icon-list-item\">\n\t\t\t\t\t\t\t\t\t\t\t<a href=\"https:\/\/www.youtube.com\/watch?v=J2eLgyJCr50\">\n\n\t\t\t\t\t\t\t\t\t\t\t\t<span class=\"elementor-icon-list-icon\">\n\t\t\t\t\t\t\t<svg aria-hidden=\"true\" class=\"e-font-icon-svg e-fas-video\" viewbox=\"0 0 576 512\" xmlns=\"http:\/\/www.w3.org\/2000\/svg\"><path d=\"M336.2 64H47.8C21.4 64 0 85.4 0 111.8v288.4C0 426.6 21.4 448 47.8 448h288.4c26.4 0 47.8-21.4 47.8-47.8V111.8c0-26.4-21.4-47.8-47.8-47.8zm189.4 37.7L416 177.3v157.4l109.6 75.5c21.2 14.6 50.4-.3 50.4-25.8V127.5c0-25.4-29.1-40.4-50.4-25.8z\"><\/path><\/svg>\t\t\t\t\t\t<\/span>\n\t\t\t\t\t\t\t\t\t\t<span class=\"elementor-icon-list-text\">Nuestra comunidad educativa<\/span>\n\t\t\t\t\t\t\t\t\t\t\t<\/a>\n\t\t\t\t\t\t\t\t\t<\/li>\n\t\t\t\t\t\t\t\t<li class=\"elementor-icon-list-item\">\n\t\t\t\t\t\t\t\t\t\t\t<a href=\"https:\/\/www.youtube.com\/watch?v=jh4aRYEFFRk\">\n\n\t\t\t\t\t\t\t\t\t\t\t\t<span class=\"elementor-icon-list-icon\">\n\t\t\t\t\t\t\t<svg aria-hidden=\"true\" class=\"e-font-icon-svg e-fas-video\" viewbox=\"0 0 576 512\" xmlns=\"http:\/\/www.w3.org\/2000\/svg\"><path d=\"M336.2 64H47.8C21.4 64 0 85.4 0 111.8v288.4C0 426.6 21.4 448 47.8 448h288.4c26.4 0 47.8-21.4 47.8-47.8V111.8c0-26.4-21.4-47.8-47.8-47.8zm189.4 37.7L416 177.3v157.4l109.6 75.5c21.2 14.6 50.4-.3 50.4-25.8V127.5c0-25.4-29.1-40.4-50.4-25.8z\"><\/path><\/svg>\t\t\t\t\t\t<\/span>\n\t\t\t\t\t\t\t\t\t\t<span class=\"elementor-icon-list-text\">Ciudad de la Educaci\u00f3n San Gabriel - Aranda de Duero<\/span>\n\t\t\t\t\t\t\t\t\t\t\t<\/a>\n\t\t\t\t\t\t\t\t\t<\/li>\n\t\t\t\t\t\t<\/ul>\n\t\t\t\t\t\t<\/div>\n\t\t\t\t<\/div>\n\t\t\t\t\t<\/div>\n\t\t<\/div>\n\t\t\t\t\t<\/div>\n\t\t<\/section>\n\t\t\t\t\t<\/div>\n\t\t<\/div>\n\t\t\t\t\t<\/div>\n\t\t<\/section>\n\t\t\t\t<section class=\"elementor-section elementor-top-section elementor-element elementor-element-c5547f0 elementor-section-boxed elementor-section-height-default elementor-section-height-default\" data-id=\"c5547f0\" data-element_type=\"section\" data-e-type=\"section\" data-settings=\"{&quot;background_background&quot;:&quot;classic&quot;}\">\n\t\t\t\t\t\t\t<div class=\"elementor-background-overlay\"><\/div>\n\t\t\t\t\t\t\t<div class=\"elementor-container elementor-column-gap-default\">\n\t\t\t\t\t<div class=\"elementor-column elementor-col-100 elementor-top-column elementor-element elementor-element-47e57f7c\" data-id=\"47e57f7c\" data-element_type=\"column\" data-e-type=\"column\">\n\t\t\t<div class=\"elementor-widget-wrap elementor-element-populated\">\n\t\t\t\t\t\t<section class=\"elementor-section elementor-inner-section elementor-element elementor-element-fa6b0d1 elementor-section-boxed elementor-section-height-default elementor-section-height-default\" data-id=\"fa6b0d1\" data-element_type=\"section\" data-e-type=\"section\">\n\t\t\t\t\t\t<div class=\"elementor-container elementor-column-gap-default\">\n\t\t\t\t\t<div class=\"elementor-column elementor-col-100 elementor-inner-column elementor-element elementor-element-2137cad5 elementor-invisible\" data-id=\"2137cad5\" data-element_type=\"column\" data-e-type=\"column\" data-settings=\"{&quot;animation&quot;:&quot;fadeInUp&quot;}\">\n\t\t\t<div class=\"elementor-widget-wrap elementor-element-populated\">\n\t\t\t\t\t\t<div class=\"elementor-element elementor-element-77bcd386 elementor-widget elementor-widget-heading\" data-id=\"77bcd386\" data-element_type=\"widget\" data-e-type=\"widget\" data-widget_type=\"heading.default\">\n\t\t\t\t<div class=\"elementor-widget-container\">\n\t\t\t\t\t<h2 class=\"elementor-heading-title elementor-size-default\">Sowing the future together!<\/h2>\t\t\t\t<\/div>\n\t\t\t\t<\/div>\n\t\t\t\t<div class=\"elementor-element elementor-element-3ffc534d elementor-widget elementor-widget-text-editor\" data-id=\"3ffc534d\" data-element_type=\"widget\" data-e-type=\"widget\" data-widget_type=\"text-editor.default\">\n\t\t\t\t<div class=\"elementor-widget-container\">\n\t\t\t\t\t\t\t\t\t<p>Discover how at Colegio San Gabriel, we are forging the future through learning and collaboration.\u00a0<\/p>\t\t\t\t\t\t\t\t<\/div>\n\t\t\t\t<\/div>\n\t\t\t\t<div class=\"elementor-element elementor-element-71560a8 elementor-widget elementor-widget-button\" data-id=\"71560a8\" data-element_type=\"widget\" data-e-type=\"widget\" data-widget_type=\"button.default\">\n\t\t\t\t<div class=\"elementor-widget-container\">\n\t\t\t\t\t\t\t\t\t<div class=\"elementor-button-wrapper\">\n\t\t\t\t\t<a class=\"elementor-button elementor-button-link elementor-size-sm\" href=\"https:\/\/colegiosangabriel.es\/en\/info-matricula\/\">\n\t\t\t\t\t\t<span class=\"elementor-button-content-wrapper\">\n\t\t\t\t\t\t\t\t\t<span class=\"elementor-button-text\">Ask for information<\/span>\n\t\t\t\t\t<\/span>\n\t\t\t\t\t<\/a>\n\t\t\t\t<\/div>\n\t\t\t\t\t\t\t\t<\/div>\n\t\t\t\t<\/div>\n\t\t\t\t\t<\/div>\n\t\t<\/div>\n\t\t\t\t\t<\/div>\n\t\t<\/section>\n\t\t\t\t\t<\/div>\n\t\t<\/div>\n\t\t\t\t\t<\/div>\n\t\t<\/section>\n\t\t\t\t<\/div>","protected":false},"excerpt":{"rendered":"<p>Educaci\u00f3n Secundaria Obligatoria &#8211; ESO Educaci\u00f3n Secundaria Obligatoria Educaci\u00f3n Secundaria Obligatoria Niveles Educativos Secundaria completa: 1\u00ba, 2\u00ba, 3\u00ba y 4\u00ba de E.S.O. (Niveles concertados) Objetivo La Educaci\u00f3n Secundaria Obligatoria (E.S.O.) es la tercera etapa educativa que afrontan sus hijos\/as tras la Educaci\u00f3n Infantil y la Educaci\u00f3n Primaria. La ESO es la \u00faltima etapa del periodo [&hellip;]<\/p>\n","protected":false},"author":1,"featured_media":0,"parent":0,"menu_order":0,"comment_status":"closed","ping_status":"closed","template":"elementor_header_footer","meta":{"footnotes":""},"class_list":["post-516","page","type-page","status-publish","hentry"],"_links":{"self":[{"href":"https:\/\/colegiosangabriel.es\/en\/wp-json\/wp\/v2\/pages\/516","targetHints":{"allow":["GET"]}}],"collection":[{"href":"https:\/\/colegiosangabriel.es\/en\/wp-json\/wp\/v2\/pages"}],"about":[{"href":"https:\/\/colegiosangabriel.es\/en\/wp-json\/wp\/v2\/types\/page"}],"author":[{"embeddable":true,"href":"https:\/\/colegiosangabriel.es\/en\/wp-json\/wp\/v2\/users\/1"}],"replies":[{"embeddable":true,"href":"https:\/\/colegiosangabriel.es\/en\/wp-json\/wp\/v2\/comments?post=516"}],"version-history":[{"count":35,"href":"https:\/\/colegiosangabriel.es\/en\/wp-json\/wp\/v2\/pages\/516\/revisions"}],"predecessor-version":[{"id":6292,"href":"https:\/\/colegiosangabriel.es\/en\/wp-json\/wp\/v2\/pages\/516\/revisions\/6292"}],"wp:attachment":[{"href":"https:\/\/colegiosangabriel.es\/en\/wp-json\/wp\/v2\/media?parent=516"}],"curies":[{"name":"wp","href":"https:\/\/api.w.org\/{rel}","templated":true}]}}