{"id":3082,"date":"2024-05-08T11:15:10","date_gmt":"2024-05-08T11:15:10","guid":{"rendered":"https:\/\/colegiosangabriel.es\/?page_id=3082"},"modified":"2025-03-19T13:58:21","modified_gmt":"2025-03-19T13:58:21","slug":"politica-de-cookies","status":"publish","type":"page","link":"https:\/\/colegiosangabriel.es\/en\/politica-de-cookies\/","title":{"rendered":"Cookies policy"},"content":{"rendered":"<div data-elementor-type=\"wp-page\" data-elementor-id=\"3082\" class=\"elementor elementor-3082\">\n\t\t\t\t<div class=\"elementor-element elementor-element-2b64c44 e-flex e-con-boxed e-con e-parent\" data-id=\"2b64c44\" data-element_type=\"container\" data-e-type=\"container\">\n\t\t\t\t\t<div class=\"e-con-inner\">\n\t\t\t\t<div class=\"elementor-element elementor-element-18c47105 elementor-widget elementor-widget-text-editor\" data-id=\"18c47105\" data-element_type=\"widget\" data-e-type=\"widget\" data-widget_type=\"text-editor.default\">\n\t\t\t\t<div class=\"elementor-widget-container\">\n\t\t\t\t\t\t\t\t\t\n<p><strong>Warning.<\/strong>\u00a0This Website uses Cookies to facilitate navigation and to adapt its contents to user references.<\/p>\n\n<p>In compliance with Law 34\/2002, of July 11, on Information Society Services and Electronic Commerce, we inform you that this website, like most sites on the Internet, uses Cookies to improve and optimize the user experience. Below you will find detailed information about what \u201cCookies\u201d are, what type this website uses, how to change your cookie settings, and what happens if you disable Cookies.<\/p>\n\n<p><strong>What is a cookie?<\/strong><br \/>A &quot;Cookie&quot; is a file that is downloaded to your computer when you access certain Web pages. Cookies are tools that allow a Web page, among other things, to store and retrieve information about the browsing habits of a user or their equipment and, depending on the information obtained, they can be used to recognize the user and improve the service offered. .<\/p>\n\n<p><strong>Why do we use cookies?<\/strong><br \/>We use cookies to improve the functioning of our website and to offer you the best browsing experience.<\/p>\n\n<p><strong>The cookies we use are classified into different categories:<\/strong><\/p>\n\n<ul class=\"wp-block-list\">\n<li><strong>Strictly necessary cookies<\/strong>\u00a0\u2013 are essential so that you can use all the functions of our website, such as accessing security areas or maintaining the session of the registered user when browsing the page. These cookies do not collect information, they are exclusive for the functionality of the page. Privacy regulations automatically allow these cookies to be placed in your browser. If you decide to disable cookies, some features of our website may not work correctly.<\/li>\n\n<li><strong>Analysis cookies<\/strong>\u00a0\u2013 are those that, well treated by us or by third parties, allow us to quantify the number of users and thus carry out the measurement and statistical analysis of the use made by users of the service offered.<br \/>To do this, your navigation on our website is analyzed in order to improve the offer of products or services that we offer.<\/li>\n\n<li><strong>Third party cookies<\/strong>\u00a0\u2013 These cookies are not deposited by us. They do not collect or send any personal information. Some allow the operation of useful services such as Google maps, sharing information on different social networks, YouTube videos, etc. We have no control over these cookies. The companies that generate these Cookies have their own privacy policies.<\/li>\n<\/ul>\n<p>\u00a0<\/p>\n<ul>\n<li><strong>\u00bfC\u00f3mo puede configurar sus Cookies?\u00a0<\/strong>Al navegar y continuar en nuestro sitio web estar\u00e1 consintiendo el uso de las Cookies en las condiciones contenidas en la presente Pol\u00edtica de Cookies. Usted como usuario tiene la posibilidad de ejercer su derecho a bloquear, eliminar y rechazar el uso de Cookies, en todo momento, modificando las opciones de su navegador.Por ejemplo:\n<ul>\n<li><strong>Internet Explorer:<\/strong>\u00a0Herramientas &gt; Opciones de Internet\u00a0&gt; Privacidad\u00a0&gt; Configuraci\u00f3n. Para m\u00e1s informaci\u00f3n, puede consultar el\u00a0<a href=\"http:\/\/windows.microsoft.com\/es-ES\/windows\/support\">soporte de Microsoft<\/a>\u00a0o la Ayuda del navegador.<\/li>\n<li><strong>Firefox:<\/strong>\u00a0Herramientas\u00a0&gt; Opciones\u00a0&gt; Privacidad\u00a0&gt; Historial\u00a0&gt; Configuraci\u00f3n Personalizada. Para m\u00e1s informaci\u00f3n, puede consultar el\u00a0<a href=\"http:\/\/support.mozilla.org\/es\/home\">soporte de Mozilla<\/a>\u00a0o la Ayuda del navegador.<\/li>\n<li><strong>Chrome:<\/strong>\u00a0Configuraci\u00f3n\u00a0&gt; Mostrar opciones avanzadas\u00a0&gt; Privacidad\u00a0-&gt; Configuraci\u00f3n de contenido. Para m\u00e1s informaci\u00f3n, puede consultar el\u00a0<a href=\"http:\/\/support.google.com\/chrome\/?hl=es\">soporte de Google<\/a>\u00a0o la Ayuda del navegador.<\/li>\n<li><strong>Safari:<\/strong>\u00a0Preferencias\u00a0&gt; Seguridad. Para m\u00e1s informaci\u00f3n, puede consultar el\u00a0<a href=\"http:\/\/www.apple.com\/es\/support\/safari\/\">soporte de Apple<\/a>\u00a0o la Ayuda del navegador.<\/li>\n<li><strong>Opera:<\/strong>\u00a0Configuraci\u00f3n &gt; Opciones &gt; Avanzado &gt; Cookies Para m\u00e1s informaci\u00f3n, puede consultar el\u00a0<a href=\"http:\/\/help.opera.com\/Windows\/11.50\/es-ES\/cookies.html\">soporte de Opera<\/a>\u00a0o la Ayuda del navegador.<\/li>\n<\/ul>\n<p class=\"selectionShareable\">Si usa otro navegador distinto a los anteriores, consulte su pol\u00edtica de instalaci\u00f3n, uso y bloqueo de cookies.<\/p>\n<\/li>\n<li><strong>\u00bfQu\u00e9 ocurre si se deshabilitan las Cookies?\u00a0<\/strong>Algunas funcionalidades de los Servicios y \u00e1reas de este sitio web podr\u00edan no funcionar correctamente si se deshabilitan las cookies.<\/li>\n<li><strong>\u00bfActualizamos nuestra Pol\u00edtica de Cookies?\u00a0<\/strong>Es posible que actualicemos la Pol\u00edtica de Cookies de nuestro p\u00e1gina web, por ello le recomendamos revisar esta pol\u00edtica cada vez que acceda a nuestro sitio web con el objetivo de estar adecuadamente informado sobre c\u00f3mo y para qu\u00e9 usamos las cookies<\/li>\n<\/ul>\n\n<p><strong>How to manage browser Cookies<\/strong><br \/>They can be allowed, blocked or deleted through the settings of the browser options installed on the device. In the following links you will find information regarding Cookies in each browser:<\/p>\n\n<p>a) Internet Explorer<br \/><a href=\"http:\/\/windows.microsoft.com\/es-xl\/internet-explorer\/delete-manage-cookies#ie=ie-10\" target=\"_blank\" rel=\"noreferrer noopener\">windows.microsoft.com\/es-xl\/internet-explorer\/delete-manage-cookies#ie=\u00bbie-10<\/a><\/p>\n\n<p>b) FireFox<br \/><a href=\"http:\/\/support.mozilla.org\/es\/kb\/Borrar%20cookies\" target=\"_blank\" rel=\"noreferrer noopener\">support.mozilla.org\/es\/kb\/Borrar%20cookies<\/a><\/p>\n\n<p>c) Chrome<br \/><a href=\"http:\/\/support.google.com\/chrome\/answer\/95647?hl=es\" target=\"_blank\" rel=\"noreferrer noopener\">http:\/\/support.google.com\/chrome\/answer\/95647?hl=es<\/a><\/p>\n\n<p>d) Safari<br \/><a href=\"http:\/\/www.apple.com\/es\/privacy\/use-of-cookies\" target=\"_blank\" rel=\"noreferrer noopener\">www.apple.com\/es\/privacy\/use-of-cookies<\/a><\/p>\n\n<p>If you wish, you can configure your browser to be notified on the screen of the receipt of cookies and prevent the installation of cookies on your hard drive. However, if you select these settings, you may not be able to access certain parts of the website or use some of our services. Please see the following links if you do not want to accept cookies:<\/p>\n\n<p>More information on how to disable the use of cookies in Firefox\u00a0<a href=\"http:\/\/support.mozilla.org\/es\/kb\/habilitar-y-deshabilitar-cookies-que-los-sitios-we\" target=\"_blank\" rel=\"noreferrer noopener\">Click here<\/a><\/p>\n\n<p>More information on how to disable the use of cookies in Chrome\u00a0<a href=\"https:\/\/support.google.com\/chrome\/answer\/95647?hl=es\" target=\"_blank\" rel=\"noreferrer noopener\">Click here<\/a><\/p>\n\n<p>More information on how to disable the use of cookies in Safari\u00a0<a href=\"http:\/\/support.apple.com\/kb\/ph5042\" target=\"_blank\" rel=\"noreferrer noopener\">Click here<\/a><\/p>\n\n<p>More information on how to disable the use of cookies in Opera\u00a0<a href=\"http:\/\/help.opera.com\/Windows\/11.50\/es-ES\/cookies.html\" target=\"_blank\" rel=\"noreferrer noopener\">Click here<\/a><\/p>\n\n<p>More information on how to disable the use of cookies in Explorer\u00a0<a href=\"http:\/\/windows.microsoft.com\/es-es\/windows-vista\/block-or-allow-cookies\" target=\"_blank\" rel=\"noreferrer noopener\">Click here<\/a><\/p>\n\n<p>To disable Analytics cookies specifically, you can do so by following\u00a0<a href=\"https:\/\/tools.google.com\/dlpage\/gaoptout?hl=es\" target=\"_blank\" rel=\"noreferrer noopener\">this link<\/a><\/p>\n\n<p><strong>Cookie Classification<\/strong><\/p>\n\n<figure class=\"wp-block-table\">\n<table>\n<thead>\n<tr>\n<th><strong>Cookie<\/strong><\/th>\n<th><strong>Name<\/strong><\/th>\n<th><strong>Purpose<\/strong><\/th>\n<\/tr>\n<\/thead>\n<tbody>\n<tr>\n<td><strong>Google Analytics<\/strong><\/td>\n<td>_ga<br \/>_gat<br \/>_utma<br \/>_utmb<br \/>_utmc<br \/>_utmz<br \/>_eventqueue<br \/>NID<\/td>\n<td>They collect Anonymous Information about Users&#039; Navigation through the Website in order to know the origin of visits and other similar statistical data.<\/td>\n<\/tr>\n<tr>\n<td><strong>Google Maps<\/strong><\/td>\n<td>NID<br \/>SNID<br \/>OGPC<br \/>OGP<\/td>\n<td>Google Maps stores up to four cookies: khcookie, NID, SNID and PREF. We use interactive Google Maps because we believe they provide a useful way for our visitors to identify their nearest stores. We use Google Maps tools on the basis that Google complies with its privacy policy which can be found at http:\/\/www.google.es\/intl\/es\/policies\/ and its Google Maps terms of service at http: \/\/www.google.es\/intl\/es\/help\/terms_maps.html<\/td>\n<\/tr>\n<tr>\n<td><strong>Youtube<\/strong><\/td>\n<td>PREF<br \/>N_T<\/td>\n<td>Created by Youtube with our embedded videos, it provides Youtube with information about their viewing<\/td>\n<\/tr>\n<tr>\n<td><strong>Google<\/strong><\/td>\n<td>N_T<\/td>\n<td>It is a cookie that stores a unique identification number to track user preferences.<\/td>\n<\/tr>\n<tr>\n<td><strong>Facebook<\/strong><\/td>\n<td>Datr<\/td>\n<td>It is saved on users&#039; computers and sends connection information to the platform<\/td>\n<\/tr>\n<tr>\n<td><strong>Twitter<\/strong><\/td>\n<td>asked<br \/>guest_id<\/td>\n<td>It is saved on users&#039; computers and sends connection information to the platform<\/td>\n<\/tr>\n<tr>\n<td><strong>Linkedin<\/strong><\/td>\n<td>lidc<\/td>\n<td>It is saved on users&#039; computers and sends connection information to the platform<\/td>\n<\/tr>\n<tr>\n<td><strong>Session<\/strong><\/td>\n<td>ASPSESSIONID<\/td>\n<td>Our website is hosted on a standard Microsoft web server, which issues a default cookie called ASPSESSIONID. This cookie expires after you have left our website.<\/td>\n<\/tr>\n<\/tbody>\n<\/table>\n<p>\u00a0<\/p>\n<\/figure>\n\t\t\t\t\t\t\t\t<\/div>\n\t\t\t\t<\/div>\n\t\t\t\t\t<\/div>\n\t\t\t\t<\/div>\n\t\t\t\t<\/div>","protected":false},"excerpt":{"rendered":"<p>Aviso.\u00a0Esta Web usa Cookies para facilitar la navegaci\u00f3n y para adaptar sus contenidos a las referencias de los usuarios En cumplimiento de la Ley 34\/2002, de 11 de julio, de Servicios de la Sociedad de la Informaci\u00f3n y Comercio Electr\u00f3nico le informamos de que este sitio web, al igual que la mayor\u00eda de los sitios [&hellip;]<\/p>\n","protected":false},"author":1,"featured_media":0,"parent":0,"menu_order":0,"comment_status":"closed","ping_status":"closed","template":"","meta":{"footnotes":""},"class_list":["post-3082","page","type-page","status-publish","hentry"],"_links":{"self":[{"href":"https:\/\/colegiosangabriel.es\/en\/wp-json\/wp\/v2\/pages\/3082","targetHints":{"allow":["GET"]}}],"collection":[{"href":"https:\/\/colegiosangabriel.es\/en\/wp-json\/wp\/v2\/pages"}],"about":[{"href":"https:\/\/colegiosangabriel.es\/en\/wp-json\/wp\/v2\/types\/page"}],"author":[{"embeddable":true,"href":"https:\/\/colegiosangabriel.es\/en\/wp-json\/wp\/v2\/users\/1"}],"replies":[{"embeddable":true,"href":"https:\/\/colegiosangabriel.es\/en\/wp-json\/wp\/v2\/comments?post=3082"}],"version-history":[{"count":4,"href":"https:\/\/colegiosangabriel.es\/en\/wp-json\/wp\/v2\/pages\/3082\/revisions"}],"predecessor-version":[{"id":5357,"href":"https:\/\/colegiosangabriel.es\/en\/wp-json\/wp\/v2\/pages\/3082\/revisions\/5357"}],"wp:attachment":[{"href":"https:\/\/colegiosangabriel.es\/en\/wp-json\/wp\/v2\/media?parent=3082"}],"curies":[{"name":"wp","href":"https:\/\/api.w.org\/{rel}","templated":true}]}}