{"id":244,"date":"2024-04-25T17:42:59","date_gmt":"2024-04-25T17:42:59","guid":{"rendered":"https:\/\/colegiosangabriel.es\/?page_id=244"},"modified":"2025-06-24T14:25:18","modified_gmt":"2025-06-24T14:25:18","slug":"canal-de-denuncias","status":"publish","type":"page","link":"https:\/\/colegiosangabriel.es\/en\/canal-de-denuncias\/","title":{"rendered":"Complaint channel"},"content":{"rendered":"<div data-elementor-type=\"wp-page\" data-elementor-id=\"244\" class=\"elementor elementor-244\">\n\t\t\t\t\t\t<section class=\"elementor-section elementor-top-section elementor-element elementor-element-38ddfa1d elementor-section-height-min-height elementor-section-boxed elementor-section-height-default elementor-section-items-middle\" data-id=\"38ddfa1d\" data-element_type=\"section\" data-e-type=\"section\" data-settings=\"{&quot;background_background&quot;:&quot;classic&quot;}\">\n\t\t\t\t\t\t\t<div class=\"elementor-background-overlay\"><\/div>\n\t\t\t\t\t\t\t<div class=\"elementor-container elementor-column-gap-default\">\n\t\t\t\t\t<div class=\"elementor-column elementor-col-100 elementor-top-column elementor-element elementor-element-7f028f60\" data-id=\"7f028f60\" data-element_type=\"column\" data-e-type=\"column\">\n\t\t\t<div class=\"elementor-widget-wrap elementor-element-populated\">\n\t\t\t\t\t\t<div class=\"elementor-element elementor-element-5260f082 elementor-widget elementor-widget-elementskit-heading\" data-id=\"5260f082\" data-element_type=\"widget\" data-e-type=\"widget\" data-widget_type=\"elementskit-heading.default\">\n\t\t\t\t<div class=\"elementor-widget-container\">\n\t\t\t\t\t<div class=\"ekit-wid-con\" ><div class=\"ekit-heading elementskit-section-title-wraper text_center   ekit_heading_tablet-   ekit_heading_mobile-\"><h2 class=\"ekit-heading--title elementskit-section-title\">Complaint channel<\/h2><\/div><\/div>\t\t\t\t<\/div>\n\t\t\t\t<\/div>\n\t\t\t\t\t<\/div>\n\t\t<\/div>\n\t\t\t\t\t<\/div>\n\t\t<\/section>\n\t\t\t\t<section class=\"elementor-section elementor-top-section elementor-element elementor-element-269d94ff elementor-section-boxed elementor-section-height-default elementor-section-height-default\" data-id=\"269d94ff\" data-element_type=\"section\" data-e-type=\"section\">\n\t\t\t\t\t\t<div class=\"elementor-container elementor-column-gap-default\">\n\t\t\t\t\t<div class=\"elementor-column elementor-col-100 elementor-top-column elementor-element elementor-element-211c421b\" data-id=\"211c421b\" data-element_type=\"column\" data-e-type=\"column\">\n\t\t\t<div class=\"elementor-widget-wrap elementor-element-populated\">\n\t\t\t\t\t\t<div class=\"elementor-element elementor-element-b69b8e9 elementor-invisible elementor-widget elementor-widget-heading\" data-id=\"b69b8e9\" data-element_type=\"widget\" data-e-type=\"widget\" data-settings=\"{&quot;_animation&quot;:&quot;fadeInLeft&quot;}\" data-widget_type=\"heading.default\">\n\t\t\t\t<div class=\"elementor-widget-container\">\n\t\t\t\t\t<h2 class=\"elementor-heading-title elementor-size-default\">Complaint channel<\/h2>\t\t\t\t<\/div>\n\t\t\t\t<\/div>\n\t\t\t\t<div class=\"elementor-element elementor-element-3ad9941d elementor-widget elementor-widget-text-editor\" data-id=\"3ad9941d\" data-element_type=\"widget\" data-e-type=\"widget\" data-widget_type=\"text-editor.default\">\n\t\t\t\t<div class=\"elementor-widget-container\">\n\t\t\t\t\t\t\t\t\t<p>En cumplimiento de la Ley 2\/2023, reguladora de la protecci\u00f3n de las personas que informen sobre infracciones normativas y de lucha contra la corrupci\u00f3n\u00a0 le informamos que en la web del Centro se ha habilitado un espacio para el canal de denuncias. Es una herramienta que permite comunicar, de manera confidencial y a trav\u00e9s de un sencillo formulario, aquellas actividades y conductas potencialmente irregulares que puedan suponer un incumplimiento del C\u00f3digo \u00c9tico y\/o la posible comisi\u00f3n de un delito penal.<\/p><p>The internal information system allows you to report an infraction in accordance with Law 2\/2023. If you wish, you can communicate anonymously.\u00a0<\/p><p><strong>Therefore, it is not a channel for complaints or suggestions.<\/strong>. Para quejas o sugerencias rogamos utilice el Buz\u00f3n de Quejas, Sugerencias y Felicitaciones que cada obra apost\u00f3lica de la Instituci\u00f3n Gabrielista tiene establecido al efecto <strong>(Colegio San Gabriel, Bodega Sab Gabriel, Colegio San Miguel, Residencial Ntra. Sra. de las Vi\u00f1as y Servicios Ciudad del Bienestar S.L.)<\/strong> . Cualesquier otra comunicaci\u00f3n, informaci\u00f3n, queja o sugerencia fuera del \u00e1mbito establecido en p\u00e1rrafo anterior (art. 2 Ley 2\/2023) ser\u00e1n desestimadas y tanto las mismas como sus remitentes quedar\u00e1n fuera del \u00e1mbito de protecci\u00f3n dispensado por la citada norma.<\/p><p>Any person who carries out an action that represents an effective limitation of the rights and guarantees provided for in this law, introduced through contracts or agreements at an individual or collective level and in general any attempt or effective action to hinder the presentation of communications or prevent , frustrate or slow down its monitoring, including the provision of false information or documentation by those required to do so, will be subject to the procedures and disciplinary sanctions that correspond in accordance with the labor legislation in force at all times and the collective agreement that results from application.<\/p><p>Este canal y la normativa que lo regula son de obligado cumplimiento para todas las personas que integran los \u00f3rganos de gobierno y direcci\u00f3n y gesti\u00f3n de las obras apost\u00f3licas de la Instituci\u00f3n Gabrielista, as\u00ed como para aquellas que trabajan en el mismo. Al mismo tiempo establecen un derecho, en forma de cauce de comunicaci\u00f3n, para todos los integrantes de la Comunidad Educativa que sean mayores de edad.<\/p><p>This channel will be enabled only for those complaints that are related to criminal regulations, the Organization, Management and Control Model for the Prevention of Crimes, the Code of Conduct and the Safe Environment, not for those actions of another nature, especially educational ones that They have their own procedures.<\/p>\t\t\t\t\t\t\t\t<\/div>\n\t\t\t\t<\/div>\n\t\t<div class=\"elementor-element elementor-element-72d9905 e-grid e-con-boxed e-con e-parent\" data-id=\"72d9905\" data-element_type=\"container\" data-e-type=\"container\">\n\t\t\t\t\t<div class=\"e-con-inner\">\n\t\t\t\t<div class=\"elementor-element elementor-element-c71bab6 elementor-widget elementor-widget-image\" data-id=\"c71bab6\" data-element_type=\"widget\" data-e-type=\"widget\" data-widget_type=\"image.default\">\n\t\t\t\t<div class=\"elementor-widget-container\">\n\t\t\t\t\t\t\t\t\t\t\t\t\t\t\t\t<a href=\"https:\/\/colegiosangabriel.es\/wp-content\/uploads\/2024\/04\/PO-13_CANAL-DE-DENUNCIAS_V.2.pdf\">\n\t\t\t\t\t\t\t<img fetchpriority=\"high\" decoding=\"async\" width=\"608\" height=\"300\" src=\"https:\/\/colegiosangabriel.es\/wp-content\/uploads\/2024\/04\/Captura-de-pantalla-2024-04-29-a-las-11.13.58.png\" class=\"attachment-large size-large wp-image-1309\" alt=\"\" srcset=\"https:\/\/colegiosangabriel.es\/wp-content\/uploads\/2024\/04\/Captura-de-pantalla-2024-04-29-a-las-11.13.58.png 608w, https:\/\/colegiosangabriel.es\/wp-content\/uploads\/2024\/04\/Captura-de-pantalla-2024-04-29-a-las-11.13.58-300x148.png 300w\" sizes=\"(max-width: 608px) 100vw, 608px\" \/>\t\t\t\t\t\t\t\t<\/a>\n\t\t\t\t\t\t\t\t\t\t\t\t\t\t\t<\/div>\n\t\t\t\t<\/div>\n\t\t\t\t<div class=\"elementor-element elementor-element-c117121 elementor-widget elementor-widget-image\" data-id=\"c117121\" data-element_type=\"widget\" data-e-type=\"widget\" data-widget_type=\"image.default\">\n\t\t\t\t<div class=\"elementor-widget-container\">\n\t\t\t\t\t\t\t\t\t\t\t\t\t\t\t\t<a href=\"https:\/\/docs.google.com\/forms\/d\/e\/1FAIpQLSeoerPy7i3qjr5E2_YEYGW0HSyh3ML2kcjXaT5faq5mjDV47w\/viewform\">\n\t\t\t\t\t\t\t<img decoding=\"async\" width=\"604\" height=\"300\" src=\"https:\/\/colegiosangabriel.es\/wp-content\/uploads\/2024\/04\/Captura-de-pantalla-2024-04-29-a-las-11.14.03.png\" class=\"attachment-large size-large wp-image-1310\" alt=\"\" srcset=\"https:\/\/colegiosangabriel.es\/wp-content\/uploads\/2024\/04\/Captura-de-pantalla-2024-04-29-a-las-11.14.03.png 604w, https:\/\/colegiosangabriel.es\/wp-content\/uploads\/2024\/04\/Captura-de-pantalla-2024-04-29-a-las-11.14.03-300x149.png 300w\" sizes=\"(max-width: 604px) 100vw, 604px\" \/>\t\t\t\t\t\t\t\t<\/a>\n\t\t\t\t\t\t\t\t\t\t\t\t\t\t\t<\/div>\n\t\t\t\t<\/div>\n\t\t\t\t\t<\/div>\n\t\t\t\t<\/div>\n\t\t\t\t\t<\/div>\n\t\t<\/div>\n\t\t\t\t\t<\/div>\n\t\t<\/section>\n\t\t\t\t<\/div>","protected":false},"excerpt":{"rendered":"<p>Canal de denuncias Canal de denuncias En cumplimiento de la Ley 2\/2023, reguladora de la protecci\u00f3n de las personas que informen sobre infracciones normativas y de lucha contra la corrupci\u00f3n\u00a0 le informamos que en la web del Centro se ha habilitado un espacio para el canal de denuncias. Es una herramienta que permite comunicar, de [&hellip;]<\/p>\n","protected":false},"author":1,"featured_media":0,"parent":0,"menu_order":0,"comment_status":"closed","ping_status":"closed","template":"elementor_header_footer","meta":{"footnotes":""},"class_list":["post-244","page","type-page","status-publish","hentry"],"_links":{"self":[{"href":"https:\/\/colegiosangabriel.es\/en\/wp-json\/wp\/v2\/pages\/244","targetHints":{"allow":["GET"]}}],"collection":[{"href":"https:\/\/colegiosangabriel.es\/en\/wp-json\/wp\/v2\/pages"}],"about":[{"href":"https:\/\/colegiosangabriel.es\/en\/wp-json\/wp\/v2\/types\/page"}],"author":[{"embeddable":true,"href":"https:\/\/colegiosangabriel.es\/en\/wp-json\/wp\/v2\/users\/1"}],"replies":[{"embeddable":true,"href":"https:\/\/colegiosangabriel.es\/en\/wp-json\/wp\/v2\/comments?post=244"}],"version-history":[{"count":23,"href":"https:\/\/colegiosangabriel.es\/en\/wp-json\/wp\/v2\/pages\/244\/revisions"}],"predecessor-version":[{"id":6180,"href":"https:\/\/colegiosangabriel.es\/en\/wp-json\/wp\/v2\/pages\/244\/revisions\/6180"}],"wp:attachment":[{"href":"https:\/\/colegiosangabriel.es\/en\/wp-json\/wp\/v2\/media?parent=244"}],"curies":[{"name":"wp","href":"https:\/\/api.w.org\/{rel}","templated":true}]}}