{"id":1842,"date":"2024-05-01T10:37:30","date_gmt":"2024-05-01T10:37:30","guid":{"rendered":"https:\/\/colegiosangabriel.es\/?page_id=1842"},"modified":"2024-05-08T09:03:35","modified_gmt":"2024-05-08T09:03:35","slug":"nuestra-historia","status":"publish","type":"page","link":"https:\/\/colegiosangabriel.es\/en\/nuestra-historia\/","title":{"rendered":"Our history"},"content":{"rendered":"<div data-elementor-type=\"wp-page\" data-elementor-id=\"1842\" class=\"elementor elementor-1842\">\n\t\t\t\t\t\t<section class=\"elementor-section elementor-top-section elementor-element elementor-element-1da1ea98 elementor-section-height-min-height elementor-section-boxed elementor-section-height-default elementor-section-items-middle\" data-id=\"1da1ea98\" data-element_type=\"section\" data-e-type=\"section\" data-settings=\"{&quot;background_background&quot;:&quot;classic&quot;}\">\n\t\t\t\t\t\t\t<div class=\"elementor-background-overlay\"><\/div>\n\t\t\t\t\t\t\t<div class=\"elementor-container elementor-column-gap-default\">\n\t\t\t\t\t<div class=\"elementor-column elementor-col-100 elementor-top-column elementor-element elementor-element-6c26762c\" data-id=\"6c26762c\" data-element_type=\"column\" data-e-type=\"column\">\n\t\t\t<div class=\"elementor-widget-wrap elementor-element-populated\">\n\t\t\t\t\t\t<div class=\"elementor-element elementor-element-2c06727e elementor-widget elementor-widget-elementskit-heading\" data-id=\"2c06727e\" data-element_type=\"widget\" data-e-type=\"widget\" data-widget_type=\"elementskit-heading.default\">\n\t\t\t\t<div class=\"elementor-widget-container\">\n\t\t\t\t\t<div class=\"ekit-wid-con\" ><div class=\"ekit-heading elementskit-section-title-wraper text_center   ekit_heading_tablet-   ekit_heading_mobile-\"><h2 class=\"ekit-heading--title elementskit-section-title\">Our history<\/h2><\/div><\/div>\t\t\t\t<\/div>\n\t\t\t\t<\/div>\n\t\t\t\t\t<\/div>\n\t\t<\/div>\n\t\t\t\t\t<\/div>\n\t\t<\/section>\n\t\t\t\t<section class=\"elementor-section elementor-top-section elementor-element elementor-element-234499f4 elementor-section-boxed elementor-section-height-default elementor-section-height-default\" data-id=\"234499f4\" data-element_type=\"section\" data-e-type=\"section\">\n\t\t\t\t\t\t<div class=\"elementor-container elementor-column-gap-default\">\n\t\t\t\t\t<div class=\"elementor-column elementor-col-66 elementor-top-column elementor-element elementor-element-7b50ff0b\" data-id=\"7b50ff0b\" data-element_type=\"column\" data-e-type=\"column\">\n\t\t\t<div class=\"elementor-widget-wrap elementor-element-populated\">\n\t\t\t\t\t\t<div class=\"elementor-element elementor-element-73124102 elementor-invisible elementor-widget elementor-widget-heading\" data-id=\"73124102\" data-element_type=\"widget\" data-e-type=\"widget\" data-settings=\"{&quot;_animation&quot;:&quot;fadeInLeft&quot;}\" data-widget_type=\"heading.default\">\n\t\t\t\t<div class=\"elementor-widget-container\">\n\t\t\t\t\t<h2 class=\"elementor-heading-title elementor-size-default\">Our history<\/h2>\t\t\t\t<\/div>\n\t\t\t\t<\/div>\n\t\t\t\t<div class=\"elementor-element elementor-element-191e861b elementor-widget elementor-widget-text-editor\" data-id=\"191e861b\" data-element_type=\"widget\" data-e-type=\"widget\" data-widget_type=\"text-editor.default\">\n\t\t\t\t<div class=\"elementor-widget-container\">\n\t\t\t\t\t\t\t\t\t<p style=\"color: #5f5a5a; font-family: Verdana, Arial, Helvetica, sans-serif; font-size: 12px;\"><span style=\"color: #000000;\">El Centro naci\u00f3 bajo el nombre de Centro Integral de Formaci\u00f3n Profesional San Gabriel, manteni\u00e9ndose las primeras conversaciones con diversas empresas de la zona en el a\u00f1o 2009. \u00a0Que se materializaron en las primeras formaciones para Operadores de Producci\u00f3n del\u00a0<\/span><strong style=\"font-weight: bold; color: #000000;\">Grupo Leche Pascual<\/strong><span style=\"color: #000000;\">\u00a0y de Soldadura MIG-MAG para\u00a0<\/span><strong style=\"font-weight: bold; color: #000000;\">Tecno Aranda<\/strong><span style=\"color: #000000;\">.<\/span><\/p><p style=\"color: #5f5a5a; font-family: Verdana, Arial, Helvetica, sans-serif; font-size: 12px;\"><span style=\"color: #000000;\">En el a\u00f1o 2010 se imparten las formaciones t\u00e9cnicas en Soldadura MIG-MAG y Energ\u00eda Solar T\u00e9rmica para j\u00f3venes desempleados de la zona. El departamento de Formaci\u00f3n Continua para la Industria se encarg\u00f3 de dise\u00f1ar e impartir la formaci\u00f3n electromec\u00e1nica, qu\u00edmica y de PRL, para todos los operadores de l\u00ednea y mandos intermedios de la empresa\u00a0<strong style=\"font-weight: bold;\">Todo Aceros,<\/strong>\u00a0<strong style=\"font-weight: bold;\">Aceros de China<\/strong>. Adem\u00e1s de la formaci\u00f3n en Soldadura MIG-MAG para los nuevos trabajadores de la empresa\u00a0<strong style=\"font-weight: bold;\">Semirremolques Rojo<\/strong>.<\/span><\/p><p style=\"color: #5f5a5a; font-family: Verdana, Arial, Helvetica, sans-serif; font-size: 12px;\"><span style=\"color: #000000;\">Ser\u00eda en el a\u00f1o 2011 cuando se asumir\u00eda la formaci\u00f3n en Mantenimiento Industrial para todos los t\u00e9cnicos de mantenimiento del\u00a0<strong style=\"font-weight: bold;\">Grupo Leche Pascual<\/strong>, en las especialidades de Electricidad, Electr\u00f3nica, Autom\u00e1tica y Mec\u00e1nica Industrial, para los niveles b\u00e1sico, medio y avanzado.<\/span><\/p><p style=\"color: #5f5a5a; font-family: Verdana, Arial, Helvetica, sans-serif; font-size: 12px;\"><span style=\"color: #000000;\">Ante la demanda del sector industrial y el deseo de cubrir las necesidades en investigaci\u00f3n, innovaci\u00f3n, creatividad y competitividad demandadas, se inicia en agosto de 2011, la construcci\u00f3n del nuevo Centro I+D+i San Gabriel.<\/span><\/p><p style=\"color: #5f5a5a; font-family: Verdana, Arial, Helvetica, sans-serif; font-size: 12px;\"><span style=\"color: #000000;\">En abril del a\u00f1o 2012, el Centro I+D+i San Gabriel es inaugurado realiz\u00e1ndose los primeros cursos de Soldadura en sus instalaciones para las empresas\u00a0<strong style=\"font-weight: bold;\">Tecno Aranda, Michelin y el Instituto de Formaci\u00f3n y Estudios Sociales<\/strong>. Ese mismo a\u00f1o, se inaugurar\u00e1 la F\u00e1brica Escuela con el Grupo Leche Pascual, ubicada en uno de los talleres industriales del CIDI San Gabriel. Estas nuevas instalaciones acoger\u00e1n los niveles medios y avanzados de las formaciones de los operadores y t\u00e9cnicos de mantenimiento del Grupo Leche Pascual.<\/span><\/p><p style=\"color: #5f5a5a; font-family: Verdana, Arial, Helvetica, sans-serif; font-size: 12px;\"><span style=\"color: #000000;\">En el a\u00f1o 2013, arrancan todas las formaciones t\u00e9cnicas industriales con nuestros clientes en las nuevas instalaciones del CIDI San Gabriel al completo nace el Campus Universitario San Gabriel con la colaboraci\u00f3n de la Universidad UDIMA, en su versi\u00f3n online, pero dando un lugar f\u00edsico donde poder estudiar, realizar las sesiones online o realizar los ex\u00e1menes universitarios, utilizando las aulas o la biblioteca universitaria del Centro.<\/span><\/p><p style=\"color: #5f5a5a; font-family: Verdana, Arial, Helvetica, sans-serif; font-size: 12px;\"><span style=\"color: #000000;\">A principios del a\u00f1o 2014, la empresa Industrias Metal\u00fargicas Esgueva,\u00a0<strong style=\"font-weight: bold;\">IMESA<\/strong>, se unir\u00e1 al n\u00facleo de empresas que depositan su confianza para que sus trabajadores sean capacitados o actualizados en conocimientos t\u00e9cnicos por el Centro I+D+i San Gabriel,<\/span><\/p><p style=\"color: #5f5a5a; font-family: Verdana, Arial, Helvetica, sans-serif; font-size: 12px;\"><span style=\"color: #000000;\">Tras varias reuniones, los ingenieros del CIDI San Gabriel comienzan las visitas a las instalaciones de la multinacional del sector farmac\u00e9utico\u00a0<strong style=\"font-weight: bold;\">Glaxo Smith Kline<\/strong>, GSK, para realizar el estudio del \u00e1rea de acondicionamiento de comprimidos, realiz\u00e1ndose en noviembre la capacitaci\u00f3n para los nuevos Profesionales de Alto Rendimiento.<\/span><\/p><p style=\"color: #5f5a5a; font-family: Verdana, Arial, Helvetica, sans-serif; font-size: 12px;\"><span style=\"color: #000000;\">Tras el \u00e9xito alcanzado por el CIDI San Gabriel en su primer proyecto formativo con GSK, en marzo de 2015 se comienza una estrecha colaboraci\u00f3n dentro de las instalaciones de GSK en Aranda de Duero. El proyecto arranca con el prop\u00f3sito de optimizar las capacitaciones de las nuevas incorporaciones con el fin de encontrar la f\u00f3rmula id\u00f3nea que garantice una mejora en la calidad, seguridad y en la reducci\u00f3n de los desperdicios relacionados con la adaptaci\u00f3n de las nuevas incorporaciones a su puesto de trabajo en las \u00e1reas de fabricaci\u00f3n y acondicionamiento.<\/span><\/p><p style=\"color: #5f5a5a; font-family: Verdana, Arial, Helvetica, sans-serif; font-size: 12px;\"><span style=\"color: #000000;\">En julio de ese mismo a\u00f1o, el CIDI San Gabriel forma parte del equipo encargado de la creaci\u00f3n y constituci\u00f3n de la asociaci\u00f3n\u00a0<strong style=\"font-weight: bold;\">Aranda Innova<\/strong>. Tal asociaci\u00f3n pretende ser un referente en el \u00e1mbito de la innovaci\u00f3n empresarial, dotando de prestigio y reconocimiento a sus asociados, mediante el fomento del conocimiento y el aprendizaje de pr\u00e1cticas innovadoras.<\/span><\/p><p style=\"color: #5f5a5a; font-family: Verdana, Arial, Helvetica, sans-serif; font-size: 12px;\"><span style=\"color: #000000;\">Tras un a\u00f1o de intenso trabajo del equipo formado por ingenieros del CIDI San Gabriel y responsables de los diferentes departamentos de GSK, en abril de 2016, se inaugura la Academia, nombre que recibe el Site Learning Zone, SLZ en Aranda de Duero. La Academia pretende ser un espacio de capacitaci\u00f3n referente y a la vanguardia de las t\u00e9cnicas m\u00e1s sofisticadas a nivel mundial.<\/span><\/p>\t\t\t\t\t\t\t\t<\/div>\n\t\t\t\t<\/div>\n\t\t\t\t<div class=\"elementor-element elementor-element-af7ea28 elementor-arrows-position-inside elementor-pagination-position-outside elementor-widget elementor-widget-image-carousel\" data-id=\"af7ea28\" data-element_type=\"widget\" data-e-type=\"widget\" data-settings=\"{&quot;slides_to_show&quot;:&quot;1&quot;,&quot;navigation&quot;:&quot;both&quot;,&quot;autoplay&quot;:&quot;yes&quot;,&quot;pause_on_hover&quot;:&quot;yes&quot;,&quot;pause_on_interaction&quot;:&quot;yes&quot;,&quot;autoplay_speed&quot;:5000,&quot;infinite&quot;:&quot;yes&quot;,&quot;effect&quot;:&quot;slide&quot;,&quot;speed&quot;:500}\" data-widget_type=\"image-carousel.default\">\n\t\t\t\t<div class=\"elementor-widget-container\">\n\t\t\t\t\t\t\t<div class=\"elementor-image-carousel-wrapper swiper\" role=\"region\" aria-roledescription=\"carousel\" aria-label=\"Image Carousel\" dir=\"ltr\">\n\t\t\t<div class=\"elementor-image-carousel swiper-wrapper\" aria-live=\"off\">\n\t\t\t\t\t\t\t\t<div class=\"swiper-slide\" role=\"group\" aria-roledescription=\"slide\" aria-label=\"1 of 3\"><figure class=\"swiper-slide-inner\"><img decoding=\"async\" class=\"swiper-slide-image\" src=\"https:\/\/colegiosangabriel.es\/wp-content\/uploads\/2024\/05\/DC80BD90-EF5F-9031-1479A055D42BC07D.jpeg\" alt=\"DC80BD90-EF5F-9031-1479A055D42BC07D\" \/><\/figure><\/div><div class=\"swiper-slide\" role=\"group\" aria-roledescription=\"slide\" aria-label=\"2 of 3\"><figure class=\"swiper-slide-inner\"><img decoding=\"async\" class=\"swiper-slide-image\" src=\"https:\/\/colegiosangabriel.es\/wp-content\/uploads\/2024\/05\/images-1.png\" alt=\"images (1)\" \/><\/figure><\/div><div class=\"swiper-slide\" role=\"group\" aria-roledescription=\"slide\" aria-label=\"3 of 3\"><figure class=\"swiper-slide-inner\"><img decoding=\"async\" class=\"swiper-slide-image\" src=\"https:\/\/colegiosangabriel.es\/wp-content\/uploads\/2024\/05\/images.jpeg\" alt=\"images\" \/><\/figure><\/div>\t\t\t<\/div>\n\t\t\t\t\t\t\t\t\t\t\t\t<div class=\"elementor-swiper-button elementor-swiper-button-prev\" role=\"button\" tabindex=\"0\">\n\t\t\t\t\t\t<svg aria-hidden=\"true\" class=\"e-font-icon-svg e-eicon-chevron-left\" viewbox=\"0 0 1000 1000\" xmlns=\"http:\/\/www.w3.org\/2000\/svg\"><path d=\"M646 125C629 125 613 133 604 142L308 442C296 454 292 471 292 487 292 504 296 521 308 533L604 854C617 867 629 875 646 875 663 875 679 871 692 858 704 846 713 829 713 812 713 796 708 779 692 767L438 487 692 225C700 217 708 204 708 187 708 171 704 154 692 142 675 129 663 125 646 125Z\"><\/path><\/svg>\t\t\t\t\t<\/div>\n\t\t\t\t\t<div class=\"elementor-swiper-button elementor-swiper-button-next\" role=\"button\" tabindex=\"0\">\n\t\t\t\t\t\t<svg aria-hidden=\"true\" class=\"e-font-icon-svg e-eicon-chevron-right\" viewbox=\"0 0 1000 1000\" xmlns=\"http:\/\/www.w3.org\/2000\/svg\"><path d=\"M696 533C708 521 713 504 713 487 713 471 708 454 696 446L400 146C388 133 375 125 354 125 338 125 325 129 313 142 300 154 292 171 292 187 292 204 296 221 308 233L563 492 304 771C292 783 288 800 288 817 288 833 296 850 308 863 321 871 338 875 354 875 371 875 388 867 400 854L696 533Z\"><\/path><\/svg>\t\t\t\t\t<\/div>\n\t\t\t\t\n\t\t\t\t\t\t\t\t\t<div class=\"swiper-pagination\"><\/div>\n\t\t\t\t\t\t\t\t\t<\/div>\n\t\t\t\t\t\t<\/div>\n\t\t\t\t<\/div>\n\t\t\t\t\t<\/div>\n\t\t<\/div>\n\t\t\t\t<div class=\"elementor-column elementor-col-33 elementor-top-column elementor-element elementor-element-3c82260f\" data-id=\"3c82260f\" data-element_type=\"column\" data-e-type=\"column\">\n\t\t\t<div class=\"elementor-widget-wrap elementor-element-populated\">\n\t\t\t\t\t\t<section class=\"elementor-section elementor-inner-section elementor-element elementor-element-5217fed8 elementor-section-boxed elementor-section-height-default elementor-section-height-default elementor-invisible\" data-id=\"5217fed8\" data-element_type=\"section\" data-e-type=\"section\" data-settings=\"{&quot;animation&quot;:&quot;fadeInUp&quot;}\">\n\t\t\t\t\t\t<div class=\"elementor-container elementor-column-gap-default\">\n\t\t\t\t\t<div class=\"elementor-column elementor-col-100 elementor-inner-column elementor-element elementor-element-2916497e\" data-id=\"2916497e\" data-element_type=\"column\" data-e-type=\"column\" data-settings=\"{&quot;background_background&quot;:&quot;classic&quot;}\">\n\t\t\t<div class=\"elementor-widget-wrap elementor-element-populated\">\n\t\t\t\t\t<div class=\"elementor-background-overlay\"><\/div>\n\t\t\t\t\t\t<div class=\"elementor-element elementor-element-986e5ca elementor-widget elementor-widget-heading\" data-id=\"986e5ca\" data-element_type=\"widget\" data-e-type=\"widget\" data-widget_type=\"heading.default\">\n\t\t\t\t<div class=\"elementor-widget-container\">\n\t\t\t\t\t<h2 class=\"elementor-heading-title elementor-size-default\">Contact information<\/h2>\t\t\t\t<\/div>\n\t\t\t\t<\/div>\n\t\t\t\t<div class=\"elementor-element elementor-element-450015e9 elementor-icon-list--layout-traditional elementor-list-item-link-full_width elementor-widget elementor-widget-icon-list\" data-id=\"450015e9\" data-element_type=\"widget\" data-e-type=\"widget\" data-widget_type=\"icon-list.default\">\n\t\t\t\t<div class=\"elementor-widget-container\">\n\t\t\t\t\t\t\t<ul class=\"elementor-icon-list-items\">\n\t\t\t\t\t\t\t<li class=\"elementor-icon-list-item\">\n\t\t\t\t\t\t\t\t\t\t<span class=\"elementor-icon-list-text\">Tel.: 947 54 50 06 Fax: 947 54 51 61 info@colegiosangabriel.es<\/span>\n\t\t\t\t\t\t\t\t\t<\/li>\n\t\t\t\t\t\t<\/ul>\n\t\t\t\t\t\t<\/div>\n\t\t\t\t<\/div>\n\t\t\t\t\t<\/div>\n\t\t<\/div>\n\t\t\t\t\t<\/div>\n\t\t<\/section>\n\t\t\t\t<section class=\"elementor-section elementor-inner-section elementor-element elementor-element-62176c79 elementor-section-boxed elementor-section-height-default elementor-section-height-default elementor-invisible\" data-id=\"62176c79\" data-element_type=\"section\" data-e-type=\"section\" data-settings=\"{&quot;animation&quot;:&quot;fadeInUp&quot;}\">\n\t\t\t\t\t\t<div class=\"elementor-container elementor-column-gap-default\">\n\t\t\t\t\t<div class=\"elementor-column elementor-col-100 elementor-inner-column elementor-element elementor-element-6f957ba9\" data-id=\"6f957ba9\" data-element_type=\"column\" data-e-type=\"column\">\n\t\t\t<div class=\"elementor-widget-wrap elementor-element-populated\">\n\t\t\t\t\t\t<div class=\"elementor-element elementor-element-298b1092 elementor-widget elementor-widget-heading\" data-id=\"298b1092\" data-element_type=\"widget\" data-e-type=\"widget\" data-widget_type=\"heading.default\">\n\t\t\t\t<div class=\"elementor-widget-container\">\n\t\t\t\t\t<h2 class=\"elementor-heading-title elementor-size-default\">Documentation of interest<\/h2>\t\t\t\t<\/div>\n\t\t\t\t<\/div>\n\t\t\t\t<div class=\"elementor-element elementor-element-e378c03 elementor-icon-list--layout-traditional elementor-list-item-link-full_width elementor-widget elementor-widget-icon-list\" data-id=\"e378c03\" data-element_type=\"widget\" data-e-type=\"widget\" data-widget_type=\"icon-list.default\">\n\t\t\t\t<div class=\"elementor-widget-container\">\n\t\t\t\t\t\t\t<ul class=\"elementor-icon-list-items\">\n\t\t\t\t\t\t\t<li class=\"elementor-icon-list-item\">\n\t\t\t\t\t\t\t\t\t\t\t<a href=\"#\">\n\n\t\t\t\t\t\t\t\t\t\t\t\t<span class=\"elementor-icon-list-icon\">\n\t\t\t\t\t\t\t<svg aria-hidden=\"true\" class=\"e-font-icon-svg e-fas-file-pdf\" viewbox=\"0 0 384 512\" xmlns=\"http:\/\/www.w3.org\/2000\/svg\"><path d=\"M181.9 256.1c-5-16-4.9-46.9-2-46.9 8.4 0 7.6 36.9 2 46.9zm-1.7 47.2c-7.7 20.2-17.3 43.3-28.4 62.7 18.3-7 39-17.2 62.9-21.9-12.7-9.6-24.9-23.4-34.5-40.8zM86.1 428.1c0 .8 13.2-5.4 34.9-40.2-6.7 6.3-29.1 24.5-34.9 40.2zM248 160h136v328c0 13.3-10.7 24-24 24H24c-13.3 0-24-10.7-24-24V24C0 10.7 10.7 0 24 0h200v136c0 13.2 10.8 24 24 24zm-8 171.8c-20-12.2-33.3-29-42.7-53.8 4.5-18.5 11.6-46.6 6.2-64.2-4.7-29.4-42.4-26.5-47.8-6.8-5 18.3-.4 44.1 8.1 77-11.6 27.6-28.7 64.6-40.8 85.8-.1 0-.1.1-.2.1-27.1 13.9-73.6 44.5-54.5 68 5.6 6.9 16 10 21.5 10 17.9 0 35.7-18 61.1-61.8 25.8-8.5 54.1-19.1 79-23.2 21.7 11.8 47.1 19.5 64 19.5 29.2 0 31.2-32 19.7-43.4-13.9-13.6-54.3-9.7-73.6-7.2zM377 105L279 7c-4.5-4.5-10.6-7-17-7h-6v128h128v-6.1c0-6.3-2.5-12.4-7-16.9zm-74.1 255.3c4.1-2.7-2.5-11.9-42.8-9 37.1 15.8 42.8 9 42.8 9z\"><\/path><\/svg>\t\t\t\t\t\t<\/span>\n\t\t\t\t\t\t\t\t\t\t<span class=\"elementor-icon-list-text\">San Gabriel city of education<\/span>\n\t\t\t\t\t\t\t\t\t\t\t<\/a>\n\t\t\t\t\t\t\t\t\t<\/li>\n\t\t\t\t\t\t\t\t<li class=\"elementor-icon-list-item\">\n\t\t\t\t\t\t\t\t\t\t\t<a href=\"#\">\n\n\t\t\t\t\t\t\t\t\t\t\t\t<span class=\"elementor-icon-list-icon\">\n\t\t\t\t\t\t\t<svg aria-hidden=\"true\" class=\"e-font-icon-svg e-fas-pager\" viewbox=\"0 0 512 512\" xmlns=\"http:\/\/www.w3.org\/2000\/svg\"><path d=\"M448 64H64a64 64 0 0 0-64 64v256a64 64 0 0 0 64 64h384a64 64 0 0 0 64-64V128a64 64 0 0 0-64-64zM160 368H80a16 16 0 0 1-16-16v-16a16 16 0 0 1 16-16h80zm128-16a16 16 0 0 1-16 16h-80v-48h80a16 16 0 0 1 16 16zm160-128a32 32 0 0 1-32 32H96a32 32 0 0 1-32-32v-64a32 32 0 0 1 32-32h320a32 32 0 0 1 32 32z\"><\/path><\/svg>\t\t\t\t\t\t<\/span>\n\t\t\t\t\t\t\t\t\t\t<span class=\"elementor-icon-list-text\">Brothers of Saint Gabriel<\/span>\n\t\t\t\t\t\t\t\t\t\t\t<\/a>\n\t\t\t\t\t\t\t\t\t<\/li>\n\t\t\t\t\t\t<\/ul>\n\t\t\t\t\t\t<\/div>\n\t\t\t\t<\/div>\n\t\t\t\t\t<\/div>\n\t\t<\/div>\n\t\t\t\t\t<\/div>\n\t\t<\/section>\n\t\t\t\t\t<\/div>\n\t\t<\/div>\n\t\t\t\t\t<\/div>\n\t\t<\/section>\n\t\t\t\t<section class=\"elementor-section elementor-top-section elementor-element elementor-element-353c5cf4 elementor-section-boxed elementor-section-height-default elementor-section-height-default\" data-id=\"353c5cf4\" data-element_type=\"section\" data-e-type=\"section\" data-settings=\"{&quot;background_background&quot;:&quot;classic&quot;}\">\n\t\t\t\t\t\t\t<div class=\"elementor-background-overlay\"><\/div>\n\t\t\t\t\t\t\t<div class=\"elementor-container elementor-column-gap-default\">\n\t\t\t\t\t<div class=\"elementor-column elementor-col-100 elementor-top-column elementor-element elementor-element-36f1093e\" data-id=\"36f1093e\" data-element_type=\"column\" data-e-type=\"column\">\n\t\t\t<div class=\"elementor-widget-wrap elementor-element-populated\">\n\t\t\t\t\t\t<section class=\"elementor-section elementor-inner-section elementor-element elementor-element-65c36597 elementor-section-boxed elementor-section-height-default elementor-section-height-default\" data-id=\"65c36597\" data-element_type=\"section\" data-e-type=\"section\">\n\t\t\t\t\t\t<div class=\"elementor-container elementor-column-gap-default\">\n\t\t\t\t\t<div class=\"elementor-column elementor-col-100 elementor-inner-column elementor-element elementor-element-7258e988 elementor-invisible\" data-id=\"7258e988\" data-element_type=\"column\" data-e-type=\"column\" data-settings=\"{&quot;animation&quot;:&quot;fadeInUp&quot;}\">\n\t\t\t<div class=\"elementor-widget-wrap elementor-element-populated\">\n\t\t\t\t\t\t<div class=\"elementor-element elementor-element-6a8a9218 elementor-widget elementor-widget-heading\" data-id=\"6a8a9218\" data-element_type=\"widget\" data-e-type=\"widget\" data-widget_type=\"heading.default\">\n\t\t\t\t<div class=\"elementor-widget-container\">\n\t\t\t\t\t<h2 class=\"elementor-heading-title elementor-size-default\">Sowing the future together!<\/h2>\t\t\t\t<\/div>\n\t\t\t\t<\/div>\n\t\t\t\t<div class=\"elementor-element elementor-element-4c3ae530 elementor-widget elementor-widget-text-editor\" data-id=\"4c3ae530\" data-element_type=\"widget\" data-e-type=\"widget\" data-widget_type=\"text-editor.default\">\n\t\t\t\t<div class=\"elementor-widget-container\">\n\t\t\t\t\t\t\t\t\t<p>Discover how at Colegio San Gabriel, we are forging the future through learning and collaboration.\u00a0<\/p>\t\t\t\t\t\t\t\t<\/div>\n\t\t\t\t<\/div>\n\t\t\t\t<div class=\"elementor-element elementor-element-67df7ae9 elementor-widget elementor-widget-button\" data-id=\"67df7ae9\" data-element_type=\"widget\" data-e-type=\"widget\" data-widget_type=\"button.default\">\n\t\t\t\t<div class=\"elementor-widget-container\">\n\t\t\t\t\t\t\t\t\t<div class=\"elementor-button-wrapper\">\n\t\t\t\t\t<a class=\"elementor-button elementor-button-link elementor-size-sm\" href=\"https:\/\/colegiosangabriel.es\/en\/info-matricula\/\">\n\t\t\t\t\t\t<span class=\"elementor-button-content-wrapper\">\n\t\t\t\t\t\t\t\t\t<span class=\"elementor-button-text\">Ask for information<\/span>\n\t\t\t\t\t<\/span>\n\t\t\t\t\t<\/a>\n\t\t\t\t<\/div>\n\t\t\t\t\t\t\t\t<\/div>\n\t\t\t\t<\/div>\n\t\t\t\t\t<\/div>\n\t\t<\/div>\n\t\t\t\t\t<\/div>\n\t\t<\/section>\n\t\t\t\t\t<\/div>\n\t\t<\/div>\n\t\t\t\t\t<\/div>\n\t\t<\/section>\n\t\t\t\t<\/div>","protected":false},"excerpt":{"rendered":"<p>Nuestra historia Nuestra historia El Centro naci\u00f3 bajo el nombre de Centro Integral de Formaci\u00f3n Profesional San Gabriel, manteni\u00e9ndose las primeras conversaciones con diversas empresas de la zona en el a\u00f1o 2009. \u00a0Que se materializaron en las primeras formaciones para Operadores de Producci\u00f3n del\u00a0Grupo Leche Pascual\u00a0y de Soldadura MIG-MAG para\u00a0Tecno Aranda. En el a\u00f1o 2010 [&hellip;]<\/p>\n","protected":false},"author":1,"featured_media":0,"parent":0,"menu_order":0,"comment_status":"closed","ping_status":"closed","template":"elementor_header_footer","meta":{"footnotes":""},"class_list":["post-1842","page","type-page","status-publish","hentry"],"_links":{"self":[{"href":"https:\/\/colegiosangabriel.es\/en\/wp-json\/wp\/v2\/pages\/1842","targetHints":{"allow":["GET"]}}],"collection":[{"href":"https:\/\/colegiosangabriel.es\/en\/wp-json\/wp\/v2\/pages"}],"about":[{"href":"https:\/\/colegiosangabriel.es\/en\/wp-json\/wp\/v2\/types\/page"}],"author":[{"embeddable":true,"href":"https:\/\/colegiosangabriel.es\/en\/wp-json\/wp\/v2\/users\/1"}],"replies":[{"embeddable":true,"href":"https:\/\/colegiosangabriel.es\/en\/wp-json\/wp\/v2\/comments?post=1842"}],"version-history":[{"count":13,"href":"https:\/\/colegiosangabriel.es\/en\/wp-json\/wp\/v2\/pages\/1842\/revisions"}],"predecessor-version":[{"id":2882,"href":"https:\/\/colegiosangabriel.es\/en\/wp-json\/wp\/v2\/pages\/1842\/revisions\/2882"}],"wp:attachment":[{"href":"https:\/\/colegiosangabriel.es\/en\/wp-json\/wp\/v2\/media?parent=1842"}],"curies":[{"name":"wp","href":"https:\/\/api.w.org\/{rel}","templated":true}]}}