{"id":1426,"date":"2024-04-29T11:43:22","date_gmt":"2024-04-29T11:43:22","guid":{"rendered":"https:\/\/colegiosangabriel.es\/?page_id=1426"},"modified":"2024-05-08T08:45:24","modified_gmt":"2024-05-08T08:45:24","slug":"centro-integrado-de-formacion-profesional-san-gabriel-escuela-de-futboltecnico-deportivo-en-futbol-presencial-y-distancia-duplicado-1417","status":"publish","type":"page","link":"https:\/\/colegiosangabriel.es\/en\/centro-integrado-de-formacion-profesional-san-gabriel-escuela-de-futboltecnico-deportivo-en-futbol-presencial-y-distancia-duplicado-1417\/","title":{"rendered":"Centro Integrado de Formaci\u00f3n Profesional San Gabriel &#8211; Escuela de F\u00fatbolT\u00e9cnico Deportivo Superior en F\u00fatbol (presencial y distancia)"},"content":{"rendered":"<div data-elementor-type=\"wp-page\" data-elementor-id=\"1426\" class=\"elementor elementor-1426\">\n\t\t\t\t\t\t<section class=\"elementor-section elementor-top-section elementor-element elementor-element-bbdf524 elementor-section-height-min-height elementor-section-boxed elementor-section-height-default elementor-section-items-middle\" data-id=\"bbdf524\" data-element_type=\"section\" data-e-type=\"section\" data-settings=\"{&quot;background_background&quot;:&quot;classic&quot;}\">\n\t\t\t\t\t\t\t<div class=\"elementor-background-overlay\"><\/div>\n\t\t\t\t\t\t\t<div class=\"elementor-container elementor-column-gap-default\">\n\t\t\t\t\t<div class=\"elementor-column elementor-col-100 elementor-top-column elementor-element elementor-element-1c3ce614\" data-id=\"1c3ce614\" data-element_type=\"column\" data-e-type=\"column\">\n\t\t\t<div class=\"elementor-widget-wrap elementor-element-populated\">\n\t\t\t\t\t\t<div class=\"elementor-element elementor-element-5737e3ed elementor-widget elementor-widget-elementskit-heading\" data-id=\"5737e3ed\" data-element_type=\"widget\" data-e-type=\"widget\" data-widget_type=\"elementskit-heading.default\">\n\t\t\t\t<div class=\"elementor-widget-container\">\n\t\t\t\t\t<div class=\"ekit-wid-con\" ><div class=\"ekit-heading elementskit-section-title-wraper text_center   ekit_heading_tablet-   ekit_heading_mobile-\"><h2 class=\"ekit-heading--title elementskit-section-title\">\t Centro Integrado de Formaci\u00f3n Profesional San Gabriel - Escuela de F\u00fatbol T\u00e9cnico Deportivo Superior en F\u00fatbol (presencial y distancia)<\/h2><\/div><\/div>\t\t\t\t<\/div>\n\t\t\t\t<\/div>\n\t\t\t\t\t<\/div>\n\t\t<\/div>\n\t\t\t\t\t<\/div>\n\t\t<\/section>\n\t\t\t\t<section class=\"elementor-section elementor-top-section elementor-element elementor-element-28843cfe elementor-section-boxed elementor-section-height-default elementor-section-height-default\" data-id=\"28843cfe\" data-element_type=\"section\" data-e-type=\"section\">\n\t\t\t\t\t\t<div class=\"elementor-container elementor-column-gap-default\">\n\t\t\t\t\t<div class=\"elementor-column elementor-col-66 elementor-top-column elementor-element elementor-element-1c5605cc\" data-id=\"1c5605cc\" data-element_type=\"column\" data-e-type=\"column\">\n\t\t\t<div class=\"elementor-widget-wrap elementor-element-populated\">\n\t\t\t\t\t\t<div class=\"elementor-element elementor-element-6ebde833 elementor-invisible elementor-widget elementor-widget-heading\" data-id=\"6ebde833\" data-element_type=\"widget\" data-e-type=\"widget\" data-settings=\"{&quot;_animation&quot;:&quot;fadeInLeft&quot;}\" data-widget_type=\"heading.default\">\n\t\t\t\t<div class=\"elementor-widget-container\">\n\t\t\t\t\t<h2 class=\"elementor-heading-title elementor-size-default\">Higher Sports Technician in Football (in-person and distance)\n\n\n<\/h2>\t\t\t\t<\/div>\n\t\t\t\t<\/div>\n\t\t\t\t<div class=\"elementor-element elementor-element-77281f49 elementor-widget elementor-widget-text-editor\" data-id=\"77281f49\" data-element_type=\"widget\" data-e-type=\"widget\" data-widget_type=\"text-editor.default\">\n\t\t\t\t<div class=\"elementor-widget-container\">\n\t\t\t\t\t\t\t\t\t<h6><strong>Primer Nivel. T\u00e9cnico Deportivo en F\u00fatbol<\/strong><\/h6>\t\t\t\t\t\t\t\t<\/div>\n\t\t\t\t<\/div>\n\t\t\t\t<div class=\"elementor-element elementor-element-edabf9c elementor-invisible elementor-widget elementor-widget-elementskit-accordion\" data-id=\"edabf9c\" data-element_type=\"widget\" data-e-type=\"widget\" data-settings=\"{&quot;_animation&quot;:&quot;fadeInUp&quot;}\" data-widget_type=\"elementskit-accordion.default\">\n\t\t\t\t<div class=\"elementor-widget-container\">\n\t\t\t\t\t<div class=\"ekit-wid-con\" >\n        <div class=\"elementskit-accordion accoedion-primary\" id=\"accordion-69e15a6618cc6\">\n\n            \n                <div class=\"elementskit-card active\">\n                    <div class=\"elementskit-card-header\" id=\"primaryHeading-0-edabf9c\">\n                        <a href=\"#collapse-042b37869e15a6618cc6\" class=\"ekit-accordion--toggler elementskit-btn-link collapsed\" data-ekit-toggle=\"collapse\" data-target=\"#Collapse-042b37869e15a6618cc6\" aria-expanded=\"true\" aria-controls=\"Collapse-042b37869e15a6618cc6\">\n                                                            <div class=\"ekit_accordion_icon_left_group\">\n                                    <div class=\"ekit_accordion_normal_icon\">\n                                        <!-- Normal Icon -->\n                                        <i class=\"mdi mdi-plus\"><\/i>                                    <\/div>\n\n                                    <div class=\"ekit_accordion_active_icon\">\n                                        <!-- Active Icon -->\n\t\t\t\t\t\t\t\t\t\t<i class=\"icofont icofont-minus\"><\/i>                                    <\/div>\n                                <\/div>\n\n                            \n                            <span class=\"ekit-accordion-title\">Goals<\/span>\n\n                            \n                                                    <\/a>\n                    <\/div>\n\n                    <div id=\"Collapse-042b37869e15a6618cc6\" class=\"show collapse\" aria-labelledby=\"primaryHeading-0-edabf9c\" data-parent=\"#accordion-69e15a6618cc6\">\n\n                        <div class=\"elementskit-card-body ekit-accordion--content\">\n                            <h5><strong>Este t\u00e9cnico debe ser capaz de:<\/strong><\/h5><ul><li>Efectuar la programaci\u00f3n espec\u00edfica y la programaci\u00f3n operativa del entrenamiento a medio y largo plazo con vistas a la alta competici\u00f3n.<\/li><li>Dirigir el entrenamiento t\u00e9cnico y t\u00e1ctico con vistas a la alta competici\u00f3n.<\/li><li>Dirigir el acondicionamiento f\u00edsico de futbolistas en funci\u00f3n del rendimiento deportivo.<\/li><li>Realizar el planteamiento t\u00e1ctico aplicable a la competici\u00f3n, en funci\u00f3n del alto rendimiento deportivo.<\/li><li>Dirigir al deportista o al equipo en su actuaci\u00f3n t\u00e9cnica y t\u00e1ctica durante la durante la competici\u00f3n.<\/li><li>Evaluar la actuaci\u00f3n del deportista o el equipo despu\u00e9s de la competici\u00f3n<\/li><li>Valorar el rendimiento de los deportistas o equipos en colaboraci\u00f3n con especialistas de las ciencias del deporte.<\/li><li>Programar la ense\u00f1anza del f\u00fatbol.<\/li><li>Programar la realizaci\u00f3n de la actividad deportivas ligadas al desarrollo del f\u00fatbol.<\/li><li>Planificar y coordinar la actividad de otros t\u00e9cnicos del deporte.<\/li><li>Garantizar la seguridad de los t\u00e9cnicos que dependan de \u00e9l.<\/li><li>Realizar la gesti\u00f3n econ\u00f3mica y administrativa de una peque\u00f1a o mediana empresa.<\/li><li>Colaborar en el dise\u00f1o, planificaci\u00f3n y direcci\u00f3n t\u00e9cnica de competiciones de f\u00fatbol.<\/li><li>Adaptarse a los cambios tecnol\u00f3gicos, organizativos, econ\u00f3micos y sociales que inciden en la actividad profesional.<\/li><\/ul>                        <\/div>\n\n                    <\/div>\n\n                <\/div><!-- .elementskit-card END -->\n\n                \n                <div class=\"elementskit-card\">\n                    <div class=\"elementskit-card-header\" id=\"primaryHeading-1-edabf9c\">\n                        <a href=\"#collapse-fcc8da469e15a6618cc6\" class=\"ekit-accordion--toggler elementskit-btn-link collapsed\" data-ekit-toggle=\"collapse\" data-target=\"#Collapse-fcc8da469e15a6618cc6\" aria-expanded=\"false\" aria-controls=\"Collapse-fcc8da469e15a6618cc6\">\n                                                            <div class=\"ekit_accordion_icon_left_group\">\n                                    <div class=\"ekit_accordion_normal_icon\">\n                                        <!-- Normal Icon -->\n                                        <i class=\"mdi mdi-plus\"><\/i>                                    <\/div>\n\n                                    <div class=\"ekit_accordion_active_icon\">\n                                        <!-- Active Icon -->\n\t\t\t\t\t\t\t\t\t\t<i class=\"icofont icofont-minus\"><\/i>                                    <\/div>\n                                <\/div>\n\n                            \n                            <span class=\"ekit-accordion-title\">Campo profesional<\/span>\n\n                            \n                                                    <\/a>\n                    <\/div>\n\n                    <div id=\"Collapse-fcc8da469e15a6618cc6\" class=\"collapse\" aria-labelledby=\"primaryHeading-1-edabf9c\" data-parent=\"#accordion-69e15a6618cc6\">\n\n                        <div class=\"elementskit-card-body ekit-accordion--content\">\n                            <p>Este t\u00edtulo acredita la adquisici\u00f3n de las competencias profesionales suficientes, para asumir sus responsabilidades de forma aut\u00f3noma o en el seno de un organismo p\u00fablico o empresa privada.<br \/><br \/>Ejercer\u00e1 su actividad en el \u00e1mbito de la ense\u00f1anza y del entrenamiento de futbolistas y la direcci\u00f3n de deportistas y equipos de alto nivel.<br \/><br \/>Se excluye expresamente de su \u00e1mbito de actuaci\u00f3n la ense\u00f1anza y el entrenamiento del f\u00fatbol sala.<br \/><br \/>En el \u00e1rea de gesti\u00f3n deportiva prestando sus servicios en la direcci\u00f3n de departamentos, secciones o escuelas de f\u00fatbol.<br \/><br \/>Los distintos tipos de entidades o empresas donde pueden desarrollar sus funciones son:<\/p><ul><li>Centros de alto rendimiento deportivo.<\/li><li>Centros de tecnificaci\u00f3n deportiva.<\/li><li>Escuelas de f\u00fatbol.<\/li><li>Clubes o asociaciones deportivas.<\/li><li>Federaciones.<\/li><li>Patronatos deportivos.<\/li><li>Empresas de servicios deportivos.<\/li><li>Centros de formaci\u00f3n de t\u00e9cnicos deportivos de f\u00fatbol.<\/li><\/ul>                        <\/div>\n\n                    <\/div>\n\n                <\/div><!-- .elementskit-card END -->\n\n                \n                <div class=\"elementskit-card\">\n                    <div class=\"elementskit-card-header\" id=\"primaryHeading-2-edabf9c\">\n                        <a href=\"#collapse-a25f61e69e15a6618cc6\" class=\"ekit-accordion--toggler elementskit-btn-link collapsed\" data-ekit-toggle=\"collapse\" data-target=\"#Collapse-a25f61e69e15a6618cc6\" aria-expanded=\"false\" aria-controls=\"Collapse-a25f61e69e15a6618cc6\">\n                                                            <div class=\"ekit_accordion_icon_left_group\">\n                                    <div class=\"ekit_accordion_normal_icon\">\n                                        <!-- Normal Icon -->\n                                        <i class=\"mdi mdi-plus\"><\/i>                                    <\/div>\n\n                                    <div class=\"ekit_accordion_active_icon\">\n                                        <!-- Active Icon -->\n\t\t\t\t\t\t\t\t\t\t<i class=\"icofont icofont-minus\"><\/i>                                    <\/div>\n                                <\/div>\n\n                            \n                            <span class=\"ekit-accordion-title\">Training plan<\/span>\n\n                            \n                                                    <\/a>\n                    <\/div>\n\n                    <div id=\"Collapse-a25f61e69e15a6618cc6\" class=\"collapse\" aria-labelledby=\"primaryHeading-2-edabf9c\" data-parent=\"#accordion-69e15a6618cc6\">\n\n                        <div class=\"elementskit-card-body ekit-accordion--content\">\n                            <p><strong>Bloque com\u00fan<\/strong><\/p><ul><li>Biomec\u00e1nica deportiva.<\/li><li>Entrenamiento del alto rendimiento deportivo Fisiolog\u00eda del esfuerzo<\/li><li>Gesti\u00f3n del deporte.<\/li><li>Psicolog\u00eda del alto rendimiento deportivo<\/li><li>Sociolog\u00eda del deporte de alto rendimiento\u00a0<br \/>\u00a0<\/li><\/ul><p><strong>Bloque espec\u00edfico<\/strong><\/p><ul><li>Desarrollo profesional III.<\/li><li>Direcci\u00f3n de equipos III.<\/li><li>Metodolog\u00eda de la ense\u00f1anza y del entrenamiento del f\u00fatbol III.<\/li><li>Preparaci\u00f3n f\u00edsica III.<\/li><li>Reglas del juego III<\/li><li>Seguridad deportiva II.<\/li><li>T\u00e1ctica y sistemas de juego III.<\/li><li>T\u00e9cnica individual y colectiva III.<br \/>\u00a0<\/li><\/ul><p><strong>Bloque complementario.<br \/>Bloque de formaci\u00f3n pr\u00e1ctica.<br \/>Proyecto final.<\/strong><\/p>                        <\/div>\n\n                    <\/div>\n\n                <\/div><!-- .elementskit-card END -->\n\n                \n                <div class=\"elementskit-card\">\n                    <div class=\"elementskit-card-header\" id=\"primaryHeading-3-edabf9c\">\n                        <a href=\"#collapse-417d0ae69e15a6618cc6\" class=\"ekit-accordion--toggler elementskit-btn-link collapsed\" data-ekit-toggle=\"collapse\" data-target=\"#Collapse-417d0ae69e15a6618cc6\" aria-expanded=\"false\" aria-controls=\"Collapse-417d0ae69e15a6618cc6\">\n                                                            <div class=\"ekit_accordion_icon_left_group\">\n                                    <div class=\"ekit_accordion_normal_icon\">\n                                        <!-- Normal Icon -->\n                                        <i class=\"mdi mdi-plus\"><\/i>                                    <\/div>\n\n                                    <div class=\"ekit_accordion_active_icon\">\n                                        <!-- Active Icon -->\n\t\t\t\t\t\t\t\t\t\t<i class=\"icofont icofont-minus\"><\/i>                                    <\/div>\n                                <\/div>\n\n                            \n                            <span class=\"ekit-accordion-title\">Referencia legislativa<\/span>\n\n                            \n                                                    <\/a>\n                    <\/div>\n\n                    <div id=\"Collapse-417d0ae69e15a6618cc6\" class=\"collapse\" aria-labelledby=\"primaryHeading-3-edabf9c\" data-parent=\"#accordion-69e15a6618cc6\">\n\n                        <div class=\"elementskit-card-body ekit-accordion--content\">\n                            <ul><li><a title=\"External link, opens in new window\" href=\"http:\/\/www.boe.es\/boe\/dias\/2006\/05\/04\/pdfs\/A17158-17207.pdf\" rel=\"external\">Ley Org\u00e1nica 2\/2006, de 3 de mayo, de Educaci\u00f3n<\/a>\u00a0<img decoding=\"async\" src=\"http:\/\/www.mecd.gob.es\/docroot\/fckeditor\/images\/smiley\/mepsyd-ico\/ico-internet.gif\" alt=\"\" \/><\/li><\/ul><ul><li><a title=\"External link, opens in new window\" href=\"http:\/\/www.boe.es\/boe\/dias\/2007\/11\/08\/pdfs\/A45945-45960.pdf\" rel=\"external\">Real Decreto 1363\/2007, de 24 de octubre,<\/a>\u00a0<img decoding=\"async\" src=\"http:\/\/www.mecd.gob.es\/docroot\/fckeditor\/images\/smiley\/mepsyd-ico\/ico-internet.gif\" alt=\"\" \/>\u00a0por el que se establece la ordenaci\u00f3n general de las ense\u00f1anzas deportivas de r\u00e9gimen especial.<\/li><li><a title=\"External link, opens in new window\" href=\"http:\/\/www.boe.es\/boe\/dias\/2000\/03\/29\/pdfs\/A13098-13143.pdf\" rel=\"external\">Real Decreto 320\/2000, de 3 de marzo,<\/a>\u00a0<img decoding=\"async\" src=\"http:\/\/www.mecd.gob.es\/docroot\/fckeditor\/images\/smiley\/mepsyd-ico\/ico-internet.gif\" alt=\"\" \/>\u00a0por el que se establecen los t\u00edtulos de T\u00e9cnico Deportivo y T\u00e9cnico Deportivo Superior en las especialidades de F\u00fatbol y F\u00fatbol Sala, se aprueban las correspondientes ense\u00f1anzas m\u00ednimas y se regulan las pruebas y los requisitos de acceso a estas ense\u00f1anzas.<\/li><li><p><a href=\"http:\/\/www.educa.jcyl.es\/es\/resumenbocyl\/orden-edu-966-2005-14-julio-establecen-curriculos-tecnico-d\"><strong>ORDEN EDU\/966\/2005, de 14 de julio, por la que se establecen los curr<\/strong><strong>\u00ed<\/strong><strong>culos de T<\/strong><strong>\u00e9<\/strong><strong>cnico Deportivo y T<\/strong><strong>\u00e9<\/strong><strong>cnico Deportivo Superior en F<\/strong><strong>\u00fa<\/strong><strong>tbol en la Comunidad de Castilla y Le<\/strong><strong>\u00f3<\/strong><strong>n.<\/strong><\/a><\/p><\/li><\/ul>                        <\/div>\n\n                    <\/div>\n\n                <\/div><!-- .elementskit-card END -->\n\n                                        <\/div>\n    <\/div>\t\t\t\t<\/div>\n\t\t\t\t<\/div>\n\t\t\t\t\t<\/div>\n\t\t<\/div>\n\t\t\t\t<div class=\"elementor-column elementor-col-33 elementor-top-column elementor-element elementor-element-6ef09655\" data-id=\"6ef09655\" data-element_type=\"column\" data-e-type=\"column\">\n\t\t\t<div class=\"elementor-widget-wrap elementor-element-populated\">\n\t\t\t\t\t\t<section class=\"elementor-section elementor-inner-section elementor-element elementor-element-58340512 elementor-section-boxed elementor-section-height-default elementor-section-height-default elementor-invisible\" data-id=\"58340512\" data-element_type=\"section\" data-e-type=\"section\" data-settings=\"{&quot;animation&quot;:&quot;fadeInUp&quot;}\">\n\t\t\t\t\t\t<div class=\"elementor-container elementor-column-gap-default\">\n\t\t\t\t\t<div class=\"elementor-column elementor-col-100 elementor-inner-column elementor-element elementor-element-27f3c627\" data-id=\"27f3c627\" data-element_type=\"column\" data-e-type=\"column\" data-settings=\"{&quot;background_background&quot;:&quot;classic&quot;}\">\n\t\t\t<div class=\"elementor-widget-wrap elementor-element-populated\">\n\t\t\t\t\t<div class=\"elementor-background-overlay\"><\/div>\n\t\t\t\t\t\t<div class=\"elementor-element elementor-element-88bc1c5 elementor-widget elementor-widget-heading\" data-id=\"88bc1c5\" data-element_type=\"widget\" data-e-type=\"widget\" data-widget_type=\"heading.default\">\n\t\t\t\t<div class=\"elementor-widget-container\">\n\t\t\t\t\t<h2 class=\"elementor-heading-title elementor-size-default\">Contact information<\/h2>\t\t\t\t<\/div>\n\t\t\t\t<\/div>\n\t\t\t\t<div class=\"elementor-element elementor-element-4de09fb8 elementor-icon-list--layout-traditional elementor-list-item-link-full_width elementor-widget elementor-widget-icon-list\" data-id=\"4de09fb8\" data-element_type=\"widget\" data-e-type=\"widget\" data-widget_type=\"icon-list.default\">\n\t\t\t\t<div class=\"elementor-widget-container\">\n\t\t\t\t\t\t\t<ul class=\"elementor-icon-list-items\">\n\t\t\t\t\t\t\t<li class=\"elementor-icon-list-item\">\n\t\t\t\t\t\t\t\t\t\t<span class=\"elementor-icon-list-text\">Tel.: 947 54 50 06 Fax: 947 54 51 61 info@colegiosangabriel.es<\/span>\n\t\t\t\t\t\t\t\t\t<\/li>\n\t\t\t\t\t\t<\/ul>\n\t\t\t\t\t\t<\/div>\n\t\t\t\t<\/div>\n\t\t\t\t\t<\/div>\n\t\t<\/div>\n\t\t\t\t\t<\/div>\n\t\t<\/section>\n\t\t\t\t<section class=\"elementor-section elementor-inner-section elementor-element elementor-element-36b79950 elementor-section-boxed elementor-section-height-default elementor-section-height-default elementor-invisible\" data-id=\"36b79950\" data-element_type=\"section\" data-e-type=\"section\" data-settings=\"{&quot;animation&quot;:&quot;fadeInUp&quot;}\">\n\t\t\t\t\t\t<div class=\"elementor-container elementor-column-gap-default\">\n\t\t\t\t\t<div class=\"elementor-column elementor-col-100 elementor-inner-column elementor-element elementor-element-7e79fdb3\" data-id=\"7e79fdb3\" data-element_type=\"column\" data-e-type=\"column\">\n\t\t\t<div class=\"elementor-widget-wrap elementor-element-populated\">\n\t\t\t\t\t\t<div class=\"elementor-element elementor-element-2444f40a elementor-widget elementor-widget-heading\" data-id=\"2444f40a\" data-element_type=\"widget\" data-e-type=\"widget\" data-widget_type=\"heading.default\">\n\t\t\t\t<div class=\"elementor-widget-container\">\n\t\t\t\t\t<h2 class=\"elementor-heading-title elementor-size-default\">Documentation of interest<\/h2>\t\t\t\t<\/div>\n\t\t\t\t<\/div>\n\t\t\t\t<div class=\"elementor-element elementor-element-4d54124e elementor-icon-list--layout-traditional elementor-list-item-link-full_width elementor-widget elementor-widget-icon-list\" data-id=\"4d54124e\" data-element_type=\"widget\" data-e-type=\"widget\" data-widget_type=\"icon-list.default\">\n\t\t\t\t<div class=\"elementor-widget-container\">\n\t\t\t\t\t\t\t<ul class=\"elementor-icon-list-items\">\n\t\t\t\t\t\t\t<li class=\"elementor-icon-list-item\">\n\t\t\t\t\t\t\t\t\t\t\t<a href=\"#\">\n\n\t\t\t\t\t\t\t\t\t\t\t\t<span class=\"elementor-icon-list-icon\">\n\t\t\t\t\t\t\t<svg aria-hidden=\"true\" class=\"e-font-icon-svg e-fas-file-pdf\" viewbox=\"0 0 384 512\" xmlns=\"http:\/\/www.w3.org\/2000\/svg\"><path d=\"M181.9 256.1c-5-16-4.9-46.9-2-46.9 8.4 0 7.6 36.9 2 46.9zm-1.7 47.2c-7.7 20.2-17.3 43.3-28.4 62.7 18.3-7 39-17.2 62.9-21.9-12.7-9.6-24.9-23.4-34.5-40.8zM86.1 428.1c0 .8 13.2-5.4 34.9-40.2-6.7 6.3-29.1 24.5-34.9 40.2zM248 160h136v328c0 13.3-10.7 24-24 24H24c-13.3 0-24-10.7-24-24V24C0 10.7 10.7 0 24 0h200v136c0 13.2 10.8 24 24 24zm-8 171.8c-20-12.2-33.3-29-42.7-53.8 4.5-18.5 11.6-46.6 6.2-64.2-4.7-29.4-42.4-26.5-47.8-6.8-5 18.3-.4 44.1 8.1 77-11.6 27.6-28.7 64.6-40.8 85.8-.1 0-.1.1-.2.1-27.1 13.9-73.6 44.5-54.5 68 5.6 6.9 16 10 21.5 10 17.9 0 35.7-18 61.1-61.8 25.8-8.5 54.1-19.1 79-23.2 21.7 11.8 47.1 19.5 64 19.5 29.2 0 31.2-32 19.7-43.4-13.9-13.6-54.3-9.7-73.6-7.2zM377 105L279 7c-4.5-4.5-10.6-7-17-7h-6v128h128v-6.1c0-6.3-2.5-12.4-7-16.9zm-74.1 255.3c4.1-2.7-2.5-11.9-42.8-9 37.1 15.8 42.8 9 42.8 9z\"><\/path><\/svg>\t\t\t\t\t\t<\/span>\n\t\t\t\t\t\t\t\t\t\t<span class=\"elementor-icon-list-text\">Formulario de admisi\u00f3n<\/span>\n\t\t\t\t\t\t\t\t\t\t\t<\/a>\n\t\t\t\t\t\t\t\t\t<\/li>\n\t\t\t\t\t\t<\/ul>\n\t\t\t\t\t\t<\/div>\n\t\t\t\t<\/div>\n\t\t\t\t\t<\/div>\n\t\t<\/div>\n\t\t\t\t\t<\/div>\n\t\t<\/section>\n\t\t\t\t\t<\/div>\n\t\t<\/div>\n\t\t\t\t\t<\/div>\n\t\t<\/section>\n\t\t\t\t<section class=\"elementor-section elementor-top-section elementor-element elementor-element-d316ec3 elementor-section-boxed elementor-section-height-default elementor-section-height-default\" data-id=\"d316ec3\" data-element_type=\"section\" data-e-type=\"section\" data-settings=\"{&quot;background_background&quot;:&quot;classic&quot;}\">\n\t\t\t\t\t\t\t<div class=\"elementor-background-overlay\"><\/div>\n\t\t\t\t\t\t\t<div class=\"elementor-container elementor-column-gap-default\">\n\t\t\t\t\t<div class=\"elementor-column elementor-col-100 elementor-top-column elementor-element elementor-element-5023eaff\" data-id=\"5023eaff\" data-element_type=\"column\" data-e-type=\"column\">\n\t\t\t<div class=\"elementor-widget-wrap elementor-element-populated\">\n\t\t\t\t\t\t<section class=\"elementor-section elementor-inner-section elementor-element elementor-element-6b20b424 elementor-section-boxed elementor-section-height-default elementor-section-height-default\" data-id=\"6b20b424\" data-element_type=\"section\" data-e-type=\"section\">\n\t\t\t\t\t\t<div class=\"elementor-container elementor-column-gap-default\">\n\t\t\t\t\t<div class=\"elementor-column elementor-col-100 elementor-inner-column elementor-element elementor-element-60566767 elementor-invisible\" data-id=\"60566767\" data-element_type=\"column\" data-e-type=\"column\" data-settings=\"{&quot;animation&quot;:&quot;fadeInUp&quot;}\">\n\t\t\t<div class=\"elementor-widget-wrap elementor-element-populated\">\n\t\t\t\t\t\t<div class=\"elementor-element elementor-element-6fa7be70 elementor-widget elementor-widget-heading\" data-id=\"6fa7be70\" data-element_type=\"widget\" data-e-type=\"widget\" data-widget_type=\"heading.default\">\n\t\t\t\t<div class=\"elementor-widget-container\">\n\t\t\t\t\t<h2 class=\"elementor-heading-title elementor-size-default\">Sowing the future together!<\/h2>\t\t\t\t<\/div>\n\t\t\t\t<\/div>\n\t\t\t\t<div class=\"elementor-element elementor-element-3ba60d05 elementor-widget elementor-widget-text-editor\" data-id=\"3ba60d05\" data-element_type=\"widget\" data-e-type=\"widget\" data-widget_type=\"text-editor.default\">\n\t\t\t\t<div class=\"elementor-widget-container\">\n\t\t\t\t\t\t\t\t\t<p>Discover how at Colegio San Gabriel, we are forging the future through learning and collaboration.\u00a0<\/p>\t\t\t\t\t\t\t\t<\/div>\n\t\t\t\t<\/div>\n\t\t\t\t<div class=\"elementor-element elementor-element-4f9fcb36 elementor-widget elementor-widget-button\" data-id=\"4f9fcb36\" data-element_type=\"widget\" data-e-type=\"widget\" data-widget_type=\"button.default\">\n\t\t\t\t<div class=\"elementor-widget-container\">\n\t\t\t\t\t\t\t\t\t<div class=\"elementor-button-wrapper\">\n\t\t\t\t\t<a class=\"elementor-button elementor-button-link elementor-size-sm\" href=\"https:\/\/colegiosangabriel.es\/en\/info-matricula\/\">\n\t\t\t\t\t\t<span class=\"elementor-button-content-wrapper\">\n\t\t\t\t\t\t\t\t\t<span class=\"elementor-button-text\">Ask for information<\/span>\n\t\t\t\t\t<\/span>\n\t\t\t\t\t<\/a>\n\t\t\t\t<\/div>\n\t\t\t\t\t\t\t\t<\/div>\n\t\t\t\t<\/div>\n\t\t\t\t\t<\/div>\n\t\t<\/div>\n\t\t\t\t\t<\/div>\n\t\t<\/section>\n\t\t\t\t\t<\/div>\n\t\t<\/div>\n\t\t\t\t\t<\/div>\n\t\t<\/section>\n\t\t\t\t<\/div>","protected":false},"excerpt":{"rendered":"<p>Centro Integrado de Formaci\u00f3n Profesional San Gabriel &#8211; Escuela de F\u00fatbol T\u00e9cnico Deportivo Superior en F\u00fatbol (presencial y distancia) T\u00e9cnico Deportivo Superior en F\u00fatbol (presencial y distancia) Primer Nivel. T\u00e9cnico Deportivo en F\u00fatbol Objetivos Este t\u00e9cnico debe ser capaz de: Efectuar la programaci\u00f3n espec\u00edfica y la programaci\u00f3n operativa del entrenamiento a medio y largo plazo [&hellip;]<\/p>\n","protected":false},"author":1,"featured_media":0,"parent":0,"menu_order":0,"comment_status":"closed","ping_status":"closed","template":"elementor_header_footer","meta":{"footnotes":""},"class_list":["post-1426","page","type-page","status-publish","hentry"],"_links":{"self":[{"href":"https:\/\/colegiosangabriel.es\/en\/wp-json\/wp\/v2\/pages\/1426","targetHints":{"allow":["GET"]}}],"collection":[{"href":"https:\/\/colegiosangabriel.es\/en\/wp-json\/wp\/v2\/pages"}],"about":[{"href":"https:\/\/colegiosangabriel.es\/en\/wp-json\/wp\/v2\/types\/page"}],"author":[{"embeddable":true,"href":"https:\/\/colegiosangabriel.es\/en\/wp-json\/wp\/v2\/users\/1"}],"replies":[{"embeddable":true,"href":"https:\/\/colegiosangabriel.es\/en\/wp-json\/wp\/v2\/comments?post=1426"}],"version-history":[{"count":19,"href":"https:\/\/colegiosangabriel.es\/en\/wp-json\/wp\/v2\/pages\/1426\/revisions"}],"predecessor-version":[{"id":2812,"href":"https:\/\/colegiosangabriel.es\/en\/wp-json\/wp\/v2\/pages\/1426\/revisions\/2812"}],"wp:attachment":[{"href":"https:\/\/colegiosangabriel.es\/en\/wp-json\/wp\/v2\/media?parent=1426"}],"curies":[{"name":"wp","href":"https:\/\/api.w.org\/{rel}","templated":true}]}}